{"id":40172,"date":"2026-01-02T14:25:48","date_gmt":"2026-01-02T14:25:48","guid":{"rendered":"https:\/\/www.freeshopfrontiera.ch\/shop\/doctor-babor-set-cure-cream\/"},"modified":"2026-02-24T14:33:47","modified_gmt":"2026-02-24T14:33:47","slug":"doctor-babor-set-cure-cream","status":"publish","type":"product","link":"https:\/\/www.freeshopfrontiera.ch\/de\/shop\/doctor-babor-set-cure-cream\/","title":{"rendered":"DOCTOR BABOR SET Cure Cream"},"content":{"rendered":"<p data-start=\"2999\" data-end=\"3081\"><strong data-start=\"2999\" data-end=\"3079\">DOCTOR BABOR Set Cure Cream \u2013 Cream 50 ml + Eye Cream 7 ml + Ampoules 3\u00d72 ml<\/strong><\/p>\n<p data-start=\"3083\" data-end=\"4521\">Das <strong data-start=\"3087\" data-end=\"3118\">DOCTOR BABOR Cure Cream Set<\/strong> ist eine umfassende Hautpflegebehandlung zur Regeneration, Pflege und Wiederherstellung des nat\u00fcrlichen Gleichgewichts der Haut. Es bietet eine intensive Wirkung, ideal f\u00fcr gestresste, trockene Haut oder bei ersten Anzeichen der Hautalterung. Dieses Set kombiniert drei aufeinander abgestimmte Produkte der DOCTOR BABOR Linie mit hochwirksamen Inhaltsstoffen, die den nat\u00fcrlichen Hauterneuerungsprozess unterst\u00fctzen und Ausstrahlung, Elastizit\u00e4t sowie Hautkomfort sichtbar verbessern.<\/p>\n<p data-start=\"3083\" data-end=\"4521\">Die <strong data-start=\"3608\" data-end=\"3622\">Cure Cream<\/strong> (50 ml) wirkt als intensive t\u00e4gliche Pflege, spendet tiefenwirksame Feuchtigkeit und hilft, die Hautbarriere zu st\u00e4rken, sodass die Haut weicher, ebenm\u00e4\u00dfiger und sichtbar revitalisiert erscheint. Die <strong data-start=\"3823\" data-end=\"3836\">Eye Cream<\/strong> (7 ml) wurde speziell f\u00fcr die empfindliche Augenpartie entwickelt und hilft, feine Linien und M\u00fcdigkeitsanzeichen zu gl\u00e4tten sowie Elastizit\u00e4t und Strahlkraft zu verbessern. Die <strong data-start=\"4015\" data-end=\"4051\">konzentrierten Ampullen (3\u00d72 ml)<\/strong> erg\u00e4nzen die Pflege mit einem gezielten Wirkstoff-Boost, der die Hautregeneration unterst\u00fctzt und sofort f\u00fcr ein frischeres und strafferes Hautbild sorgt. Dank der Kombination aus leichten, zugleich n\u00e4hrenden Texturen und leistungsstarken Formeln ist dieses Set die ideale L\u00f6sung f\u00fcr eine intensive regenerierende Pflegeroutine \u2013 perfekt bei saisonalen Ver\u00e4nderungen, Hautstress oder als Komplettbehandlung f\u00fcr eine ausgeglichene, strahlende und gesund aussehende Haut.<\/p>\n<p data-start=\"84\" data-end=\"1507\">Follow us!\u00a0<a href=\"https:\/\/www.instagram.com\/freeshopswiss\/\" target=\"_blank\" rel=\"noopener\">@freeshopswiss<\/a><\/p>\n","protected":false},"excerpt":{"rendered":"<p>Das <strong data-start=\"3087\" data-end=\"3118\">DOCTOR BABOR Cure Cream Set<\/strong> ist eine umfassende Hautpflegebehandlung zur Regeneration.<\/p>\n","protected":false},"featured_media":40168,"comment_status":"open","ping_status":"closed","template":"","meta":[],"pwb-brand":[808],"product_brand":[],"product_cat":[292,111,4200,485],"product_tag":[419,293,462,300,460],"class_list":{"0":"post-40172","1":"product","2":"type-product","3":"status-publish","4":"has-post-thumbnail","6":"pwb-brand-babor","7":"product_cat-behandlungen","8":"product_cat-fur-sie-de","9":"product_cat-behandlungen-aktion","10":"product_cat-geschenkbox","11":"product_tag-behandlungen-de","12":"product_tag-frau","13":"product_tag-geschenkset-fuer-damen","14":"product_tag-gesichtsbehandlungen","15":"product_tag-parfuem-geschenkset","17":"first","18":"instock","19":"sale","20":"taxable","21":"shipping-taxable","22":"purchasable","23":"product-type-simple"},"brands":[{"id":808,"name":"Babor","slug":"babor"}],"_links":{"self":[{"href":"https:\/\/www.freeshopfrontiera.ch\/de\/wp-json\/wp\/v2\/product\/40172","targetHints":{"allow":["GET"]}}],"collection":[{"href":"https:\/\/www.freeshopfrontiera.ch\/de\/wp-json\/wp\/v2\/product"}],"about":[{"href":"https:\/\/www.freeshopfrontiera.ch\/de\/wp-json\/wp\/v2\/types\/product"}],"replies":[{"embeddable":true,"href":"https:\/\/www.freeshopfrontiera.ch\/de\/wp-json\/wp\/v2\/comments?post=40172"}],"version-history":[{"count":1,"href":"https:\/\/www.freeshopfrontiera.ch\/de\/wp-json\/wp\/v2\/product\/40172\/revisions"}],"predecessor-version":[{"id":40178,"href":"https:\/\/www.freeshopfrontiera.ch\/de\/wp-json\/wp\/v2\/product\/40172\/revisions\/40178"}],"wp:featuredmedia":[{"embeddable":true,"href":"https:\/\/www.freeshopfrontiera.ch\/de\/wp-json\/wp\/v2\/media\/40168"}],"wp:attachment":[{"href":"https:\/\/www.freeshopfrontiera.ch\/de\/wp-json\/wp\/v2\/media?parent=40172"}],"wp:term":[{"taxonomy":"pwb-brand","embeddable":true,"href":"https:\/\/www.freeshopfrontiera.ch\/de\/wp-json\/wp\/v2\/pwb-brand?post=40172"},{"taxonomy":"product_brand","embeddable":true,"href":"https:\/\/www.freeshopfrontiera.ch\/de\/wp-json\/wp\/v2\/product_brand?post=40172"},{"taxonomy":"product_cat","embeddable":true,"href":"https:\/\/www.freeshopfrontiera.ch\/de\/wp-json\/wp\/v2\/product_cat?post=40172"},{"taxonomy":"product_tag","embeddable":true,"href":"https:\/\/www.freeshopfrontiera.ch\/de\/wp-json\/wp\/v2\/product_tag?post=40172"}],"curies":[{"name":"wp","href":"https:\/\/api.w.org\/{rel}","templated":true}]}}