{"id":40696,"date":"2026-03-06T10:01:30","date_gmt":"2026-03-06T10:01:30","guid":{"rendered":"https:\/\/www.freeshopfrontiera.ch\/shop\/valentino-born-in-roma-purple-melancholia-uomo\/"},"modified":"2026-03-06T10:53:03","modified_gmt":"2026-03-06T10:53:03","slug":"valentino-born-in-roma-purple-melancholia-uomo","status":"publish","type":"product","link":"https:\/\/www.freeshopfrontiera.ch\/de\/shop\/valentino-born-in-roma-purple-melancholia-uomo\/","title":{"rendered":"VALENTINO Born in Roma Purple Melancholia Uomo"},"content":{"rendered":"<p data-start=\"1115\" data-end=\"1233\"><strong data-start=\"1115\" data-end=\"1231\">Valentino Born in Roma Purple Melancholia Uomo Eau de Toilette 50ml \u2013 Die moderne Intensit\u00e4t der r\u00f6mischen Nacht<\/strong><\/p>\n<p data-start=\"1235\" data-end=\"1740\">Valentino Born in Roma Purple Melancholia Uomo Eau de Toilette ist ein raffinierter und umh\u00fcllender Herrenduft, der die geheimnisvolle und verf\u00fchrerische Energie der N\u00e4chte Roms einf\u00e4ngt. F\u00fcr den zeitgem\u00e4\u00dfen Mann gedacht, selbstbewusst und mit einem markanten Stil, verbindet dieses Parfum Eleganz und Charakter in einer intensiven und modernen Komposition. Der ikonische Flakon der Born-in-Roma-Kollektion zeigt sich in einem tiefen Violett, Symbol f\u00fcr Kreativit\u00e4t, Leidenschaft und rebellischen Geist.<\/p>\n<p data-start=\"1742\" data-end=\"2226\">Der Duft er\u00f6ffnet mit einer lebendigen und w\u00fcrzigen Note von <strong data-start=\"1803\" data-end=\"1824\">schwarzem Pfeffer<\/strong>, die Energie und Dynamik zu Beginn der Komposition verleiht. Im Herzen entfaltet sich die aromatische Raffinesse der <strong data-start=\"1942\" data-end=\"1954\">Lavendel<\/strong>, die Frische und Ausgewogenheit bringt und einen eleganten Kontrast zu den intensiveren Noten schafft. Die Basis wird von der warmen und sinnlichen Tiefe der <strong data-start=\"2113\" data-end=\"2124\">Vanille<\/strong> dominiert, die auf der Haut eine weiche, umh\u00fcllende und unwiderstehlich maskuline Spur hinterl\u00e4sst.<\/p>\n<p data-start=\"583\" data-end=\"1023\">Follow us! <a href=\"https:\/\/www.instagram.com\/freeshopswiss\/\" target=\"_blank\" rel=\"noopener\">@freeshopswiss<\/a><\/p>\n","protected":false},"excerpt":{"rendered":"<p>Valentino Born in Roma Purple Melancholia Uomo Eau de Toilette ist ein raffinierter und umh\u00fcllender Herrenduft, der die geheimnisvolle und verf\u00fchrerische Energie der N\u00e4chte Roms einf\u00e4ngt.<\/p>\n","protected":false},"featured_media":40691,"comment_status":"open","ping_status":"closed","template":"","meta":[],"pwb-brand":[298],"product_brand":[],"product_cat":[84,86,105],"product_tag":[952,147,953,1642,489,487,572],"class_list":{"0":"post-40696","1":"product","2":"type-product","3":"status-publish","4":"has-post-thumbnail","6":"pwb-brand-valentino","7":"product_cat-duefte","8":"product_cat-fur-ihn-de","9":"product_cat-neuheit","10":"product_tag-profumi-de","11":"product_tag-eau-de-toilette-de","12":"product_tag-uomo-de","13":"product_tag-mens-fragrances-de","14":"product_tag-neuheiten-dufte","15":"product_tag-neuigkeiten","16":"product_tag-novita-per-lui-de","18":"first","19":"outofstock","20":"sale","21":"taxable","22":"shipping-taxable","23":"purchasable","24":"product-type-simple"},"brands":[{"id":298,"name":"Valentino","slug":"valentino"}],"_links":{"self":[{"href":"https:\/\/www.freeshopfrontiera.ch\/de\/wp-json\/wp\/v2\/product\/40696","targetHints":{"allow":["GET"]}}],"collection":[{"href":"https:\/\/www.freeshopfrontiera.ch\/de\/wp-json\/wp\/v2\/product"}],"about":[{"href":"https:\/\/www.freeshopfrontiera.ch\/de\/wp-json\/wp\/v2\/types\/product"}],"replies":[{"embeddable":true,"href":"https:\/\/www.freeshopfrontiera.ch\/de\/wp-json\/wp\/v2\/comments?post=40696"}],"version-history":[{"count":1,"href":"https:\/\/www.freeshopfrontiera.ch\/de\/wp-json\/wp\/v2\/product\/40696\/revisions"}],"predecessor-version":[{"id":40699,"href":"https:\/\/www.freeshopfrontiera.ch\/de\/wp-json\/wp\/v2\/product\/40696\/revisions\/40699"}],"wp:featuredmedia":[{"embeddable":true,"href":"https:\/\/www.freeshopfrontiera.ch\/de\/wp-json\/wp\/v2\/media\/40691"}],"wp:attachment":[{"href":"https:\/\/www.freeshopfrontiera.ch\/de\/wp-json\/wp\/v2\/media?parent=40696"}],"wp:term":[{"taxonomy":"pwb-brand","embeddable":true,"href":"https:\/\/www.freeshopfrontiera.ch\/de\/wp-json\/wp\/v2\/pwb-brand?post=40696"},{"taxonomy":"product_brand","embeddable":true,"href":"https:\/\/www.freeshopfrontiera.ch\/de\/wp-json\/wp\/v2\/product_brand?post=40696"},{"taxonomy":"product_cat","embeddable":true,"href":"https:\/\/www.freeshopfrontiera.ch\/de\/wp-json\/wp\/v2\/product_cat?post=40696"},{"taxonomy":"product_tag","embeddable":true,"href":"https:\/\/www.freeshopfrontiera.ch\/de\/wp-json\/wp\/v2\/product_tag?post=40696"}],"curies":[{"name":"wp","href":"https:\/\/api.w.org\/{rel}","templated":true}]}}