{"id":40928,"date":"2026-01-09T12:51:30","date_gmt":"2026-01-09T12:51:30","guid":{"rendered":"https:\/\/www.freeshopfrontiera.ch\/shop\/kundal-set-airy-volume-blossom-breeze\/"},"modified":"2026-03-09T12:57:17","modified_gmt":"2026-03-09T12:57:17","slug":"kundal-set-airy-volume-blossom-breeze","status":"publish","type":"product","link":"https:\/\/www.freeshopfrontiera.ch\/de\/shop\/kundal-set-airy-volume-blossom-breeze\/","title":{"rendered":"KUNDAL SET Airy Volume &#8211; Blossom Breeze"},"content":{"rendered":"<p data-start=\"1636\" data-end=\"1763\"><strong data-start=\"1636\" data-end=\"1763\">KUNDAL Set Airy Volume Hyaluron Shampoo &amp; Treatment Blossom Breeze \u2013 Leichtes Volumen und Feuchtigkeit f\u00fcr strahlendes Haar<\/strong><\/p>\n<p data-start=\"1765\" data-end=\"2150\">Das <strong data-start=\"1769\" data-end=\"1841\">KUNDAL Set Airy Volume Hyaluron Shampoo und Treatment Blossom Breeze<\/strong> ist eine komplette Haarpflegeroutine f\u00fcr alle, die sich volleres, leichteres und intensiv hydratisiertes Haar w\u00fcnschen. Dank Hyalurons\u00e4ure und Inhaltsstoffen nat\u00fcrlichen Ursprungs reinigt dieses Duo die Kopfhaut sanft und pflegt die Haarfaser, ohne sie zu beschweren \u2013 f\u00fcr weiches, luftiges und vitales Haar.<\/p>\n<p data-start=\"2152\" data-end=\"2505\">Das <strong data-start=\"2156\" data-end=\"2188\">Airy Volume Hyaluron Shampoo<\/strong> reinigt das Haar gr\u00fcndlich, entfernt Unreinheiten und Stylingr\u00fcckst\u00e4nde und hilft gleichzeitig, die nat\u00fcrliche Feuchtigkeit des Haares zu bewahren. Die mit Hyalurons\u00e4ure angereicherte Formel unterst\u00fctzt die Feuchtigkeitsbindung, verbessert Elastizit\u00e4t und F\u00fclle und sorgt f\u00fcr sichtbar volleres und gl\u00e4nzenderes Haar.<\/p>\n<p data-start=\"2507\" data-end=\"2760\">Das <strong data-start=\"2511\" data-end=\"2545\">Airy Volume Hyaluron Treatment<\/strong> erg\u00e4nzt die Routine mit einer n\u00e4hrenden und gl\u00e4ttenden Wirkung. Die leichte Textur umh\u00fcllt das Haar, ohne es zu beschweren, erleichtert das Entwirren und macht das Haar geschmeidiger, seidiger und leichter k\u00e4mmbar.<\/p>\n<p data-start=\"2762\" data-end=\"3000\">Der zarte Duft <strong data-start=\"2777\" data-end=\"2795\">Blossom Breeze<\/strong> sorgt f\u00fcr ein frisches und florales Dufterlebnis mit weichen, strahlenden Noten, die an eine Fr\u00fchlingsbrise zwischen bl\u00fchenden Blumen erinnern und dem Haar einen eleganten, langanhaltenden Duft verleihen.<\/p>\n<p data-start=\"3002\" data-end=\"3222\">Perfekt f\u00fcr feines, stumpfes oder volumenarmes Haar. Dieses Set ist ideal f\u00fcr die t\u00e4gliche Anwendung und f\u00fcr alle, die eine Haarpflege suchen, die <strong data-start=\"3149\" data-end=\"3213\">nat\u00fcrliches Volumen, intensive Feuchtigkeit und Leichtigkeit<\/strong> vereint.<\/p>\n<p data-start=\"3224\" data-end=\"3351\">Ein t\u00e4gliches Sch\u00f6nheitsritual, das dem Haar <strong data-start=\"3269\" data-end=\"3341\">F\u00fclle, Leichtigkeit und einen raffinierten Duft bei jeder Haarw\u00e4sche<\/strong> verleiht.<\/p>\n<p>&nbsp;<\/p>\n<p>Follow us! <a href=\"https:\/\/www.instagram.com\/freeshopswiss\/\" target=\"_blank\" rel=\"noopener\">@freeshopswiss<\/a><\/p>\n","protected":false},"excerpt":{"rendered":"<p>Das <strong data-start=\"1769\" data-end=\"1841\">KUNDAL Set Airy Volume Hyaluron Shampoo und Treatment Blossom Breeze<\/strong> ist eine komplette Haarpflegeroutine f\u00fcr alle, die sich volleres, leichteres und intensiv hydratisiertes Haar w\u00fcnschen.<\/p>\n","protected":false},"featured_media":40923,"comment_status":"open","ping_status":"closed","template":"","meta":[],"pwb-brand":[4423],"product_brand":[],"product_cat":[292,111,543,4193],"product_tag":[419,293,420,3612],"class_list":{"0":"post-40928","1":"product","2":"type-product","3":"status-publish","4":"has-post-thumbnail","6":"pwb-brand-kundal","7":"product_cat-behandlungen","8":"product_cat-fur-sie-de","9":"product_cat-haarbehandlung","10":"product_cat-sets-aktion","11":"product_tag-behandlungen-de","12":"product_tag-frau","13":"product_tag-haarbehandlung-de","14":"product_tag-k-beauty-de","16":"first","17":"instock","18":"sale","19":"taxable","20":"shipping-taxable","21":"purchasable","22":"product-type-simple"},"brands":[{"id":4423,"name":"Kundal","slug":"kundal"}],"_links":{"self":[{"href":"https:\/\/www.freeshopfrontiera.ch\/de\/wp-json\/wp\/v2\/product\/40928","targetHints":{"allow":["GET"]}}],"collection":[{"href":"https:\/\/www.freeshopfrontiera.ch\/de\/wp-json\/wp\/v2\/product"}],"about":[{"href":"https:\/\/www.freeshopfrontiera.ch\/de\/wp-json\/wp\/v2\/types\/product"}],"replies":[{"embeddable":true,"href":"https:\/\/www.freeshopfrontiera.ch\/de\/wp-json\/wp\/v2\/comments?post=40928"}],"version-history":[{"count":1,"href":"https:\/\/www.freeshopfrontiera.ch\/de\/wp-json\/wp\/v2\/product\/40928\/revisions"}],"predecessor-version":[{"id":40932,"href":"https:\/\/www.freeshopfrontiera.ch\/de\/wp-json\/wp\/v2\/product\/40928\/revisions\/40932"}],"wp:featuredmedia":[{"embeddable":true,"href":"https:\/\/www.freeshopfrontiera.ch\/de\/wp-json\/wp\/v2\/media\/40923"}],"wp:attachment":[{"href":"https:\/\/www.freeshopfrontiera.ch\/de\/wp-json\/wp\/v2\/media?parent=40928"}],"wp:term":[{"taxonomy":"pwb-brand","embeddable":true,"href":"https:\/\/www.freeshopfrontiera.ch\/de\/wp-json\/wp\/v2\/pwb-brand?post=40928"},{"taxonomy":"product_brand","embeddable":true,"href":"https:\/\/www.freeshopfrontiera.ch\/de\/wp-json\/wp\/v2\/product_brand?post=40928"},{"taxonomy":"product_cat","embeddable":true,"href":"https:\/\/www.freeshopfrontiera.ch\/de\/wp-json\/wp\/v2\/product_cat?post=40928"},{"taxonomy":"product_tag","embeddable":true,"href":"https:\/\/www.freeshopfrontiera.ch\/de\/wp-json\/wp\/v2\/product_tag?post=40928"}],"curies":[{"name":"wp","href":"https:\/\/api.w.org\/{rel}","templated":true}]}}