{"id":40973,"date":"2026-03-09T14:29:40","date_gmt":"2026-03-09T14:29:40","guid":{"rendered":"https:\/\/www.freeshopfrontiera.ch\/shop\/yves-saint-laurent-y-iced-cologne-eau-de-toilette-intense\/"},"modified":"2026-03-09T14:47:39","modified_gmt":"2026-03-09T14:47:39","slug":"yves-saint-laurent-y-iced-cologne-eau-de-toilette-intense","status":"publish","type":"product","link":"https:\/\/www.freeshopfrontiera.ch\/de\/shop\/yves-saint-laurent-y-iced-cologne-eau-de-toilette-intense\/","title":{"rendered":"YVES SAINT LAURENT Y Iced Cologne Eau de Toilette intense"},"content":{"rendered":"<p data-start=\"2570\" data-end=\"2680\"><strong data-start=\"2570\" data-end=\"2680\">Yves Saint Laurent Y Iced Cologne Eau de Toilette Intense \u2013 Fra\u00eecheur glac\u00e9e et \u00e9l\u00e9gance masculine moderne<\/strong><\/p>\n<p data-start=\"2682\" data-end=\"3094\"><strong data-start=\"2682\" data-end=\"2743\">Yves Saint Laurent Y Iced Cologne Eau de Toilette Intense<\/strong> est un parfum masculin \u00e9nergisant et sophistiqu\u00e9 qui r\u00e9interpr\u00e8te la fra\u00eecheur de mani\u00e8re moderne. Faisant partie de la c\u00e9l\u00e8bre ligne Y de Yves Saint Laurent, cette version \u00ab Iced \u00bb exprime un contraste fascinant entre des notes d\u2019agrumes lumineuses et des accords aromatiques intenses, cr\u00e9ant une composition \u00e0 la fois fra\u00eeche, \u00e9l\u00e9gante et affirm\u00e9e.<\/p>\n<p data-start=\"3096\" data-end=\"3397\">L\u2019ouverture du parfum est imm\u00e9diatement vibrante et rafra\u00eechissante gr\u00e2ce \u00e0 des notes de t\u00eate d\u2019agrumes p\u00e9tillantes qui procurent une sensation d\u2019\u00e9nergie pure et dynamique. Cette fra\u00eecheur initiale \u00e9voque l\u2019air froid et cristallin, offrant un impact tonifiant et lumineux d\u00e8s la premi\u00e8re vaporisation.<\/p>\n<p data-start=\"3399\" data-end=\"3666\">Au c\u0153ur de la fragrance apparaissent d\u2019\u00e9l\u00e9gantes notes aromatiques et l\u00e9g\u00e8rement \u00e9pic\u00e9es, qui apportent profondeur et caract\u00e8re \u00e0 la composition. Cet \u00e9quilibre entre fra\u00eecheur et intensit\u00e9 cr\u00e9e un parfum moderne et raffin\u00e9, parfait pour l\u2019homme confiant et dynamique.<\/p>\n<p data-start=\"3668\" data-end=\"3890\" data-is-last-node=\"\" data-is-only-node=\"\">Le fond se d\u00e9veloppe avec des notes bois\u00e9es et sensuelles qui conf\u00e8rent au parfum tenue et sillage masculin \u00e9l\u00e9gant. Le r\u00e9sultat est une fragrance parfaitement \u00e9quilibr\u00e9e qui associe fra\u00eecheur glac\u00e9e et intensit\u00e9 raffin\u00e9e.<\/p>\n<p>Follow us! <a href=\"https:\/\/www.instagram.com\/freeshopswiss\/\" target=\"_blank\" rel=\"noopener\">@freeshopswiss<\/a><\/p>\n","protected":false},"excerpt":{"rendered":"<p><strong data-start=\"2682\" data-end=\"2743\">Yves Saint Laurent Y Iced Cologne Eau de Toilette Intense<\/strong> est un parfum masculin \u00e9nergisant et sophistiqu\u00e9 qui r\u00e9interpr\u00e8te la fra\u00eecheur de mani\u00e8re moderne.<\/p>\n","protected":false},"featured_media":40957,"comment_status":"open","ping_status":"closed","template":"","meta":[],"pwb-brand":[268],"product_brand":[],"product_cat":[84,86],"product_tag":[952,147,953,1642],"class_list":{"0":"post-40973","1":"product","2":"type-product","3":"status-publish","4":"has-post-thumbnail","6":"pwb-brand-yves-saint-laurent","7":"product_cat-duefte","8":"product_cat-fur-ihn-de","9":"product_tag-profumi-de","10":"product_tag-eau-de-toilette-de","11":"product_tag-uomo-de","12":"product_tag-mens-fragrances-de","14":"first","15":"instock","16":"sale","17":"taxable","18":"shipping-taxable","19":"purchasable","20":"product-type-variable","21":"has-default-attributes"},"brands":[{"id":268,"name":"Yves Saint Laurent","slug":"yves-saint-laurent"}],"_links":{"self":[{"href":"https:\/\/www.freeshopfrontiera.ch\/de\/wp-json\/wp\/v2\/product\/40973","targetHints":{"allow":["GET"]}}],"collection":[{"href":"https:\/\/www.freeshopfrontiera.ch\/de\/wp-json\/wp\/v2\/product"}],"about":[{"href":"https:\/\/www.freeshopfrontiera.ch\/de\/wp-json\/wp\/v2\/types\/product"}],"replies":[{"embeddable":true,"href":"https:\/\/www.freeshopfrontiera.ch\/de\/wp-json\/wp\/v2\/comments?post=40973"}],"version-history":[{"count":1,"href":"https:\/\/www.freeshopfrontiera.ch\/de\/wp-json\/wp\/v2\/product\/40973\/revisions"}],"predecessor-version":[{"id":40978,"href":"https:\/\/www.freeshopfrontiera.ch\/de\/wp-json\/wp\/v2\/product\/40973\/revisions\/40978"}],"wp:featuredmedia":[{"embeddable":true,"href":"https:\/\/www.freeshopfrontiera.ch\/de\/wp-json\/wp\/v2\/media\/40957"}],"wp:attachment":[{"href":"https:\/\/www.freeshopfrontiera.ch\/de\/wp-json\/wp\/v2\/media?parent=40973"}],"wp:term":[{"taxonomy":"pwb-brand","embeddable":true,"href":"https:\/\/www.freeshopfrontiera.ch\/de\/wp-json\/wp\/v2\/pwb-brand?post=40973"},{"taxonomy":"product_brand","embeddable":true,"href":"https:\/\/www.freeshopfrontiera.ch\/de\/wp-json\/wp\/v2\/product_brand?post=40973"},{"taxonomy":"product_cat","embeddable":true,"href":"https:\/\/www.freeshopfrontiera.ch\/de\/wp-json\/wp\/v2\/product_cat?post=40973"},{"taxonomy":"product_tag","embeddable":true,"href":"https:\/\/www.freeshopfrontiera.ch\/de\/wp-json\/wp\/v2\/product_tag?post=40973"}],"curies":[{"name":"wp","href":"https:\/\/api.w.org\/{rel}","templated":true}]}}