{"id":41071,"date":"2026-01-10T16:29:21","date_gmt":"2026-01-10T16:29:21","guid":{"rendered":"https:\/\/www.freeshopfrontiera.ch\/shop\/kundal-honeymacadamia-shampoo-500ml\/"},"modified":"2026-03-09T16:41:29","modified_gmt":"2026-03-09T16:41:29","slug":"kundal-honeymacadamia-shampoo-500ml","status":"publish","type":"product","link":"https:\/\/www.freeshopfrontiera.ch\/de\/shop\/kundal-honeymacadamia-shampoo-500ml\/","title":{"rendered":"KUNDAL Honey&#038;Macadamia Shampoo 500ml"},"content":{"rendered":"<p data-start=\"1243\" data-end=\"1358\"><strong data-start=\"1243\" data-end=\"1358\">KUNDAL Honey &amp; Macadamia Shampoo 500ml \u2013 Intensive Pflege und geschmeidiges Haar mit nat\u00fcrlichen Inhaltsstoffen<\/strong><\/p>\n<p data-start=\"1360\" data-end=\"1693\">Das <strong data-start=\"1364\" data-end=\"1406\">KUNDAL Honey &amp; Macadamia Shampoo 500ml<\/strong> ist ein n\u00e4hrendes und sanftes Shampoo, das das Haar gr\u00fcndlich reinigt und gleichzeitig sein nat\u00fcrliches Feuchtigkeitsgleichgewicht bewahrt. Die mit <strong data-start=\"1555\" data-end=\"1580\">Honig und Macadamia\u00f6l<\/strong> angereicherte Formel hilft, die Haarfaser zu pflegen und verleiht dem Haar Geschmeidigkeit, Glanz und Vitalit\u00e4t.<\/p>\n<p data-start=\"1695\" data-end=\"2055\">Dank des <strong data-start=\"1704\" data-end=\"1714\">Honigs<\/strong>, der f\u00fcr seine feuchtigkeitsspendenden und sch\u00fctzenden Eigenschaften bekannt ist, hilft dieses Shampoo, das Haar hydratisiert und strahlend zu halten und Trockenheit sowie Mattheit vorzubeugen. <strong data-start=\"1909\" data-end=\"1924\">Macadamia\u00f6l<\/strong>, reich an N\u00e4hrstoffen und essentiellen Fetts\u00e4uren, st\u00e4rkt und macht das Haar weicher und verbessert Elastizit\u00e4t sowie K\u00e4mmbarkeit.<\/p>\n<p data-start=\"2057\" data-end=\"2333\">Die Formel reinigt die Kopfhaut effektiv, entfernt Unreinheiten, \u00fcbersch\u00fcssigen Talg und Stylingr\u00fcckst\u00e4nde und hinterl\u00e4sst das Haar frisch, sauber und leicht. Gleichzeitig sch\u00fctzt sie die Haarfaser und sorgt daf\u00fcr, dass das Haar mit jeder W\u00e4sche ges\u00fcnder und gl\u00e4nzender wirkt.<\/p>\n<p data-start=\"2335\" data-end=\"2580\">Die reichhaltige, aber sanfte Textur erzeugt einen weichen, angenehmen Schaum, der das Haar umh\u00fcllt und jede Haarw\u00e4sche zu einem Moment der Pflege und des Wohlbefindens macht. Das Ergebnis ist <strong data-start=\"2528\" data-end=\"2579\">weiches, gen\u00e4hrtes und sichtbar ges\u00fcnderes Haar<\/strong>.<\/p>\n<p>&nbsp;<\/p>\n<p>Follow us! <a href=\"https:\/\/www.instagram.com\/freeshopswiss\/\" target=\"_blank\" rel=\"noopener\">@freeshopswiss<\/a><\/p>\n","protected":false},"excerpt":{"rendered":"<p>Das <strong data-start=\"1364\" data-end=\"1406\">KUNDAL Honey &amp; Macadamia Shampoo 500ml<\/strong> ist ein n\u00e4hrendes und sanftes Shampoo, das das Haar gr\u00fcndlich reinigt und gleichzeitig sein nat\u00fcrliches Feuchtigkeitsgleichgewicht bewahrt.<\/p>\n","protected":false},"featured_media":41017,"comment_status":"open","ping_status":"closed","template":"","meta":[],"pwb-brand":[4423],"product_brand":[],"product_cat":[292,86,111,543],"product_tag":[419,293,420,953],"class_list":{"0":"post-41071","1":"product","2":"type-product","3":"status-publish","4":"has-post-thumbnail","6":"pwb-brand-kundal","7":"product_cat-behandlungen","8":"product_cat-fur-ihn-de","9":"product_cat-fur-sie-de","10":"product_cat-haarbehandlung","11":"product_tag-behandlungen-de","12":"product_tag-frau","13":"product_tag-haarbehandlung-de","14":"product_tag-uomo-de","16":"first","17":"instock","18":"sale","19":"taxable","20":"shipping-taxable","21":"purchasable","22":"product-type-variable","23":"has-default-attributes"},"brands":[{"id":4423,"name":"Kundal","slug":"kundal"}],"_links":{"self":[{"href":"https:\/\/www.freeshopfrontiera.ch\/de\/wp-json\/wp\/v2\/product\/41071","targetHints":{"allow":["GET"]}}],"collection":[{"href":"https:\/\/www.freeshopfrontiera.ch\/de\/wp-json\/wp\/v2\/product"}],"about":[{"href":"https:\/\/www.freeshopfrontiera.ch\/de\/wp-json\/wp\/v2\/types\/product"}],"replies":[{"embeddable":true,"href":"https:\/\/www.freeshopfrontiera.ch\/de\/wp-json\/wp\/v2\/comments?post=41071"}],"version-history":[{"count":1,"href":"https:\/\/www.freeshopfrontiera.ch\/de\/wp-json\/wp\/v2\/product\/41071\/revisions"}],"predecessor-version":[{"id":41076,"href":"https:\/\/www.freeshopfrontiera.ch\/de\/wp-json\/wp\/v2\/product\/41071\/revisions\/41076"}],"wp:featuredmedia":[{"embeddable":true,"href":"https:\/\/www.freeshopfrontiera.ch\/de\/wp-json\/wp\/v2\/media\/41017"}],"wp:attachment":[{"href":"https:\/\/www.freeshopfrontiera.ch\/de\/wp-json\/wp\/v2\/media?parent=41071"}],"wp:term":[{"taxonomy":"pwb-brand","embeddable":true,"href":"https:\/\/www.freeshopfrontiera.ch\/de\/wp-json\/wp\/v2\/pwb-brand?post=41071"},{"taxonomy":"product_brand","embeddable":true,"href":"https:\/\/www.freeshopfrontiera.ch\/de\/wp-json\/wp\/v2\/product_brand?post=41071"},{"taxonomy":"product_cat","embeddable":true,"href":"https:\/\/www.freeshopfrontiera.ch\/de\/wp-json\/wp\/v2\/product_cat?post=41071"},{"taxonomy":"product_tag","embeddable":true,"href":"https:\/\/www.freeshopfrontiera.ch\/de\/wp-json\/wp\/v2\/product_tag?post=41071"}],"curies":[{"name":"wp","href":"https:\/\/api.w.org\/{rel}","templated":true}]}}