{"id":41110,"date":"2026-01-09T17:02:01","date_gmt":"2026-01-09T17:02:01","guid":{"rendered":"https:\/\/www.freeshopfrontiera.ch\/shop\/kundal-shea-butter-macadamia-pure-hand-cream-50ml\/"},"modified":"2026-03-10T08:11:19","modified_gmt":"2026-03-10T08:11:19","slug":"kundal-shea-butter-macadamia-pure-hand-cream-50ml","status":"publish","type":"product","link":"https:\/\/www.freeshopfrontiera.ch\/de\/shop\/kundal-shea-butter-macadamia-pure-hand-cream-50ml\/","title":{"rendered":"KUNDAL Shea Butter &#038; Macadamia Pure Hand Cream 50ml"},"content":{"rendered":"<p data-start=\"898\" data-end=\"1003\"><strong data-start=\"898\" data-end=\"1003\">KUNDAL Shea Butter &amp; Macadamia Pure Handcreme 50ml \u2013 Intensive Pflege f\u00fcr weiche und gesch\u00fctzte H\u00e4nde<\/strong><\/p>\n<p data-start=\"1005\" data-end=\"1330\">Die KUNDAL Shea Butter &amp; Macadamia Pure Handcreme 50ml ist eine reichhaltige Handcreme, die speziell entwickelt wurde, um trockene und beanspruchte H\u00e4nde intensiv zu pflegen. Die Formel mit Sheabutter und Macadamia\u00f6l spendet der Haut tiefenwirksame Feuchtigkeit und hilft gleichzeitig, sie vor \u00e4u\u00dferen Einfl\u00fcssen zu sch\u00fctzen.<\/p>\n<p data-start=\"1332\" data-end=\"1595\">Sheabutter ist bekannt f\u00fcr ihre regenerierenden und feuchtigkeitsspendenden Eigenschaften, w\u00e4hrend Macadamia\u00f6l die Haut gl\u00e4ttet, n\u00e4hrt und ihre Elastizit\u00e4t verbessert. Gemeinsam bilden sie eine sch\u00fctzende Barriere, die Trockenheit, Rissen und rauer Haut vorbeugt.<\/p>\n<p data-start=\"1597\" data-end=\"1802\">Die Creme zieht schnell ein, ohne einen fettigen Film zu hinterlassen, und sorgt sofort f\u00fcr ein angenehmes Hautgef\u00fchl. Perfekt f\u00fcr die t\u00e4gliche Anwendung \u2013 f\u00fcr sichtbar gepflegte, weiche und samtige H\u00e4nde.<\/p>\n<p data-start=\"668\" data-end=\"928\" data-is-last-node=\"\" data-is-only-node=\"\">Follow us!\u00a0<a href=\"https:\/\/www.instagram.com\/freeshopswiss\/\" target=\"_blank\" rel=\"noopener\">@freeshopswiss<\/a><\/p>\n","protected":false},"excerpt":{"rendered":"<p>Die KUNDAL Shea Butter &amp; Macadamia Pure Handcreme 50ml ist eine reichhaltige Handcreme, die speziell entwickelt wurde, um trockene und beanspruchte H\u00e4nde intensiv zu pflegen.<\/p>\n","protected":false},"featured_media":41082,"comment_status":"open","ping_status":"closed","template":"","meta":[],"pwb-brand":[4423],"product_brand":[],"product_cat":[292,111,546],"product_tag":[419,293,300,294],"class_list":{"0":"post-41110","1":"product","2":"type-product","3":"status-publish","4":"has-post-thumbnail","6":"pwb-brand-kundal","7":"product_cat-behandlungen","8":"product_cat-fur-sie-de","9":"product_cat-gesichtsbehandlung","10":"product_tag-behandlungen-de","11":"product_tag-frau","12":"product_tag-gesichtsbehandlungen","13":"product_tag-korpercreme","15":"first","16":"instock","17":"sale","18":"taxable","19":"shipping-taxable","20":"purchasable","21":"product-type-variable"},"brands":[{"id":4423,"name":"Kundal","slug":"kundal"}],"_links":{"self":[{"href":"https:\/\/www.freeshopfrontiera.ch\/de\/wp-json\/wp\/v2\/product\/41110","targetHints":{"allow":["GET"]}}],"collection":[{"href":"https:\/\/www.freeshopfrontiera.ch\/de\/wp-json\/wp\/v2\/product"}],"about":[{"href":"https:\/\/www.freeshopfrontiera.ch\/de\/wp-json\/wp\/v2\/types\/product"}],"replies":[{"embeddable":true,"href":"https:\/\/www.freeshopfrontiera.ch\/de\/wp-json\/wp\/v2\/comments?post=41110"}],"version-history":[{"count":1,"href":"https:\/\/www.freeshopfrontiera.ch\/de\/wp-json\/wp\/v2\/product\/41110\/revisions"}],"predecessor-version":[{"id":41116,"href":"https:\/\/www.freeshopfrontiera.ch\/de\/wp-json\/wp\/v2\/product\/41110\/revisions\/41116"}],"wp:featuredmedia":[{"embeddable":true,"href":"https:\/\/www.freeshopfrontiera.ch\/de\/wp-json\/wp\/v2\/media\/41082"}],"wp:attachment":[{"href":"https:\/\/www.freeshopfrontiera.ch\/de\/wp-json\/wp\/v2\/media?parent=41110"}],"wp:term":[{"taxonomy":"pwb-brand","embeddable":true,"href":"https:\/\/www.freeshopfrontiera.ch\/de\/wp-json\/wp\/v2\/pwb-brand?post=41110"},{"taxonomy":"product_brand","embeddable":true,"href":"https:\/\/www.freeshopfrontiera.ch\/de\/wp-json\/wp\/v2\/product_brand?post=41110"},{"taxonomy":"product_cat","embeddable":true,"href":"https:\/\/www.freeshopfrontiera.ch\/de\/wp-json\/wp\/v2\/product_cat?post=41110"},{"taxonomy":"product_tag","embeddable":true,"href":"https:\/\/www.freeshopfrontiera.ch\/de\/wp-json\/wp\/v2\/product_tag?post=41110"}],"curies":[{"name":"wp","href":"https:\/\/api.w.org\/{rel}","templated":true}]}}