{"id":41162,"date":"2026-03-10T11:02:19","date_gmt":"2026-03-10T11:02:19","guid":{"rendered":"https:\/\/www.freeshopfrontiera.ch\/shop\/kundal-tea-tree-macadamia-shampoo-500ml-white-musk\/"},"modified":"2026-03-10T11:04:32","modified_gmt":"2026-03-10T11:04:32","slug":"kundal-tea-tree-macadamia-shampoo-500ml-white-musk","status":"publish","type":"product","link":"https:\/\/www.freeshopfrontiera.ch\/de\/shop\/kundal-tea-tree-macadamia-shampoo-500ml-white-musk\/","title":{"rendered":"KUNDAL Tea Tree &#038; Macadamia Shampoo 500ml &#8211; White Musk"},"content":{"rendered":"<p data-start=\"2268\" data-end=\"2404\"><strong data-start=\"2268\" data-end=\"2404\">KUNDAL Tea Tree &amp; Macadamia Shampoo 500ml \u2013 White Musk | Reinigendes und Feuchtigkeitsspendendes Shampoo f\u00fcr Frisches, Leichtes Haar<\/strong><\/p>\n<p data-start=\"2406\" data-end=\"2774\">Das KUNDAL Tea Tree &amp; Macadamia Shampoo 500ml in der Duftvariante White Musk ist ein sanftes, aber wirksames Shampoo, das entwickelt wurde, um die Kopfhaut gr\u00fcndlich zu reinigen und gleichzeitig das Haar frisch, weich und leicht zu halten. Angereichert mit Teebaumextrakt und Macadamia\u00f6l hilft diese Formel, die Kopfhaut zu regulieren und das Haar intensiv zu pflegen.<\/p>\n<p data-start=\"2776\" data-end=\"3093\">Teebaumextrakt ist bekannt f\u00fcr seine reinigenden und erfrischenden Eigenschaften und tr\u00e4gt dazu bei, die Kopfhaut sauber und ausgeglichen zu halten. Macadamia\u00f6l, reich an essentiellen Fetts\u00e4uren und N\u00e4hrstoffen, n\u00e4hrt das Haar tiefenwirksam und verbessert seine Geschmeidigkeit und Elastizit\u00e4t, ohne es zu beschweren.<\/p>\n<p data-start=\"3095\" data-end=\"3307\">Der weiche Schaum entfernt sanft Unreinheiten und Stylingr\u00fcckst\u00e4nde und hinterl\u00e4sst das Haar sauber, gl\u00e4nzend und leicht k\u00e4mmbar. Der elegante <strong data-start=\"3238\" data-end=\"3252\">White Musk<\/strong> Duft sorgt f\u00fcr eine angenehme, langanhaltende Frische.<\/p>\n<p data-start=\"3309\" data-end=\"3426\">Ideal f\u00fcr die t\u00e4gliche Anwendung und perfekt f\u00fcr alle, die leichtes, gepflegtes und angenehm duftendes Haar w\u00fcnschen.<\/p>\n<p data-start=\"1078\" data-end=\"1201\">Follow us! <a href=\"https:\/\/www.instagram.com\/freeshopswiss\/\" target=\"_blank\" rel=\"noopener\">@freeshopswiss<\/a><\/p>\n","protected":false},"excerpt":{"rendered":"<p>Das KUNDAL Tea Tree &amp; Macadamia Shampoo 500ml in der Duftvariante White Musk ist ein sanftes, aber wirksames Shampoo<\/p>\n","protected":false},"featured_media":41157,"comment_status":"open","ping_status":"closed","template":"","meta":[],"pwb-brand":[4423],"product_brand":[],"product_cat":[292,111,543],"product_tag":[419,293,420,953],"class_list":{"0":"post-41162","1":"product","2":"type-product","3":"status-publish","4":"has-post-thumbnail","6":"pwb-brand-kundal","7":"product_cat-behandlungen","8":"product_cat-fur-sie-de","9":"product_cat-haarbehandlung","10":"product_tag-behandlungen-de","11":"product_tag-frau","12":"product_tag-haarbehandlung-de","13":"product_tag-uomo-de","15":"first","16":"instock","17":"sale","18":"taxable","19":"shipping-taxable","20":"purchasable","21":"product-type-simple"},"brands":[{"id":4423,"name":"Kundal","slug":"kundal"}],"_links":{"self":[{"href":"https:\/\/www.freeshopfrontiera.ch\/de\/wp-json\/wp\/v2\/product\/41162","targetHints":{"allow":["GET"]}}],"collection":[{"href":"https:\/\/www.freeshopfrontiera.ch\/de\/wp-json\/wp\/v2\/product"}],"about":[{"href":"https:\/\/www.freeshopfrontiera.ch\/de\/wp-json\/wp\/v2\/types\/product"}],"replies":[{"embeddable":true,"href":"https:\/\/www.freeshopfrontiera.ch\/de\/wp-json\/wp\/v2\/comments?post=41162"}],"version-history":[{"count":1,"href":"https:\/\/www.freeshopfrontiera.ch\/de\/wp-json\/wp\/v2\/product\/41162\/revisions"}],"predecessor-version":[{"id":41164,"href":"https:\/\/www.freeshopfrontiera.ch\/de\/wp-json\/wp\/v2\/product\/41162\/revisions\/41164"}],"wp:featuredmedia":[{"embeddable":true,"href":"https:\/\/www.freeshopfrontiera.ch\/de\/wp-json\/wp\/v2\/media\/41157"}],"wp:attachment":[{"href":"https:\/\/www.freeshopfrontiera.ch\/de\/wp-json\/wp\/v2\/media?parent=41162"}],"wp:term":[{"taxonomy":"pwb-brand","embeddable":true,"href":"https:\/\/www.freeshopfrontiera.ch\/de\/wp-json\/wp\/v2\/pwb-brand?post=41162"},{"taxonomy":"product_brand","embeddable":true,"href":"https:\/\/www.freeshopfrontiera.ch\/de\/wp-json\/wp\/v2\/product_brand?post=41162"},{"taxonomy":"product_cat","embeddable":true,"href":"https:\/\/www.freeshopfrontiera.ch\/de\/wp-json\/wp\/v2\/product_cat?post=41162"},{"taxonomy":"product_tag","embeddable":true,"href":"https:\/\/www.freeshopfrontiera.ch\/de\/wp-json\/wp\/v2\/product_tag?post=41162"}],"curies":[{"name":"wp","href":"https:\/\/api.w.org\/{rel}","templated":true}]}}