{"id":41341,"date":"2026-01-10T11:47:01","date_gmt":"2026-01-10T11:47:01","guid":{"rendered":"https:\/\/www.freeshopfrontiera.ch\/shop\/clinique-all-about-eyes\/"},"modified":"2026-03-20T11:50:35","modified_gmt":"2026-03-20T11:50:35","slug":"clinique-all-about-eyes","status":"publish","type":"product","link":"https:\/\/www.freeshopfrontiera.ch\/de\/shop\/clinique-all-about-eyes\/","title":{"rendered":"CLINIQUE All About Eyes"},"content":{"rendered":"<p data-start=\"947\" data-end=\"1045\"><strong data-start=\"947\" data-end=\"1045\">Clinique All About Eyes \u2013 Feuchtigkeitsspendende Augenpflege gegen Schwellungen und Augenringe<\/strong><\/p>\n<p data-start=\"1047\" data-end=\"1880\">Clinique All About Eyes ist eine ikonische Pflege, die speziell f\u00fcr die empfindliche Augenpartie entwickelt wurde und f\u00fcr einen frischeren, strahlenderen und erholten Blick sorgt. Die leichte Gel-Creme-Textur zieht schnell ein, ohne zu fetten, und spendet intensive sowie langanhaltende Feuchtigkeit, sodass die Haut den ganzen Tag weich und geschmeidig bleibt.<\/p>\n<p data-start=\"1047\" data-end=\"1880\">Die Formel hilft, Schwellungen und Augenringe sichtbar zu reduzieren, mindert Anzeichen von M\u00fcdigkeit und verbessert das gesamte Erscheinungsbild der Augenpartie. Zudem bildet sie eine ideale Grundlage f\u00fcr Make-up und sorgt f\u00fcr eine bessere Haltbarkeit und ein ebenm\u00e4\u00dfigeres Ergebnis. F\u00fcr alle Hauttypen geeignet, auch f\u00fcr empfindliche Haut, ist diese Augenpflege ein unverzichtbarer Bestandteil der t\u00e4glichen Pflegeroutine f\u00fcr einen jugendlicheren und erfrischten Blick.<\/p>\n<p data-start=\"78\" data-end=\"921\" data-is-last-node=\"\" data-is-only-node=\"\">Follow us! <a href=\"https:\/\/www.instagram.com\/freeshopswiss\/\" target=\"_blank\" rel=\"noopener\">@freeshopswiss<\/a><\/p>\n","protected":false},"excerpt":{"rendered":"<p>Clinique All About Eyes ist eine ikonische Pflege, die speziell f\u00fcr die empfindliche Augenpartie entwickelt wurde und f\u00fcr einen frischeren, strahlenderen und erholten Blick sorgt.<\/p>\n","protected":false},"featured_media":41326,"comment_status":"open","ping_status":"closed","template":"","meta":[],"pwb-brand":[372],"product_brand":[],"product_cat":[292,111,549],"product_tag":[478,419,5077,293,5051],"class_list":{"0":"post-41341","1":"product","2":"type-product","3":"status-publish","4":"has-post-thumbnail","6":"pwb-brand-clinique","7":"product_cat-behandlungen","8":"product_cat-fur-sie-de","9":"product_cat-augenpflegebehandlung","10":"product_tag-augenbehandlungen","11":"product_tag-behandlungen-de","12":"product_tag-behandlungen-und-make-up-zum-muttertag","13":"product_tag-frau","14":"product_tag-muttertag","16":"first","17":"instock","18":"sale","19":"taxable","20":"shipping-taxable","21":"purchasable","22":"product-type-variable"},"brands":[{"id":372,"name":"Clinique","slug":"clinique"}],"_links":{"self":[{"href":"https:\/\/www.freeshopfrontiera.ch\/de\/wp-json\/wp\/v2\/product\/41341","targetHints":{"allow":["GET"]}}],"collection":[{"href":"https:\/\/www.freeshopfrontiera.ch\/de\/wp-json\/wp\/v2\/product"}],"about":[{"href":"https:\/\/www.freeshopfrontiera.ch\/de\/wp-json\/wp\/v2\/types\/product"}],"replies":[{"embeddable":true,"href":"https:\/\/www.freeshopfrontiera.ch\/de\/wp-json\/wp\/v2\/comments?post=41341"}],"version-history":[{"count":2,"href":"https:\/\/www.freeshopfrontiera.ch\/de\/wp-json\/wp\/v2\/product\/41341\/revisions"}],"predecessor-version":[{"id":41348,"href":"https:\/\/www.freeshopfrontiera.ch\/de\/wp-json\/wp\/v2\/product\/41341\/revisions\/41348"}],"wp:featuredmedia":[{"embeddable":true,"href":"https:\/\/www.freeshopfrontiera.ch\/de\/wp-json\/wp\/v2\/media\/41326"}],"wp:attachment":[{"href":"https:\/\/www.freeshopfrontiera.ch\/de\/wp-json\/wp\/v2\/media?parent=41341"}],"wp:term":[{"taxonomy":"pwb-brand","embeddable":true,"href":"https:\/\/www.freeshopfrontiera.ch\/de\/wp-json\/wp\/v2\/pwb-brand?post=41341"},{"taxonomy":"product_brand","embeddable":true,"href":"https:\/\/www.freeshopfrontiera.ch\/de\/wp-json\/wp\/v2\/product_brand?post=41341"},{"taxonomy":"product_cat","embeddable":true,"href":"https:\/\/www.freeshopfrontiera.ch\/de\/wp-json\/wp\/v2\/product_cat?post=41341"},{"taxonomy":"product_tag","embeddable":true,"href":"https:\/\/www.freeshopfrontiera.ch\/de\/wp-json\/wp\/v2\/product_tag?post=41341"}],"curies":[{"name":"wp","href":"https:\/\/api.w.org\/{rel}","templated":true}]}}