{"id":41417,"date":"2026-03-23T13:55:18","date_gmt":"2026-03-23T13:55:18","guid":{"rendered":"https:\/\/www.freeshopfrontiera.ch\/shop\/issey-miyake-lumiere-dissey\/"},"modified":"2026-03-23T14:05:03","modified_gmt":"2026-03-23T14:05:03","slug":"issey-miyake-lumiere-dissey","status":"publish","type":"product","link":"https:\/\/www.freeshopfrontiera.ch\/de\/shop\/issey-miyake-lumiere-dissey\/","title":{"rendered":"ISSEY MIYAKE Lumiere d&#8217;Issey"},"content":{"rendered":"<section class=\"text-token-text-primary w-full focus:outline-none [--shadow-height:45px] has-data-writing-block:pointer-events-none has-data-writing-block:-mt-(--shadow-height) has-data-writing-block:pt-(--shadow-height) [&amp;:has([data-writing-block])&gt;*]:pointer-events-auto scroll-mt-(--header-height)\" dir=\"auto\" data-turn-id=\"0b58ea44-6d31-44cd-8d26-7907552b9692\" data-testid=\"conversation-turn-29\" data-scroll-anchor=\"false\" data-turn=\"user\"><\/section>\n<section class=\"text-token-text-primary w-full focus:outline-none [--shadow-height:45px] has-data-writing-block:pointer-events-none has-data-writing-block:-mt-(--shadow-height) has-data-writing-block:pt-(--shadow-height) [&amp;:has([data-writing-block])&gt;*]:pointer-events-auto scroll-mt-[calc(var(--header-height)+min(200px,max(70px,20svh)))]\" dir=\"auto\" data-turn-id=\"request-WEB:5c877faa-8bc1-470d-ba00-de1cadaa37ee-14\" data-testid=\"conversation-turn-30\" data-scroll-anchor=\"true\" data-turn=\"assistant\">\n<div class=\"text-base my-auto mx-auto pb-10 [--thread-content-margin:var(--thread-content-margin-xs,calc(var(--spacing)*4))] @w-sm\/main:[--thread-content-margin:var(--thread-content-margin-sm,calc(var(--spacing)*6))] @w-lg\/main:[--thread-content-margin:var(--thread-content-margin-lg,calc(var(--spacing)*16))] px-(--thread-content-margin)\">\n<div class=\"[--thread-content-max-width:40rem] @w-lg\/main:[--thread-content-max-width:48rem] mx-auto max-w-(--thread-content-max-width) flex-1 group\/turn-messages focus-visible:outline-hidden relative flex w-full min-w-0 flex-col agent-turn\">\n<div class=\"flex max-w-full flex-col gap-4 grow\">\n<div class=\"min-h-8 text-message relative flex w-full flex-col items-end gap-2 text-start break-words whitespace-normal outline-none keyboard-focused:focus-ring [.text-message+&amp;]:mt-1\" dir=\"auto\" tabindex=\"0\" data-message-author-role=\"assistant\" data-message-id=\"120544d5-0cf7-4e16-9bfb-0b08f1f49c93\" data-message-model-slug=\"gpt-5-3\" data-turn-start-message=\"true\">\n<div class=\"flex w-full flex-col gap-1 empty:hidden\">\n<div class=\"markdown prose dark:prose-invert w-full wrap-break-word light markdown-new-styling\">\n<p data-start=\"1168\" data-end=\"1268\"><strong data-start=\"1168\" data-end=\"1268\">ISSEY MIYAKE Lumi\u00e8re d\u2019Issey Eau de Parfum \u2013 Ein Leuchtender, Eleganter und Sinnlicher Damenduft<\/strong><\/p>\n<p data-start=\"1270\" data-end=\"1608\">Entdecken Sie Lumi\u00e8re d\u2019Issey von Issey Miyake, einen Damenduft, der die Reinheit des Lichts einf\u00e4ngt und in ein raffiniertes und umh\u00fcllendes Dufterlebnis verwandelt. Inspiriert vom Zusammenspiel von Licht und Wasser verk\u00f6rpert diese Komposition eine zarte, aber zugleich intensive Eleganz \u2013 ideal f\u00fcr die moderne und anspruchsvolle Frau.<\/p>\n<p data-start=\"1610\" data-end=\"2067\">Die Kopfnote \u00fcberzeugt mit frischen und strahlenden Nuancen, gepr\u00e4gt von zitrischen und aquatischen Akzenten, die sofort Vitalit\u00e4t und Leichtigkeit verleihen. Im Herzen entfalten sich elegante florale Noten, in denen weisse Bl\u00fcten und feine Facetten ein harmonisches und feminines Bouquet bilden. Die Basis entwickelt sich mit warmen und umh\u00fcllenden Noten aus weichen H\u00f6lzern und moschusartigen Akkorden, die Tiefe und eine langanhaltende Duftspur schenken.<\/p>\n<p data-start=\"2069\" data-end=\"2341\">Lumi\u00e8re d\u2019Issey ist ein vielseitiger Duft, ideal f\u00fcr den Alltag und zugleich perfekt f\u00fcr besondere Anl\u00e4sse, dank seines ausgewogenen Spiels zwischen Frische und Sinnlichkeit. Er verk\u00f6rpert einen minimalistischen, reinen und eleganten Stil \u2013 ganz im Sinne von Issey Miyake.<\/p>\n<\/div>\n<p data-start=\"842\" data-end=\"1091\">Follow us! <a href=\"https:\/\/www.instagram.com\/freeshopswiss\/\" target=\"_blank\" rel=\"noopener\">@freeshopswiss<\/a><\/p>\n<\/div>\n<\/div>\n<\/div>\n<\/div>\n<\/div>\n<\/section>\n","protected":false},"excerpt":{"rendered":"<p>Entdecken Sie Lumi\u00e8re d\u2019Issey von Issey Miyake, einen Damenduft, der die Reinheit des Lichts einf\u00e4ngt und in ein raffiniertes und umh\u00fcllendes Dufterlebnis verwandelt.<\/p>\n","protected":false},"featured_media":41396,"comment_status":"open","ping_status":"closed","template":"","meta":[],"pwb-brand":[439],"product_brand":[],"product_cat":[84,111,105],"product_tag":[790,952,254,293,5051,5073],"class_list":{"0":"post-41417","1":"product","2":"type-product","3":"status-publish","4":"has-post-thumbnail","6":"pwb-brand-issey-miyake","7":"product_cat-duefte","8":"product_cat-fur-sie-de","9":"product_cat-neuheit","10":"product_tag-womens-fragrances-de","11":"product_tag-profumi-de","12":"product_tag-eau-de-parfum-de","13":"product_tag-frau","14":"product_tag-muttertag","15":"product_tag-muttertags-parfums","17":"first","18":"instock","19":"sale","20":"taxable","21":"shipping-taxable","22":"purchasable","23":"product-type-variable","24":"has-default-attributes"},"brands":[{"id":439,"name":"Issey Miyake","slug":"issey-miyake"}],"_links":{"self":[{"href":"https:\/\/www.freeshopfrontiera.ch\/de\/wp-json\/wp\/v2\/product\/41417","targetHints":{"allow":["GET"]}}],"collection":[{"href":"https:\/\/www.freeshopfrontiera.ch\/de\/wp-json\/wp\/v2\/product"}],"about":[{"href":"https:\/\/www.freeshopfrontiera.ch\/de\/wp-json\/wp\/v2\/types\/product"}],"replies":[{"embeddable":true,"href":"https:\/\/www.freeshopfrontiera.ch\/de\/wp-json\/wp\/v2\/comments?post=41417"}],"version-history":[{"count":1,"href":"https:\/\/www.freeshopfrontiera.ch\/de\/wp-json\/wp\/v2\/product\/41417\/revisions"}],"predecessor-version":[{"id":41422,"href":"https:\/\/www.freeshopfrontiera.ch\/de\/wp-json\/wp\/v2\/product\/41417\/revisions\/41422"}],"wp:featuredmedia":[{"embeddable":true,"href":"https:\/\/www.freeshopfrontiera.ch\/de\/wp-json\/wp\/v2\/media\/41396"}],"wp:attachment":[{"href":"https:\/\/www.freeshopfrontiera.ch\/de\/wp-json\/wp\/v2\/media?parent=41417"}],"wp:term":[{"taxonomy":"pwb-brand","embeddable":true,"href":"https:\/\/www.freeshopfrontiera.ch\/de\/wp-json\/wp\/v2\/pwb-brand?post=41417"},{"taxonomy":"product_brand","embeddable":true,"href":"https:\/\/www.freeshopfrontiera.ch\/de\/wp-json\/wp\/v2\/product_brand?post=41417"},{"taxonomy":"product_cat","embeddable":true,"href":"https:\/\/www.freeshopfrontiera.ch\/de\/wp-json\/wp\/v2\/product_cat?post=41417"},{"taxonomy":"product_tag","embeddable":true,"href":"https:\/\/www.freeshopfrontiera.ch\/de\/wp-json\/wp\/v2\/product_tag?post=41417"}],"curies":[{"name":"wp","href":"https:\/\/api.w.org\/{rel}","templated":true}]}}