{"id":41447,"date":"2026-01-10T08:22:24","date_gmt":"2026-01-10T08:22:24","guid":{"rendered":"https:\/\/www.freeshopfrontiera.ch\/shop\/gucci-guilty-black-essence-pour-homme-90ml\/"},"modified":"2026-03-24T08:26:08","modified_gmt":"2026-03-24T08:26:08","slug":"gucci-guilty-black-essence-pour-homme-90ml","status":"publish","type":"product","link":"https:\/\/www.freeshopfrontiera.ch\/de\/shop\/gucci-guilty-black-essence-pour-homme-90ml\/","title":{"rendered":"GUCCI Guilty Black Essence Pour Homme 90ml"},"content":{"rendered":"<p data-start=\"904\" data-end=\"1010\"><strong data-start=\"904\" data-end=\"1010\">GUCCI Guilty Black Essence Pour Homme Eau de Toilette 90ml \u2013 Intensiver und Verf\u00fchrerischer Herrenduft<\/strong><\/p>\n<p data-start=\"1012\" data-end=\"1371\">Entdecken Sie die k\u00fchnste und magnetischste Seite der M\u00e4nnlichkeit mit GUCCI Guilty Black Essence Pour Homme Eau de Toilette, einem Duft f\u00fcr den Mann, der ohne Regeln lebt und es liebt, sich abzuheben. Dieses Parfum verk\u00f6rpert einen rebellischen und sinnlichen Geist, perfekt f\u00fcr alle, die bei jeder Gelegenheit einen bleibenden Eindruck hinterlassen m\u00f6chten.<\/p>\n<p data-start=\"1373\" data-end=\"1857\">Der Auftakt ist frisch und lebendig, dank zitrischer und w\u00fcrziger Kopfnoten, die die Sinne sofort ansprechen und eine dynamische, fesselnde Energie verleihen. Im Herzen entfalten sich aromatische und gr\u00fcne Nuancen, die Tiefe und Charakter verleihen und eine starke, selbstbewusste Pers\u00f6nlichkeit unterstreichen. Die Basis entwickelt sich mit warmen und umh\u00fcllenden Holz- und Amberakkorden und sorgt f\u00fcr eine intensive, unwiderstehliche Duftspur \u2013 perfekt, um mit Eleganz zu verf\u00fchren.<\/p>\n<p data-start=\"428\" data-end=\"879\">Follow us <a href=\"https:\/\/www.instagram.com\/freeshopswiss\/\" target=\"_blank\" rel=\"noopener\">@freeshopswiss\u00a0<\/a><\/p>\n","protected":false},"excerpt":{"rendered":"<p>Entdecken Sie die k\u00fchnste und magnetischste Seite der M\u00e4nnlichkeit mit GUCCI Guilty Black Essence Pour Homme Eau de Toilette, einem Duft f\u00fcr den Mann, der ohne Regeln lebt und es liebt, sich abzuheben.<\/p>\n","protected":false},"featured_media":41442,"comment_status":"open","ping_status":"closed","template":"","meta":[],"pwb-brand":[270],"product_brand":[],"product_cat":[84,86,4196],"product_tag":[952,147,953,1642],"class_list":{"0":"post-41447","1":"product","2":"type-product","3":"status-publish","4":"has-post-thumbnail","6":"pwb-brand-gucci","7":"product_cat-duefte","8":"product_cat-fur-ihn-de","9":"product_cat-dufte-aktion","10":"product_tag-profumi-de","11":"product_tag-eau-de-toilette-de","12":"product_tag-uomo-de","13":"product_tag-mens-fragrances-de","15":"first","16":"instock","17":"sale","18":"taxable","19":"shipping-taxable","20":"purchasable","21":"product-type-simple"},"brands":[{"id":270,"name":"Gucci","slug":"gucci"}],"_links":{"self":[{"href":"https:\/\/www.freeshopfrontiera.ch\/de\/wp-json\/wp\/v2\/product\/41447","targetHints":{"allow":["GET"]}}],"collection":[{"href":"https:\/\/www.freeshopfrontiera.ch\/de\/wp-json\/wp\/v2\/product"}],"about":[{"href":"https:\/\/www.freeshopfrontiera.ch\/de\/wp-json\/wp\/v2\/types\/product"}],"replies":[{"embeddable":true,"href":"https:\/\/www.freeshopfrontiera.ch\/de\/wp-json\/wp\/v2\/comments?post=41447"}],"version-history":[{"count":1,"href":"https:\/\/www.freeshopfrontiera.ch\/de\/wp-json\/wp\/v2\/product\/41447\/revisions"}],"predecessor-version":[{"id":41450,"href":"https:\/\/www.freeshopfrontiera.ch\/de\/wp-json\/wp\/v2\/product\/41447\/revisions\/41450"}],"wp:featuredmedia":[{"embeddable":true,"href":"https:\/\/www.freeshopfrontiera.ch\/de\/wp-json\/wp\/v2\/media\/41442"}],"wp:attachment":[{"href":"https:\/\/www.freeshopfrontiera.ch\/de\/wp-json\/wp\/v2\/media?parent=41447"}],"wp:term":[{"taxonomy":"pwb-brand","embeddable":true,"href":"https:\/\/www.freeshopfrontiera.ch\/de\/wp-json\/wp\/v2\/pwb-brand?post=41447"},{"taxonomy":"product_brand","embeddable":true,"href":"https:\/\/www.freeshopfrontiera.ch\/de\/wp-json\/wp\/v2\/product_brand?post=41447"},{"taxonomy":"product_cat","embeddable":true,"href":"https:\/\/www.freeshopfrontiera.ch\/de\/wp-json\/wp\/v2\/product_cat?post=41447"},{"taxonomy":"product_tag","embeddable":true,"href":"https:\/\/www.freeshopfrontiera.ch\/de\/wp-json\/wp\/v2\/product_tag?post=41447"}],"curies":[{"name":"wp","href":"https:\/\/api.w.org\/{rel}","templated":true}]}}