{"id":41460,"date":"2026-01-10T08:35:36","date_gmt":"2026-01-10T08:35:36","guid":{"rendered":"https:\/\/www.freeshopfrontiera.ch\/shop\/jimmy-choo-i-want-choo-60ml\/"},"modified":"2026-03-24T08:38:48","modified_gmt":"2026-03-24T08:38:48","slug":"jimmy-choo-i-want-choo-60ml","status":"publish","type":"product","link":"https:\/\/www.freeshopfrontiera.ch\/de\/shop\/jimmy-choo-i-want-choo-60ml\/","title":{"rendered":"JIMMY CHOO I Want Choo 60ml"},"content":{"rendered":"<p data-start=\"829\" data-end=\"918\"><strong data-start=\"829\" data-end=\"918\">JIMMY CHOO I Want Choo Eau de Parfum 60ml \u2013 Glamour\u00f6ser und Verf\u00fchrerischer Damenduft<\/strong><\/p>\n<p data-start=\"920\" data-end=\"1262\">Lassen Sie sich von der unwiderstehlichen Energie von JIMMY CHOO I Want Choo Eau de Parfum verzaubern, einem k\u00fchnen und strahlenden Duft f\u00fcr die selbstbewusste Frau, die es liebt zu gl\u00e4nzen und jeden Moment mit Begeisterung zu leben. Ein Parfum, das Charme, Lebensfreude und die Kraft der Verf\u00fchrung zelebriert \u2013 perfekt f\u00fcr besondere Abende.<\/p>\n<p data-start=\"1264\" data-end=\"1714\">Der Auftakt ist lebendig und spritzig, mit fruchtigen und zitrischen Kopfnoten, die sofort eine raffinierte Frische verleihen. Im Herzen entfaltet sich ein sinnlicher und umh\u00fcllender Blumenakkord, der elegante und anspruchsvolle Weiblichkeit zum Ausdruck bringt. In der Basis verschmelzen warme und k\u00f6stliche Noten von Vanille und Benzoeharz mit ambrierten Nuancen und hinterlassen eine intensive, cremige und unwiderstehlich verf\u00fchrerische Duftspur.<\/p>\n<p data-start=\"437\" data-end=\"841\">Follow us! <a href=\"https:\/\/www.instagram.com\/freeshopswiss\/\" target=\"_blank\" rel=\"noopener\">@freeshopswiss<\/a><\/p>\n","protected":false},"excerpt":{"rendered":"<p>Lassen Sie sich von der unwiderstehlichen Energie von JIMMY CHOO I Want Choo Eau de Parfum verzaubern, einem k\u00fchnen und strahlenden Duft f\u00fcr die selbstbewusste Frau, die es liebt zu gl\u00e4nzen und jeden Moment mit Begeisterung zu leben.<\/p>\n","protected":false},"featured_media":41455,"comment_status":"open","ping_status":"closed","template":"","meta":[],"pwb-brand":[798],"product_brand":[],"product_cat":[84,111,4196],"product_tag":[790,952,254,293],"class_list":{"0":"post-41460","1":"product","2":"type-product","3":"status-publish","4":"has-post-thumbnail","6":"pwb-brand-jimmy-choo","7":"product_cat-duefte","8":"product_cat-fur-sie-de","9":"product_cat-dufte-aktion","10":"product_tag-womens-fragrances-de","11":"product_tag-profumi-de","12":"product_tag-eau-de-parfum-de","13":"product_tag-frau","15":"first","16":"instock","17":"sale","18":"taxable","19":"shipping-taxable","20":"purchasable","21":"product-type-simple"},"brands":[{"id":798,"name":"Jimmy Choo","slug":"jimmy-choo"}],"_links":{"self":[{"href":"https:\/\/www.freeshopfrontiera.ch\/de\/wp-json\/wp\/v2\/product\/41460","targetHints":{"allow":["GET"]}}],"collection":[{"href":"https:\/\/www.freeshopfrontiera.ch\/de\/wp-json\/wp\/v2\/product"}],"about":[{"href":"https:\/\/www.freeshopfrontiera.ch\/de\/wp-json\/wp\/v2\/types\/product"}],"replies":[{"embeddable":true,"href":"https:\/\/www.freeshopfrontiera.ch\/de\/wp-json\/wp\/v2\/comments?post=41460"}],"version-history":[{"count":2,"href":"https:\/\/www.freeshopfrontiera.ch\/de\/wp-json\/wp\/v2\/product\/41460\/revisions"}],"predecessor-version":[{"id":41463,"href":"https:\/\/www.freeshopfrontiera.ch\/de\/wp-json\/wp\/v2\/product\/41460\/revisions\/41463"}],"wp:featuredmedia":[{"embeddable":true,"href":"https:\/\/www.freeshopfrontiera.ch\/de\/wp-json\/wp\/v2\/media\/41455"}],"wp:attachment":[{"href":"https:\/\/www.freeshopfrontiera.ch\/de\/wp-json\/wp\/v2\/media?parent=41460"}],"wp:term":[{"taxonomy":"pwb-brand","embeddable":true,"href":"https:\/\/www.freeshopfrontiera.ch\/de\/wp-json\/wp\/v2\/pwb-brand?post=41460"},{"taxonomy":"product_brand","embeddable":true,"href":"https:\/\/www.freeshopfrontiera.ch\/de\/wp-json\/wp\/v2\/product_brand?post=41460"},{"taxonomy":"product_cat","embeddable":true,"href":"https:\/\/www.freeshopfrontiera.ch\/de\/wp-json\/wp\/v2\/product_cat?post=41460"},{"taxonomy":"product_tag","embeddable":true,"href":"https:\/\/www.freeshopfrontiera.ch\/de\/wp-json\/wp\/v2\/product_tag?post=41460"}],"curies":[{"name":"wp","href":"https:\/\/api.w.org\/{rel}","templated":true}]}}