{"id":41475,"date":"2026-01-24T09:06:28","date_gmt":"2026-01-24T09:06:28","guid":{"rendered":"https:\/\/www.freeshopfrontiera.ch\/shop\/jimmy-choo-i-want-choo-forever-60ml\/"},"modified":"2026-03-24T09:09:03","modified_gmt":"2026-03-24T09:09:03","slug":"jimmy-choo-i-want-choo-forever-60ml","status":"publish","type":"product","link":"https:\/\/www.freeshopfrontiera.ch\/de\/shop\/jimmy-choo-i-want-choo-forever-60ml\/","title":{"rendered":"JIMMY CHOO I Want Choo Forever 60ml"},"content":{"rendered":"<p data-start=\"953\" data-end=\"1055\"><strong data-start=\"953\" data-end=\"1055\">JIMMY CHOO I Want Choo Forever Eau de Parfum 60ml \u2013 Intensiver, Sinnlicher und Nachtduft f\u00fcr Damen<\/strong><\/p>\n<p data-start=\"1057\" data-end=\"1408\">Entdecken Sie den magnetischen Charme von JIMMY CHOO I Want Choo Forever Eau de Parfum, einem k\u00fchnen und raffinierten Duft f\u00fcr die Frau, die die Nacht mit Eleganz und Selbstbewusstsein lebt. Intensiver und geheimnisvoller, verk\u00f6rpert diese Version eine verf\u00fchrerische und unwiderstehliche Seele \u2013 perfekt, um einen bleibenden Eindruck zu hinterlassen.<\/p>\n<p data-start=\"1410\" data-end=\"1953\">Der Auftakt \u00fcberrascht mit fruchtigen und leicht lik\u00f6rartigen Noten, die einen modernen und faszinierenden Akzent setzen. Im Herzen entfaltet sich ein reichhaltiges florales Bouquet, in dem sich die Sinnlichkeit des Jasmins mit warmen und umh\u00fcllenden Nuancen verbindet und eine intensive, elegante Weiblichkeit schafft. Die Basis offenbart ihre ganze Tiefe mit gourmandigen und holzigen Akkorden: Die S\u00fc\u00dfe der Vanille vereint sich mit der Kraft von Moschus und H\u00f6lzern und hinterl\u00e4sst eine langanhaltende, elegante und verf\u00fchrerische Duftspur.<\/p>\n<p data-start=\"445\" data-end=\"924\">Follow us! <a href=\"https:\/\/www.instagram.com\/freeshopswiss\/\" target=\"_blank\" rel=\"noopener\">@freeshopswiss<\/a><\/p>\n","protected":false},"excerpt":{"rendered":"<p>Entdecken Sie den magnetischen Charme von JIMMY CHOO I Want Choo Forever Eau de Parfum, einem k\u00fchnen und raffinierten Duft f\u00fcr die Frau, die die Nacht mit Eleganz und Selbstbewusstsein lebt.<\/p>\n","protected":false},"featured_media":41470,"comment_status":"open","ping_status":"closed","template":"","meta":[],"pwb-brand":[798],"product_brand":[],"product_cat":[84,111,4196],"product_tag":[790,952,254,293],"class_list":{"0":"post-41475","1":"product","2":"type-product","3":"status-publish","4":"has-post-thumbnail","6":"pwb-brand-jimmy-choo","7":"product_cat-duefte","8":"product_cat-fur-sie-de","9":"product_cat-dufte-aktion","10":"product_tag-womens-fragrances-de","11":"product_tag-profumi-de","12":"product_tag-eau-de-parfum-de","13":"product_tag-frau","15":"first","16":"instock","17":"sale","18":"taxable","19":"shipping-taxable","20":"purchasable","21":"product-type-simple"},"brands":[{"id":798,"name":"Jimmy Choo","slug":"jimmy-choo"}],"_links":{"self":[{"href":"https:\/\/www.freeshopfrontiera.ch\/de\/wp-json\/wp\/v2\/product\/41475","targetHints":{"allow":["GET"]}}],"collection":[{"href":"https:\/\/www.freeshopfrontiera.ch\/de\/wp-json\/wp\/v2\/product"}],"about":[{"href":"https:\/\/www.freeshopfrontiera.ch\/de\/wp-json\/wp\/v2\/types\/product"}],"replies":[{"embeddable":true,"href":"https:\/\/www.freeshopfrontiera.ch\/de\/wp-json\/wp\/v2\/comments?post=41475"}],"version-history":[{"count":1,"href":"https:\/\/www.freeshopfrontiera.ch\/de\/wp-json\/wp\/v2\/product\/41475\/revisions"}],"predecessor-version":[{"id":41477,"href":"https:\/\/www.freeshopfrontiera.ch\/de\/wp-json\/wp\/v2\/product\/41475\/revisions\/41477"}],"wp:featuredmedia":[{"embeddable":true,"href":"https:\/\/www.freeshopfrontiera.ch\/de\/wp-json\/wp\/v2\/media\/41470"}],"wp:attachment":[{"href":"https:\/\/www.freeshopfrontiera.ch\/de\/wp-json\/wp\/v2\/media?parent=41475"}],"wp:term":[{"taxonomy":"pwb-brand","embeddable":true,"href":"https:\/\/www.freeshopfrontiera.ch\/de\/wp-json\/wp\/v2\/pwb-brand?post=41475"},{"taxonomy":"product_brand","embeddable":true,"href":"https:\/\/www.freeshopfrontiera.ch\/de\/wp-json\/wp\/v2\/product_brand?post=41475"},{"taxonomy":"product_cat","embeddable":true,"href":"https:\/\/www.freeshopfrontiera.ch\/de\/wp-json\/wp\/v2\/product_cat?post=41475"},{"taxonomy":"product_tag","embeddable":true,"href":"https:\/\/www.freeshopfrontiera.ch\/de\/wp-json\/wp\/v2\/product_tag?post=41475"}],"curies":[{"name":"wp","href":"https:\/\/api.w.org\/{rel}","templated":true}]}}