{"id":41503,"date":"2026-01-10T10:56:41","date_gmt":"2026-01-10T10:56:41","guid":{"rendered":"https:\/\/www.freeshopfrontiera.ch\/shop\/clinique-take-the-day-off-125ml\/"},"modified":"2026-03-24T10:59:57","modified_gmt":"2026-03-24T10:59:57","slug":"clinique-take-the-day-off-125ml","status":"publish","type":"product","link":"https:\/\/www.freeshopfrontiera.ch\/de\/shop\/clinique-take-the-day-off-125ml\/","title":{"rendered":"CLINIQUE Take The Day Off 125ml"},"content":{"rendered":"<p data-start=\"900\" data-end=\"1025\"><strong data-start=\"900\" data-end=\"1023\">CLINIQUE Take The Day Off Makeup Remover 125ml \u2013 Sanfter und Effektiver Make-up-Entferner f\u00fcr Augen, Lippen und Wimpern<\/strong><\/p>\n<p data-start=\"1027\" data-end=\"1346\">Entfernen Sie jede Spur von Make-up mit dem CLINIQUE Take The Day Off Makeup Remover, einem hochwirksamen, zweiphasigen Reinigungsprodukt f\u00fcr Augen, Lippen und Wimpern. Ideal auch f\u00fcr hartn\u00e4ckiges und wasserfestes Make-up sorgt es f\u00fcr eine gr\u00fcndliche Reinigung unter maximaler Schonung der empfindlichen Gesichtshaut.<\/p>\n<p data-start=\"1348\" data-end=\"1655\">Die leichte, aber effektive Formel l\u00f6st schnell Mascara, Eyeliner und langanhaltenden Lippenstift, ohne zu reiben. Einfach die Flasche sch\u00fctteln, um die Zwei-Phasen-Kombination zu aktivieren, und schon reinigt sie sanft und gr\u00fcndlich, hinterl\u00e4sst die Haut frisch, sauber und frei von fettigen R\u00fcckst\u00e4nden.<\/p>\n<p data-start=\"1657\" data-end=\"1877\">Angereichert mit pflegenden Inhaltsstoffen hilft dieser Entferner, die Haut weich und hydratisiert zu halten und Irritationen oder Trockenheit zu vermeiden. Auch f\u00fcr empfindliche Augen und Kontaktlinsentr\u00e4ger geeignet.<\/p>\n<p data-start=\"726\" data-end=\"950\">Follow us! \u00a0<a href=\"https:\/\/www.instagram.com\/freeshopswiss\/\" target=\"_blank\" rel=\"noopener\">@freeshopswiss<\/a><\/p>\n","protected":false},"excerpt":{"rendered":"<p>Entfernen Sie jede Spur von Make-up mit dem CLINIQUE Take The Day Off Makeup Remover, einem hochwirksamen, zweiphasigen Reinigungsprodukt f\u00fcr Augen, Lippen und Wimpern.<\/p>\n","protected":false},"featured_media":41498,"comment_status":"open","ping_status":"closed","template":"","meta":[],"pwb-brand":[372],"product_brand":[],"product_cat":[292,111,546],"product_tag":[478,419,293,300],"class_list":{"0":"post-41503","1":"product","2":"type-product","3":"status-publish","4":"has-post-thumbnail","6":"pwb-brand-clinique","7":"product_cat-behandlungen","8":"product_cat-fur-sie-de","9":"product_cat-gesichtsbehandlung","10":"product_tag-augenbehandlungen","11":"product_tag-behandlungen-de","12":"product_tag-frau","13":"product_tag-gesichtsbehandlungen","15":"first","16":"instock","17":"sale","18":"taxable","19":"shipping-taxable","20":"purchasable","21":"product-type-simple"},"brands":[{"id":372,"name":"Clinique","slug":"clinique"}],"_links":{"self":[{"href":"https:\/\/www.freeshopfrontiera.ch\/de\/wp-json\/wp\/v2\/product\/41503","targetHints":{"allow":["GET"]}}],"collection":[{"href":"https:\/\/www.freeshopfrontiera.ch\/de\/wp-json\/wp\/v2\/product"}],"about":[{"href":"https:\/\/www.freeshopfrontiera.ch\/de\/wp-json\/wp\/v2\/types\/product"}],"replies":[{"embeddable":true,"href":"https:\/\/www.freeshopfrontiera.ch\/de\/wp-json\/wp\/v2\/comments?post=41503"}],"version-history":[{"count":1,"href":"https:\/\/www.freeshopfrontiera.ch\/de\/wp-json\/wp\/v2\/product\/41503\/revisions"}],"predecessor-version":[{"id":41506,"href":"https:\/\/www.freeshopfrontiera.ch\/de\/wp-json\/wp\/v2\/product\/41503\/revisions\/41506"}],"wp:featuredmedia":[{"embeddable":true,"href":"https:\/\/www.freeshopfrontiera.ch\/de\/wp-json\/wp\/v2\/media\/41498"}],"wp:attachment":[{"href":"https:\/\/www.freeshopfrontiera.ch\/de\/wp-json\/wp\/v2\/media?parent=41503"}],"wp:term":[{"taxonomy":"pwb-brand","embeddable":true,"href":"https:\/\/www.freeshopfrontiera.ch\/de\/wp-json\/wp\/v2\/pwb-brand?post=41503"},{"taxonomy":"product_brand","embeddable":true,"href":"https:\/\/www.freeshopfrontiera.ch\/de\/wp-json\/wp\/v2\/product_brand?post=41503"},{"taxonomy":"product_cat","embeddable":true,"href":"https:\/\/www.freeshopfrontiera.ch\/de\/wp-json\/wp\/v2\/product_cat?post=41503"},{"taxonomy":"product_tag","embeddable":true,"href":"https:\/\/www.freeshopfrontiera.ch\/de\/wp-json\/wp\/v2\/product_tag?post=41503"}],"curies":[{"name":"wp","href":"https:\/\/api.w.org\/{rel}","templated":true}]}}