{"id":41517,"date":"2026-01-10T11:12:15","date_gmt":"2026-01-10T11:12:15","guid":{"rendered":"https:\/\/www.freeshopfrontiera.ch\/shop\/clinique-anti-blemish-solutions-clarifying-lotion-200ml\/"},"modified":"2026-03-24T11:15:06","modified_gmt":"2026-03-24T11:15:06","slug":"clinique-anti-blemish-solutions-clarifying-lotion-200ml","status":"publish","type":"product","link":"https:\/\/www.freeshopfrontiera.ch\/de\/shop\/clinique-anti-blemish-solutions-clarifying-lotion-200ml\/","title":{"rendered":"CLINIQUE Anti-Blemish Solutions Clarifying Lotion 200ml"},"content":{"rendered":"<p data-start=\"791\" data-end=\"905\"><strong data-start=\"791\" data-end=\"903\">CLINIQUE Anti-Blemish Solutions Clarifying Lotion 200ml \u2013 Kl\u00e4rende Lotion f\u00fcr Unreine und Akneanf\u00e4llige Haut<\/strong><\/p>\n<p data-start=\"907\" data-end=\"1351\">Bek\u00e4mpfen Sie Unreinheiten und verhindern Sie das Auftreten von Pickeln mit der <strong data-start=\"987\" data-end=\"1040\">CLINIQUE Anti-Blemish Solutions Clarifying Lotion<\/strong>, einem sanften, aber wirksamen Toner f\u00fcr Mischhaut und fettige Haut, die zu Unreinheiten neigt. Diese Behandlung hilft, abgestorbene Hautzellen zu entfernen, verstopfte Poren zu befreien und die Haut ins Gleichgewicht zu bringen, sodass sie sauber, frisch und bereit f\u00fcr die nachfolgenden Pflegeprodukte ist.<\/p>\n<p data-start=\"1353\" data-end=\"1705\">Die alkoholfreie Formel, angereichert mit beruhigenden Wirkstoffen, reduziert R\u00f6tungen und Irritationen, w\u00e4hrend sie \u00fcbersch\u00fcssiges \u00d6l reguliert und die Bildung neuer Pickel verhindert. Bei regelm\u00e4\u00dfiger Anwendung wirkt die Haut glatter, gleichm\u00e4\u00dfiger und sichtbar ges\u00fcnder, die Hauttextur wird verbessert und das Erscheinungsbild der Poren minimiert.<\/p>\n<p data-start=\"517\" data-end=\"841\">Follow us! <a href=\"https:\/\/www.instagram.com\/freeshopswiss\/\" target=\"_blank\" rel=\"noopener\">@freeshopswiss\u00a0<\/a><\/p>\n","protected":false},"excerpt":{"rendered":"<p>Bek\u00e4mpfen Sie Unreinheiten und verhindern Sie das Auftreten von Pickeln mit der <strong data-start=\"987\" data-end=\"1040\">CLINIQUE Anti-Blemish Solutions Clarifying Lotion<\/strong>, einem sanften, aber wirksamen Toner f\u00fcr Mischhaut und fettige Haut, die zu Unreinheiten neigt.<\/p>\n","protected":false},"featured_media":41512,"comment_status":"open","ping_status":"closed","template":"","meta":[],"pwb-brand":[372],"product_brand":[],"product_cat":[292,546],"product_tag":[419,5077,293,300,5051,5047],"class_list":{"0":"post-41517","1":"product","2":"type-product","3":"status-publish","4":"has-post-thumbnail","6":"pwb-brand-clinique","7":"product_cat-behandlungen","8":"product_cat-gesichtsbehandlung","9":"product_tag-behandlungen-de","10":"product_tag-behandlungen-und-make-up-zum-muttertag","11":"product_tag-frau","12":"product_tag-gesichtsbehandlungen","13":"product_tag-muttertag","14":"product_tag-unter-30-chf","16":"first","17":"instock","18":"sale","19":"taxable","20":"shipping-taxable","21":"purchasable","22":"product-type-simple"},"brands":[{"id":372,"name":"Clinique","slug":"clinique"}],"_links":{"self":[{"href":"https:\/\/www.freeshopfrontiera.ch\/de\/wp-json\/wp\/v2\/product\/41517","targetHints":{"allow":["GET"]}}],"collection":[{"href":"https:\/\/www.freeshopfrontiera.ch\/de\/wp-json\/wp\/v2\/product"}],"about":[{"href":"https:\/\/www.freeshopfrontiera.ch\/de\/wp-json\/wp\/v2\/types\/product"}],"replies":[{"embeddable":true,"href":"https:\/\/www.freeshopfrontiera.ch\/de\/wp-json\/wp\/v2\/comments?post=41517"}],"version-history":[{"count":1,"href":"https:\/\/www.freeshopfrontiera.ch\/de\/wp-json\/wp\/v2\/product\/41517\/revisions"}],"predecessor-version":[{"id":41519,"href":"https:\/\/www.freeshopfrontiera.ch\/de\/wp-json\/wp\/v2\/product\/41517\/revisions\/41519"}],"wp:featuredmedia":[{"embeddable":true,"href":"https:\/\/www.freeshopfrontiera.ch\/de\/wp-json\/wp\/v2\/media\/41512"}],"wp:attachment":[{"href":"https:\/\/www.freeshopfrontiera.ch\/de\/wp-json\/wp\/v2\/media?parent=41517"}],"wp:term":[{"taxonomy":"pwb-brand","embeddable":true,"href":"https:\/\/www.freeshopfrontiera.ch\/de\/wp-json\/wp\/v2\/pwb-brand?post=41517"},{"taxonomy":"product_brand","embeddable":true,"href":"https:\/\/www.freeshopfrontiera.ch\/de\/wp-json\/wp\/v2\/product_brand?post=41517"},{"taxonomy":"product_cat","embeddable":true,"href":"https:\/\/www.freeshopfrontiera.ch\/de\/wp-json\/wp\/v2\/product_cat?post=41517"},{"taxonomy":"product_tag","embeddable":true,"href":"https:\/\/www.freeshopfrontiera.ch\/de\/wp-json\/wp\/v2\/product_tag?post=41517"}],"curies":[{"name":"wp","href":"https:\/\/api.w.org\/{rel}","templated":true}]}}