{"id":41530,"date":"2026-01-10T11:32:49","date_gmt":"2026-01-10T11:32:49","guid":{"rendered":"https:\/\/www.freeshopfrontiera.ch\/shop\/clinique-smart-clinical-repair-corrective-serum-30ml\/"},"modified":"2026-03-24T11:37:46","modified_gmt":"2026-03-24T11:37:46","slug":"clinique-smart-clinical-repair-corrective-serum-30ml","status":"publish","type":"product","link":"https:\/\/www.freeshopfrontiera.ch\/de\/shop\/clinique-smart-clinical-repair-corrective-serum-30ml\/","title":{"rendered":"CLINIQUE Smart Clinical Repair Corrective Serum 30ml"},"content":{"rendered":"<p data-start=\"826\" data-end=\"950\"><strong data-start=\"826\" data-end=\"948\">CLINIQUE Smart Clinical Repair Corrective Serum 30ml \u2013 Fortschrittliches Serum gegen Alterungszeichen und Unreinheiten<\/strong><\/p>\n<p data-start=\"952\" data-end=\"1367\">Entdecken Sie j\u00fcngere, glattere und strahlendere Haut mit dem <strong data-start=\"1014\" data-end=\"1065\">CLINIQUE Smart Clinical Repair Corrective Serum<\/strong>, einem fortschrittlichen Serum, das sichtbare Anzeichen der Hautalterung korrigiert und das Erscheinungsbild von Pigmentflecken, feinen Linien und Unreinheiten verbessert. Geeignet f\u00fcr alle Hauttypen, bietet es eine intensive und gezielte Behandlung f\u00fcr einen gleichm\u00e4\u00dfigeren und verfeinerten Teint.<\/p>\n<p data-start=\"1369\" data-end=\"1727\">Die konzentrierte Formel dringt schnell in die tieferen Hautschichten ein, stimuliert die Zellregeneration und st\u00e4rkt die nat\u00fcrlichen Abwehrkr\u00e4fte der Haut. Bei regelm\u00e4\u00dfiger Anwendung hilft das Serum, Falten und Pigmentst\u00f6rungen sichtbar zu reduzieren, die Haut straffer und strahlender zu machen und insgesamt ein ges\u00fcnderes Erscheinungsbild zu verleihen.<\/p>\n<p data-start=\"789\" data-end=\"822\">Follow us <a href=\"https:\/\/www.instagram.com\/freeshopswiss\/\" target=\"_blank\" rel=\"noopener\">@freeshopswiss\u00a0<\/a><\/p>\n","protected":false},"excerpt":{"rendered":"<p>Entdecken Sie j\u00fcngere, glattere und strahlendere Haut mit dem <strong data-start=\"1014\" data-end=\"1065\">CLINIQUE Smart Clinical Repair Corrective Serum<\/strong>, einem fortschrittlichen Serum, das sichtbare Anzeichen der Hautalterung korrigiert und das Erscheinungsbild von Pigmentflecken, feinen Linien und Unreinheiten verbessert.<\/p>\n","protected":false},"featured_media":41525,"comment_status":"open","ping_status":"closed","template":"","meta":[],"pwb-brand":[372],"product_brand":[],"product_cat":[292,111,546],"product_tag":[419,5077,293,300,5051],"class_list":{"0":"post-41530","1":"product","2":"type-product","3":"status-publish","4":"has-post-thumbnail","6":"pwb-brand-clinique","7":"product_cat-behandlungen","8":"product_cat-fur-sie-de","9":"product_cat-gesichtsbehandlung","10":"product_tag-behandlungen-de","11":"product_tag-behandlungen-und-make-up-zum-muttertag","12":"product_tag-frau","13":"product_tag-gesichtsbehandlungen","14":"product_tag-muttertag","16":"first","17":"instock","18":"sale","19":"taxable","20":"shipping-taxable","21":"purchasable","22":"product-type-simple"},"brands":[{"id":372,"name":"Clinique","slug":"clinique"}],"_links":{"self":[{"href":"https:\/\/www.freeshopfrontiera.ch\/de\/wp-json\/wp\/v2\/product\/41530","targetHints":{"allow":["GET"]}}],"collection":[{"href":"https:\/\/www.freeshopfrontiera.ch\/de\/wp-json\/wp\/v2\/product"}],"about":[{"href":"https:\/\/www.freeshopfrontiera.ch\/de\/wp-json\/wp\/v2\/types\/product"}],"replies":[{"embeddable":true,"href":"https:\/\/www.freeshopfrontiera.ch\/de\/wp-json\/wp\/v2\/comments?post=41530"}],"version-history":[{"count":1,"href":"https:\/\/www.freeshopfrontiera.ch\/de\/wp-json\/wp\/v2\/product\/41530\/revisions"}],"predecessor-version":[{"id":41533,"href":"https:\/\/www.freeshopfrontiera.ch\/de\/wp-json\/wp\/v2\/product\/41530\/revisions\/41533"}],"wp:featuredmedia":[{"embeddable":true,"href":"https:\/\/www.freeshopfrontiera.ch\/de\/wp-json\/wp\/v2\/media\/41525"}],"wp:attachment":[{"href":"https:\/\/www.freeshopfrontiera.ch\/de\/wp-json\/wp\/v2\/media?parent=41530"}],"wp:term":[{"taxonomy":"pwb-brand","embeddable":true,"href":"https:\/\/www.freeshopfrontiera.ch\/de\/wp-json\/wp\/v2\/pwb-brand?post=41530"},{"taxonomy":"product_brand","embeddable":true,"href":"https:\/\/www.freeshopfrontiera.ch\/de\/wp-json\/wp\/v2\/product_brand?post=41530"},{"taxonomy":"product_cat","embeddable":true,"href":"https:\/\/www.freeshopfrontiera.ch\/de\/wp-json\/wp\/v2\/product_cat?post=41530"},{"taxonomy":"product_tag","embeddable":true,"href":"https:\/\/www.freeshopfrontiera.ch\/de\/wp-json\/wp\/v2\/product_tag?post=41530"}],"curies":[{"name":"wp","href":"https:\/\/api.w.org\/{rel}","templated":true}]}}