{"id":41544,"date":"2026-01-10T11:48:09","date_gmt":"2026-01-10T11:48:09","guid":{"rendered":"https:\/\/www.freeshopfrontiera.ch\/shop\/clinique-dramatically-different-125ml\/"},"modified":"2026-03-24T11:51:15","modified_gmt":"2026-03-24T11:51:15","slug":"clinique-dramatically-different-125ml","status":"publish","type":"product","link":"https:\/\/www.freeshopfrontiera.ch\/de\/shop\/clinique-dramatically-different-125ml\/","title":{"rendered":"CLINIQUE Dramatically Different 125ml"},"content":{"rendered":"<section class=\"text-token-text-primary w-full focus:outline-none [--shadow-height:45px] has-data-writing-block:pointer-events-none has-data-writing-block:-mt-(--shadow-height) has-data-writing-block:pt-(--shadow-height) [&amp;:has([data-writing-block])&gt;*]:pointer-events-auto scroll-mt-(--header-height)\" dir=\"auto\" data-turn-id=\"e473ed46-e120-4031-9581-e26e5699c018\" data-testid=\"conversation-turn-31\" data-scroll-anchor=\"false\" data-turn=\"user\"><\/section>\n<section class=\"text-token-text-primary w-full focus:outline-none [--shadow-height:45px] has-data-writing-block:pointer-events-none has-data-writing-block:-mt-(--shadow-height) has-data-writing-block:pt-(--shadow-height) [&amp;:has([data-writing-block])&gt;*]:pointer-events-auto scroll-mt-[calc(var(--header-height)+min(200px,max(70px,20svh)))]\" dir=\"auto\" data-turn-id=\"request-WEB:1b85c57a-cff2-4463-815f-bd9c93e27ee2-15\" data-testid=\"conversation-turn-32\" data-scroll-anchor=\"true\" data-turn=\"assistant\">\n<div class=\"text-base my-auto mx-auto pb-10 [--thread-content-margin:var(--thread-content-margin-xs,calc(var(--spacing)*4))] @w-sm\/main:[--thread-content-margin:var(--thread-content-margin-sm,calc(var(--spacing)*6))] @w-lg\/main:[--thread-content-margin:var(--thread-content-margin-lg,calc(var(--spacing)*16))] px-(--thread-content-margin)\">\n<div class=\"[--thread-content-max-width:40rem] @w-lg\/main:[--thread-content-max-width:48rem] mx-auto max-w-(--thread-content-max-width) flex-1 group\/turn-messages focus-visible:outline-hidden relative flex w-full min-w-0 flex-col agent-turn\">\n<div class=\"flex max-w-full flex-col gap-4 grow\">\n<div class=\"min-h-8 text-message relative flex w-full flex-col items-end gap-2 text-start break-words whitespace-normal outline-none keyboard-focused:focus-ring [.text-message+&amp;]:mt-1\" dir=\"auto\" tabindex=\"0\" data-message-author-role=\"assistant\" data-message-id=\"3edc5ffb-abce-4760-bcb5-e395fc210d34\" data-message-model-slug=\"gpt-5-mini\" data-turn-start-message=\"true\">\n<div class=\"flex w-full flex-col gap-1 empty:hidden\">\n<div class=\"markdown prose dark:prose-invert w-full wrap-break-word light markdown-new-styling\">\n<p data-start=\"796\" data-end=\"915\"><strong data-start=\"796\" data-end=\"913\">CLINIQUE Dramatically Different Moisturizing Gel 125ml \u2013 Leichtes Feuchtigkeitsgel f\u00fcr Mischhaut und Fettige Haut<\/strong><\/p>\n<p data-start=\"917\" data-end=\"1311\">Halten Sie Ihre Haut mit dem <strong data-start=\"946\" data-end=\"998\">CLINIQUE Dramatically Different Moisturizing Gel<\/strong> hydratisiert und ausgeglichen. Dieses leichte Gel wurde speziell f\u00fcr Mischhaut und fettige Haut entwickelt, die eine effektive Feuchtigkeitspflege ohne beschwerendes Gef\u00fchl ben\u00f6tigt. Die Pflege st\u00e4rkt die Hautbarriere, erh\u00e4lt die nat\u00fcrliche Elastizit\u00e4t und sorgt sofort f\u00fcr ein frisches, angenehmes Hautgef\u00fchl.<\/p>\n<p data-start=\"1313\" data-end=\"1630\">Die \u00f6lfreie, schnell einziehende Formel passt ideal in die t\u00e4gliche Routine und hinterl\u00e4sst die Haut weich, geschmeidig und bereit f\u00fcr die nachfolgenden Pflegeprodukte. Dank des praktischen 125ml-Spenderformats ist die Anwendung einfach, hygienisch und pr\u00e4zise, wobei stets die richtige Produktmenge abgegeben wird.<\/p>\n<\/div>\n<\/div>\n<p data-start=\"481\" data-end=\"822\">Follow us <a href=\"https:\/\/www.instagram.com\/freeshopswiss\/\" target=\"_blank\" rel=\"noopener\">@freeshopswiss\u00a0<\/a><\/p>\n<\/div>\n<\/div>\n<\/div>\n<\/div>\n<\/section>\n","protected":false},"excerpt":{"rendered":"<p>Halten Sie Ihre Haut mit dem <strong data-start=\"946\" data-end=\"998\">CLINIQUE Dramatically Different Moisturizing Gel<\/strong> hydratisiert und ausgeglichen. Dieses leichte Gel wurde speziell f\u00fcr Mischhaut und fettige Haut entwickelt, die eine effektive Feuchtigkeitspflege ohne beschwerendes Gef\u00fchl ben\u00f6tigt.<\/p>\n","protected":false},"featured_media":41539,"comment_status":"open","ping_status":"closed","template":"","meta":[],"pwb-brand":[372],"product_brand":[],"product_cat":[292,111,546],"product_tag":[419,5077,293,300,5051],"class_list":{"0":"post-41544","1":"product","2":"type-product","3":"status-publish","4":"has-post-thumbnail","6":"pwb-brand-clinique","7":"product_cat-behandlungen","8":"product_cat-fur-sie-de","9":"product_cat-gesichtsbehandlung","10":"product_tag-behandlungen-de","11":"product_tag-behandlungen-und-make-up-zum-muttertag","12":"product_tag-frau","13":"product_tag-gesichtsbehandlungen","14":"product_tag-muttertag","16":"first","17":"instock","18":"sale","19":"taxable","20":"shipping-taxable","21":"purchasable","22":"product-type-simple"},"brands":[{"id":372,"name":"Clinique","slug":"clinique"}],"_links":{"self":[{"href":"https:\/\/www.freeshopfrontiera.ch\/de\/wp-json\/wp\/v2\/product\/41544","targetHints":{"allow":["GET"]}}],"collection":[{"href":"https:\/\/www.freeshopfrontiera.ch\/de\/wp-json\/wp\/v2\/product"}],"about":[{"href":"https:\/\/www.freeshopfrontiera.ch\/de\/wp-json\/wp\/v2\/types\/product"}],"replies":[{"embeddable":true,"href":"https:\/\/www.freeshopfrontiera.ch\/de\/wp-json\/wp\/v2\/comments?post=41544"}],"version-history":[{"count":1,"href":"https:\/\/www.freeshopfrontiera.ch\/de\/wp-json\/wp\/v2\/product\/41544\/revisions"}],"predecessor-version":[{"id":41547,"href":"https:\/\/www.freeshopfrontiera.ch\/de\/wp-json\/wp\/v2\/product\/41544\/revisions\/41547"}],"wp:featuredmedia":[{"embeddable":true,"href":"https:\/\/www.freeshopfrontiera.ch\/de\/wp-json\/wp\/v2\/media\/41539"}],"wp:attachment":[{"href":"https:\/\/www.freeshopfrontiera.ch\/de\/wp-json\/wp\/v2\/media?parent=41544"}],"wp:term":[{"taxonomy":"pwb-brand","embeddable":true,"href":"https:\/\/www.freeshopfrontiera.ch\/de\/wp-json\/wp\/v2\/pwb-brand?post=41544"},{"taxonomy":"product_brand","embeddable":true,"href":"https:\/\/www.freeshopfrontiera.ch\/de\/wp-json\/wp\/v2\/product_brand?post=41544"},{"taxonomy":"product_cat","embeddable":true,"href":"https:\/\/www.freeshopfrontiera.ch\/de\/wp-json\/wp\/v2\/product_cat?post=41544"},{"taxonomy":"product_tag","embeddable":true,"href":"https:\/\/www.freeshopfrontiera.ch\/de\/wp-json\/wp\/v2\/product_tag?post=41544"}],"curies":[{"name":"wp","href":"https:\/\/api.w.org\/{rel}","templated":true}]}}