{"id":41561,"date":"2026-01-10T08:23:52","date_gmt":"2026-01-10T08:23:52","guid":{"rendered":"https:\/\/www.freeshopfrontiera.ch\/shop\/clinique-moisture-surge-125ml\/"},"modified":"2026-03-25T08:27:02","modified_gmt":"2026-03-25T08:27:02","slug":"clinique-moisture-surge-125ml","status":"publish","type":"product","link":"https:\/\/www.freeshopfrontiera.ch\/de\/shop\/clinique-moisture-surge-125ml\/","title":{"rendered":"CLINIQUE Moisture Surge 125ml"},"content":{"rendered":"<p data-start=\"1210\" data-end=\"1328\"><strong data-start=\"1210\" data-end=\"1328\">Clinique Moisture Surge Face Spray 125ml \u2013 \u00d6lfreies Feuchtigkeitsspray f\u00fcr das Gesicht, Erfrischend und Beruhigend<\/strong><\/p>\n<p data-start=\"1330\" data-end=\"1773\">Das Clinique Moisture Surge Face Spray Thirsty Skin Relief 125ml ist ein \u00f6lfreies Feuchtigkeitsspray f\u00fcr das Gesicht, das entwickelt wurde, um trockener Haut sofortige Frische und Linderung zu schenken. Die leichte und sanfte Formel, angereichert mit feuchtigkeitsspendenden und beruhigenden Inhaltsstoffen wie Aloe, hilft dabei, den Feuchtigkeitsgehalt der Haut schnell wiederherzustellen und hinterl\u00e4sst sie weich, geschmeidig und strahlend.<\/p>\n<p data-start=\"1775\" data-end=\"2126\">Geeignet f\u00fcr alle Hauttypen, auch f\u00fcr empfindliche Haut, kann dieses Gesichtsspray jederzeit angewendet werden: vor der Feuchtigkeitspflege, \u00fcber dem Make-up oder an hei\u00dfen Tagen f\u00fcr einen sofortigen Frischekick. Die ultrafeine Textur zieht schnell ein, ohne die Haut zu beschweren oder fettig zu wirken, und ist daher ideal f\u00fcr die h\u00e4ufige Anwendung.<\/p>\n<p data-start=\"2128\" data-end=\"2479\">Zu den wichtigsten Eigenschaften z\u00e4hlen die \u00f6lfreie Formel, das praktische Sprayformat und die F\u00e4higkeit, gestresster Haut durch \u00e4u\u00dfere Einfl\u00fcsse wie Klimaanlagen oder trockene Luft sofortigen Komfort zu verleihen. Das Clinique Moisture Surge Face Spray ist die perfekte L\u00f6sung f\u00fcr alle, die eine schnelle und effektive Feuchtigkeitsversorgung suchen.<\/p>\n<p data-start=\"908\" data-end=\"1270\" data-is-last-node=\"\" data-is-only-node=\"\">Follow us <a href=\"https:\/\/www.instagram.com\/freeshopswiss\/\" target=\"_blank\" rel=\"noopener\">@freeshopswiss\u00a0<\/a><\/p>\n","protected":false},"excerpt":{"rendered":"<p>Das Clinique Moisture Surge Face Spray Thirsty Skin Relief 125ml ist ein \u00f6lfreies Feuchtigkeitsspray f\u00fcr das Gesicht, das entwickelt wurde, um trockener Haut sofortige Frische und Linderung zu schenken.<\/p>\n","protected":false},"featured_media":41556,"comment_status":"open","ping_status":"closed","template":"","meta":[],"pwb-brand":[372],"product_brand":[],"product_cat":[292,111,546],"product_tag":[419,293,300],"class_list":{"0":"post-41561","1":"product","2":"type-product","3":"status-publish","4":"has-post-thumbnail","6":"pwb-brand-clinique","7":"product_cat-behandlungen","8":"product_cat-fur-sie-de","9":"product_cat-gesichtsbehandlung","10":"product_tag-behandlungen-de","11":"product_tag-frau","12":"product_tag-gesichtsbehandlungen","14":"first","15":"instock","16":"sale","17":"taxable","18":"shipping-taxable","19":"purchasable","20":"product-type-simple"},"brands":[{"id":372,"name":"Clinique","slug":"clinique"}],"_links":{"self":[{"href":"https:\/\/www.freeshopfrontiera.ch\/de\/wp-json\/wp\/v2\/product\/41561","targetHints":{"allow":["GET"]}}],"collection":[{"href":"https:\/\/www.freeshopfrontiera.ch\/de\/wp-json\/wp\/v2\/product"}],"about":[{"href":"https:\/\/www.freeshopfrontiera.ch\/de\/wp-json\/wp\/v2\/types\/product"}],"replies":[{"embeddable":true,"href":"https:\/\/www.freeshopfrontiera.ch\/de\/wp-json\/wp\/v2\/comments?post=41561"}],"version-history":[{"count":1,"href":"https:\/\/www.freeshopfrontiera.ch\/de\/wp-json\/wp\/v2\/product\/41561\/revisions"}],"predecessor-version":[{"id":41564,"href":"https:\/\/www.freeshopfrontiera.ch\/de\/wp-json\/wp\/v2\/product\/41561\/revisions\/41564"}],"wp:featuredmedia":[{"embeddable":true,"href":"https:\/\/www.freeshopfrontiera.ch\/de\/wp-json\/wp\/v2\/media\/41556"}],"wp:attachment":[{"href":"https:\/\/www.freeshopfrontiera.ch\/de\/wp-json\/wp\/v2\/media?parent=41561"}],"wp:term":[{"taxonomy":"pwb-brand","embeddable":true,"href":"https:\/\/www.freeshopfrontiera.ch\/de\/wp-json\/wp\/v2\/pwb-brand?post=41561"},{"taxonomy":"product_brand","embeddable":true,"href":"https:\/\/www.freeshopfrontiera.ch\/de\/wp-json\/wp\/v2\/product_brand?post=41561"},{"taxonomy":"product_cat","embeddable":true,"href":"https:\/\/www.freeshopfrontiera.ch\/de\/wp-json\/wp\/v2\/product_cat?post=41561"},{"taxonomy":"product_tag","embeddable":true,"href":"https:\/\/www.freeshopfrontiera.ch\/de\/wp-json\/wp\/v2\/product_tag?post=41561"}],"curies":[{"name":"wp","href":"https:\/\/api.w.org\/{rel}","templated":true}]}}