{"id":41599,"date":"2026-01-10T08:49:19","date_gmt":"2026-01-10T08:49:19","guid":{"rendered":"https:\/\/www.freeshopfrontiera.ch\/shop\/clinique-clarifying-lotion\/"},"modified":"2026-03-25T08:53:48","modified_gmt":"2026-03-25T08:53:48","slug":"clinique-clarifying-lotion","status":"publish","type":"product","link":"https:\/\/www.freeshopfrontiera.ch\/de\/shop\/clinique-clarifying-lotion\/","title":{"rendered":"CLINIQUE Clarifying Lotion"},"content":{"rendered":"<div class=\"flex flex-col text-sm pb-25\">\n<section class=\"text-token-text-primary w-full focus:outline-none [--shadow-height:45px] has-data-writing-block:pointer-events-none has-data-writing-block:-mt-(--shadow-height) has-data-writing-block:pt-(--shadow-height) [&amp;:has([data-writing-block])&gt;*]:pointer-events-auto scroll-mt-[calc(var(--header-height)+min(200px,max(70px,20svh)))]\" dir=\"auto\" data-turn-id=\"request-WEB:947e9d55-6169-4e7e-8ef9-3db0b778c8a3-4\" data-testid=\"conversation-turn-10\" data-scroll-anchor=\"true\" data-turn=\"assistant\">\n<div class=\"text-base my-auto mx-auto pb-10 [--thread-content-margin:var(--thread-content-margin-xs,calc(var(--spacing)*4))] @w-sm\/main:[--thread-content-margin:var(--thread-content-margin-sm,calc(var(--spacing)*6))] @w-lg\/main:[--thread-content-margin:var(--thread-content-margin-lg,calc(var(--spacing)*16))] px-(--thread-content-margin)\">\n<div class=\"[--thread-content-max-width:40rem] @w-lg\/main:[--thread-content-max-width:48rem] mx-auto max-w-(--thread-content-max-width) flex-1 group\/turn-messages focus-visible:outline-hidden relative flex w-full min-w-0 flex-col agent-turn\">\n<div class=\"flex max-w-full flex-col gap-4 grow\">\n<div class=\"min-h-8 text-message relative flex w-full flex-col items-end gap-2 text-start break-words whitespace-normal outline-none keyboard-focused:focus-ring [.text-message+&amp;]:mt-1\" dir=\"auto\" tabindex=\"0\" data-message-author-role=\"assistant\" data-message-id=\"6f575c44-1f05-41c8-bd7c-de9fa5c61125\" data-message-model-slug=\"gpt-5-3\" data-turn-start-message=\"true\">\n<div class=\"flex w-full flex-col gap-1 empty:hidden\">\n<div class=\"markdown prose dark:prose-invert w-full wrap-break-word light markdown-new-styling\">\n<p data-start=\"1316\" data-end=\"1422\"><strong data-start=\"1316\" data-end=\"1422\">Clinique Clarifying Lotion 1, 2, 3, 4 \u2013 Exfolierende Gesichtslotion f\u00fcr Glattere und Strahlendere Haut<\/strong><\/p>\n<p data-start=\"1424\" data-end=\"1821\">Die Clinique Clarifying Lotion ist eine ikonische exfolierende Gesichtslotion, die entwickelt wurde, um die Reinigungsroutine zu vervollst\u00e4ndigen und abgestorbene Hautzellen, Unreinheiten sowie R\u00fcckst\u00e4nde zu entfernen, die den Teint fahl erscheinen lassen. Erh\u00e4ltlich in den Varianten 1, 2, 3 und 4, ist sie auf verschiedene Hauttypen abgestimmt und bietet eine sanfte, aber effektive Exfoliation.<\/p>\n<p data-start=\"1823\" data-end=\"2117\">Die fl\u00fcssige Formel wirkt als essenzieller Schritt, um die Hautstruktur zu verfeinern, Poren zu kl\u00e4ren und die Aufnahmef\u00e4higkeit der Haut f\u00fcr nachfolgende Pflegeprodukte zu verbessern. Nach der Anwendung wirkt die Haut sofort frischer, glatter und strahlender und f\u00fchlt sich tiefengereinigt an.<\/p>\n<p data-start=\"2119\" data-end=\"2450\">Jede Variante ist auf spezifische Bed\u00fcrfnisse abgestimmt: Clarifying Lotion 1 ist ideal f\u00fcr sehr trockene und empfindliche Haut, 2 f\u00fcr trockene bis Mischhaut, 3 f\u00fcr Mischhaut bis fettige Haut und 4 f\u00fcr fettige Haut. Diese individuelle Anpassung erm\u00f6glicht eine gezielte Pflege, ohne das nat\u00fcrliche Gleichgewicht der Haut zu st\u00f6ren.<\/p>\n<p data-start=\"2452\" data-end=\"2737\">Perfekt f\u00fcr die t\u00e4gliche Anwendung wird die Clinique Clarifying Lotion nach der Reinigung mit einem Wattepad aufgetragen und bereitet die Haut optimal auf die nachfolgenden Pflegeschritte vor. Sie ist die ideale L\u00f6sung f\u00fcr ein ebenm\u00e4\u00dfigeres, gekl\u00e4rtes und sichtbar ges\u00fcnderes Hautbild.<\/p>\n<\/div>\n<\/div>\n<\/div>\n<\/div>\n<\/div>\n<\/div>\n<\/section>\n<\/div>\n<div class=\"pointer-events-none h-px w-px absolute bottom-0\" aria-hidden=\"true\" data-edge=\"true\"><\/div>\n<p data-start=\"1118\" data-end=\"1390\" data-is-last-node=\"\" data-is-only-node=\"\">Follow us! <a href=\"https:\/\/www.instagram.com\/freeshopswiss\/\" target=\"_blank\" rel=\"noopener\">@freeshopswiss\u00a0<\/a><\/p>\n","protected":false},"excerpt":{"rendered":"<p>Die Clinique Clarifying Lotion ist eine ikonische exfolierende Gesichtslotion, die entwickelt wurde, um die Reinigungsroutine zu vervollst\u00e4ndigen und abgestorbene Hautzellen, Unreinheiten sowie R\u00fcckst\u00e4nde zu entfernen, die den Teint fahl erscheinen lassen.<\/p>\n","protected":false},"featured_media":41570,"comment_status":"open","ping_status":"closed","template":"","meta":[],"pwb-brand":[372],"product_brand":[],"product_cat":[292,546],"product_tag":[419,293,300],"class_list":{"0":"post-41599","1":"product","2":"type-product","3":"status-publish","4":"has-post-thumbnail","6":"pwb-brand-clinique","7":"product_cat-behandlungen","8":"product_cat-gesichtsbehandlung","9":"product_tag-behandlungen-de","10":"product_tag-frau","11":"product_tag-gesichtsbehandlungen","13":"first","14":"instock","15":"sale","16":"taxable","17":"shipping-taxable","18":"purchasable","19":"product-type-variable"},"brands":[{"id":372,"name":"Clinique","slug":"clinique"}],"_links":{"self":[{"href":"https:\/\/www.freeshopfrontiera.ch\/de\/wp-json\/wp\/v2\/product\/41599","targetHints":{"allow":["GET"]}}],"collection":[{"href":"https:\/\/www.freeshopfrontiera.ch\/de\/wp-json\/wp\/v2\/product"}],"about":[{"href":"https:\/\/www.freeshopfrontiera.ch\/de\/wp-json\/wp\/v2\/types\/product"}],"replies":[{"embeddable":true,"href":"https:\/\/www.freeshopfrontiera.ch\/de\/wp-json\/wp\/v2\/comments?post=41599"}],"version-history":[{"count":3,"href":"https:\/\/www.freeshopfrontiera.ch\/de\/wp-json\/wp\/v2\/product\/41599\/revisions"}],"predecessor-version":[{"id":41607,"href":"https:\/\/www.freeshopfrontiera.ch\/de\/wp-json\/wp\/v2\/product\/41599\/revisions\/41607"}],"wp:featuredmedia":[{"embeddable":true,"href":"https:\/\/www.freeshopfrontiera.ch\/de\/wp-json\/wp\/v2\/media\/41570"}],"wp:attachment":[{"href":"https:\/\/www.freeshopfrontiera.ch\/de\/wp-json\/wp\/v2\/media?parent=41599"}],"wp:term":[{"taxonomy":"pwb-brand","embeddable":true,"href":"https:\/\/www.freeshopfrontiera.ch\/de\/wp-json\/wp\/v2\/pwb-brand?post=41599"},{"taxonomy":"product_brand","embeddable":true,"href":"https:\/\/www.freeshopfrontiera.ch\/de\/wp-json\/wp\/v2\/product_brand?post=41599"},{"taxonomy":"product_cat","embeddable":true,"href":"https:\/\/www.freeshopfrontiera.ch\/de\/wp-json\/wp\/v2\/product_cat?post=41599"},{"taxonomy":"product_tag","embeddable":true,"href":"https:\/\/www.freeshopfrontiera.ch\/de\/wp-json\/wp\/v2\/product_tag?post=41599"}],"curies":[{"name":"wp","href":"https:\/\/api.w.org\/{rel}","templated":true}]}}