{"id":41804,"date":"2026-01-10T13:41:30","date_gmt":"2026-01-10T13:41:30","guid":{"rendered":"https:\/\/www.freeshopfrontiera.ch\/shop\/spada-rabiha-eau-de-parfum-100ml\/"},"modified":"2026-03-30T13:44:54","modified_gmt":"2026-03-30T13:44:54","slug":"spada-rabiha-eau-de-parfum-100ml","status":"publish","type":"product","link":"https:\/\/www.freeshopfrontiera.ch\/de\/shop\/spada-rabiha-eau-de-parfum-100ml\/","title":{"rendered":"SPADA Rabiha Eau de Parfum 100ml"},"content":{"rendered":"<div class=\"flex flex-col text-sm pb-25\">\n<section class=\"text-token-text-primary w-full focus:outline-none [--shadow-height:45px] has-data-writing-block:pointer-events-none has-data-writing-block:-mt-(--shadow-height) has-data-writing-block:pt-(--shadow-height) [&amp;:has([data-writing-block])&gt;*]:pointer-events-auto scroll-mt-[calc(var(--header-height)+min(200px,max(70px,20svh)))]\" dir=\"auto\" data-turn-id=\"request-WEB:c13564c9-a613-4912-91b0-4ae7685487f7-2\" data-testid=\"conversation-turn-6\" data-scroll-anchor=\"true\" data-turn=\"assistant\">\n<div class=\"text-base my-auto mx-auto pb-10 [--thread-content-margin:var(--thread-content-margin-xs,calc(var(--spacing)*4))] @w-sm\/main:[--thread-content-margin:var(--thread-content-margin-sm,calc(var(--spacing)*6))] @w-lg\/main:[--thread-content-margin:var(--thread-content-margin-lg,calc(var(--spacing)*16))] px-(--thread-content-margin)\">\n<div class=\"[--thread-content-max-width:40rem] @w-lg\/main:[--thread-content-max-width:48rem] mx-auto max-w-(--thread-content-max-width) flex-1 group\/turn-messages focus-visible:outline-hidden relative flex w-full min-w-0 flex-col agent-turn\">\n<div class=\"flex max-w-full flex-col gap-4 grow\">\n<div class=\"min-h-8 text-message relative flex w-full flex-col items-end gap-2 text-start break-words whitespace-normal outline-none keyboard-focused:focus-ring [.text-message+&amp;]:mt-1\" dir=\"auto\" tabindex=\"0\" data-message-author-role=\"assistant\" data-message-id=\"411bdd22-2a42-43f9-8685-c6f5dc161c65\" data-message-model-slug=\"gpt-5-3\" data-turn-start-message=\"true\">\n<div class=\"flex w-full flex-col gap-1 empty:hidden\">\n<div class=\"markdown prose dark:prose-invert w-full wrap-break-word light markdown-new-styling\">\n<p data-start=\"1192\" data-end=\"1265\"><strong data-start=\"1192\" data-end=\"1265\">SPADA Rabiha Eau de Parfum 100ml \u2013 Eleganter und sinnlicher Damenduft<\/strong><\/p>\n<p data-start=\"1267\" data-end=\"1574\">SPADA Rabiha Eau de Parfum ist ein raffinierter und umh\u00fcllender Duft, der f\u00fcr die Frau geschaffen wurde, die Eleganz, Weiblichkeit und unwiderstehlichen Charme ausstrahlen m\u00f6chte. Dieses Parfum \u00fcberzeugt durch seinen modernen und anspruchsvollen Charakter und eignet sich perfekt f\u00fcr jeden Moment des Tages.<\/p>\n<p data-start=\"1576\" data-end=\"1937\">Der Auftakt ist strahlend und leicht fruchtig, mit frischen und einladenden Kopfnoten, die sofort die Sinne ansprechen. Im Herzen entfaltet sich ein elegantes und harmonisches Blumenbouquet, das Anmut und feminine S\u00fc\u00dfe unterstreicht. Die Basisnoten sind warm und sinnlich, gepr\u00e4gt von Amber- und Moschusakkorden, die f\u00fcr Tiefe und langanhaltende Wirkung sorgen.<\/p>\n<p data-start=\"1939\" data-end=\"2266\">SPADA Rabiha ist die ideale Wahl f\u00fcr alle, die sich mit Stil und Zur\u00fcckhaltung abheben m\u00f6chten. Vielseitig und faszinierend eignet sich dieser Duft sowohl f\u00fcr den Alltag als auch f\u00fcr besondere Anl\u00e4sse und hinterl\u00e4sst eine zarte, aber unvergessliche Spur. Dank seines eleganten Stils ist er auch eine hervorragende Geschenkidee.<\/p>\n<\/div>\n<\/div>\n<\/div>\n<\/div>\n<div class=\"z-0 flex min-h-[46px] justify-start\"><\/div>\n<div class=\"mt-3 w-full empty:hidden\">\n<div class=\"text-center\"><\/div>\n<\/div>\n<\/div>\n<\/div>\n<\/section>\n<\/div>\n<div class=\"pointer-events-none h-px w-px absolute bottom-0\" aria-hidden=\"true\" data-edge=\"true\">Follow us! <a href=\"https:\/\/www.instagram.com\/freeshopswiss\/\" target=\"_blank\" rel=\"noopener\">@freeshopswiss\u00a0<\/a><\/div>\n","protected":false},"excerpt":{"rendered":"<p data-start=\"80\" data-end=\"389\">SPADA Rabiha Eau de Parfum ist ein raffinierter und umh\u00fcllender Duft, der f\u00fcr die Frau geschaffen wurde, die Eleganz, Weiblichkeit und unwiderstehlichen Charme ausstrahlen m\u00f6chte.<\/p>\n","protected":false},"featured_media":41799,"comment_status":"open","ping_status":"closed","template":"","meta":[],"pwb-brand":[914],"product_brand":[],"product_cat":[144,84,111,4196],"product_tag":[790,952,254,293],"class_list":{"0":"post-41804","1":"product","2":"type-product","3":"status-publish","4":"has-post-thumbnail","6":"pwb-brand-spada","7":"product_cat-bietet","8":"product_cat-duefte","9":"product_cat-fur-sie-de","10":"product_cat-dufte-aktion","11":"product_tag-womens-fragrances-de","12":"product_tag-profumi-de","13":"product_tag-eau-de-parfum-de","14":"product_tag-frau","16":"first","17":"instock","18":"sale","19":"taxable","20":"shipping-taxable","21":"purchasable","22":"product-type-simple"},"brands":[{"id":914,"name":"Spada","slug":"spada"}],"_links":{"self":[{"href":"https:\/\/www.freeshopfrontiera.ch\/de\/wp-json\/wp\/v2\/product\/41804","targetHints":{"allow":["GET"]}}],"collection":[{"href":"https:\/\/www.freeshopfrontiera.ch\/de\/wp-json\/wp\/v2\/product"}],"about":[{"href":"https:\/\/www.freeshopfrontiera.ch\/de\/wp-json\/wp\/v2\/types\/product"}],"replies":[{"embeddable":true,"href":"https:\/\/www.freeshopfrontiera.ch\/de\/wp-json\/wp\/v2\/comments?post=41804"}],"version-history":[{"count":1,"href":"https:\/\/www.freeshopfrontiera.ch\/de\/wp-json\/wp\/v2\/product\/41804\/revisions"}],"predecessor-version":[{"id":41806,"href":"https:\/\/www.freeshopfrontiera.ch\/de\/wp-json\/wp\/v2\/product\/41804\/revisions\/41806"}],"wp:featuredmedia":[{"embeddable":true,"href":"https:\/\/www.freeshopfrontiera.ch\/de\/wp-json\/wp\/v2\/media\/41799"}],"wp:attachment":[{"href":"https:\/\/www.freeshopfrontiera.ch\/de\/wp-json\/wp\/v2\/media?parent=41804"}],"wp:term":[{"taxonomy":"pwb-brand","embeddable":true,"href":"https:\/\/www.freeshopfrontiera.ch\/de\/wp-json\/wp\/v2\/pwb-brand?post=41804"},{"taxonomy":"product_brand","embeddable":true,"href":"https:\/\/www.freeshopfrontiera.ch\/de\/wp-json\/wp\/v2\/product_brand?post=41804"},{"taxonomy":"product_cat","embeddable":true,"href":"https:\/\/www.freeshopfrontiera.ch\/de\/wp-json\/wp\/v2\/product_cat?post=41804"},{"taxonomy":"product_tag","embeddable":true,"href":"https:\/\/www.freeshopfrontiera.ch\/de\/wp-json\/wp\/v2\/product_tag?post=41804"}],"curies":[{"name":"wp","href":"https:\/\/api.w.org\/{rel}","templated":true}]}}