{"id":41860,"date":"2026-01-10T08:04:01","date_gmt":"2026-01-10T08:04:01","guid":{"rendered":"https:\/\/www.freeshopfrontiera.ch\/shop\/lattafa-eclair-eau-de-parfum-100ml\/"},"modified":"2026-03-31T08:09:10","modified_gmt":"2026-03-31T08:09:10","slug":"lattafa-eclair-eau-de-parfum-100ml","status":"publish","type":"product","link":"https:\/\/www.freeshopfrontiera.ch\/de\/shop\/lattafa-eclair-eau-de-parfum-100ml\/","title":{"rendered":"LATTAFA Eclair Eau de Parfum 100ml"},"content":{"rendered":"<div class=\"flex flex-col text-sm pb-25\">\n<section class=\"text-token-text-primary w-full focus:outline-none [--shadow-height:45px] has-data-writing-block:pointer-events-none has-data-writing-block:-mt-(--shadow-height) has-data-writing-block:pt-(--shadow-height) [&amp;:has([data-writing-block])&gt;*]:pointer-events-auto scroll-mt-[calc(var(--header-height)+min(200px,max(70px,20svh)))]\" dir=\"auto\" data-turn-id=\"request-WEB:0786fcb2-a0fb-48a8-8526-d66868a9e860-2\" data-testid=\"conversation-turn-6\" data-scroll-anchor=\"true\" data-turn=\"assistant\">\n<div class=\"text-base my-auto mx-auto pb-10 [--thread-content-margin:var(--thread-content-margin-xs,calc(var(--spacing)*4))] @w-sm\/main:[--thread-content-margin:var(--thread-content-margin-sm,calc(var(--spacing)*6))] @w-lg\/main:[--thread-content-margin:var(--thread-content-margin-lg,calc(var(--spacing)*16))] px-(--thread-content-margin)\">\n<div class=\"[--thread-content-max-width:40rem] @w-lg\/main:[--thread-content-max-width:48rem] mx-auto max-w-(--thread-content-max-width) flex-1 group\/turn-messages focus-visible:outline-hidden relative flex w-full min-w-0 flex-col agent-turn\">\n<div class=\"flex max-w-full flex-col gap-4 grow\">\n<div class=\"min-h-8 text-message relative flex w-full flex-col items-end gap-2 text-start break-words whitespace-normal outline-none keyboard-focused:focus-ring [.text-message+&amp;]:mt-1\" dir=\"auto\" tabindex=\"0\" data-message-author-role=\"assistant\" data-message-id=\"26e39d1b-85ed-41c0-8647-3408bfbece9c\" data-message-model-slug=\"gpt-5-3\" data-turn-start-message=\"true\">\n<div class=\"flex w-full flex-col gap-1 empty:hidden\">\n<div class=\"markdown prose dark:prose-invert w-full wrap-break-word light markdown-new-styling\">\n<p data-start=\"1296\" data-end=\"1377\"><strong data-start=\"1296\" data-end=\"1377\">Lattafa Eclair Eau de Parfum 100ml \u2013 S\u00fc\u00dfer, gourmandiger und umh\u00fcllender Duft<\/strong><\/p>\n<p data-start=\"1379\" data-end=\"1704\">Lattafa Eclair Eau de Parfum 100ml ist ein unwiderstehlicher und verf\u00fchrerischer Duft f\u00fcr alle, die s\u00fc\u00dfe, cremige und intensiv umh\u00fcllende Kompositionen lieben. Inspiriert von der Welt der feinen Patisserie, begeistert dieses Parfum mit einem modernen Gourmand-Charakter und hinterl\u00e4sst eine unvergessliche, elegante Duftspur.<\/p>\n<p data-start=\"1706\" data-end=\"2127\">Der Auftakt ist k\u00f6stlich und strahlend, mit zuckrigen und samtigen Kopfnoten, die an frisch zubereitete Desserts erinnern. Im Herzen entfalten sich cremige und zart blumige Akkorde, die dem Duft Eleganz und Weichheit verleihen und ihn ausgewogen und raffiniert machen. Die Basis ist warm und langanhaltend, mit Noten von Vanille, Karamell und ambrierten Nuancen, die die Haut in eine sinnliche und wohltuende Aura h\u00fcllen.<\/p>\n<p data-start=\"2129\" data-end=\"2445\">Eclair \u00fcberzeugt durch seine intensive S\u00fc\u00dfe, die durch eine elegante Struktur ausbalanciert wird, und eignet sich ideal f\u00fcr k\u00fchlere Jahreszeiten, besondere Anl\u00e4sse oder f\u00fcr alle, die einen auff\u00e4lligen Duft suchen. Die lange Haltbarkeit und die umh\u00fcllende Sillage machen ihn perfekt f\u00fcr Liebhaber von Gourmand-D\u00fcften.<\/p>\n<p data-start=\"2447\" data-end=\"2598\">Geeignet f\u00fcr Damen und Herren, die s\u00fc\u00dfe und cremige Noten lieben \u2013 Lattafa Eclair bietet ein k\u00f6stliches, raffiniertes und unvergessliches Dufterlebnis.<\/p>\n<\/div>\n<\/div>\n<\/div>\n<\/div>\n<div class=\"z-0 flex min-h-[46px] justify-start\"><\/div>\n<div class=\"mt-3 w-full empty:hidden\">\n<div class=\"text-center\">Follow us! <a href=\"https:\/\/www.instagram.com\/freeshopswiss\/\" target=\"_blank\" rel=\"noopener\">@freeshopswiss\u00a0<\/a><\/div>\n<\/div>\n<\/div>\n<\/div>\n<\/section>\n<\/div>\n<div class=\"pointer-events-none h-px w-px absolute bottom-0\" aria-hidden=\"true\" data-edge=\"true\"><\/div>\n","protected":false},"excerpt":{"rendered":"<p>Lattafa Eclair Eau de Parfum 100ml ist ein unwiderstehlicher und verf\u00fchrerischer Duft f\u00fcr alle, die s\u00fc\u00dfe, cremige und intensiv umh\u00fcllende Kompositionen lieben.<\/p>\n","protected":false},"featured_media":41855,"comment_status":"open","ping_status":"closed","template":"","meta":[],"pwb-brand":[772],"product_brand":[],"product_cat":[84,111],"product_tag":[790,952,254,293],"class_list":{"0":"post-41860","1":"product","2":"type-product","3":"status-publish","4":"has-post-thumbnail","6":"pwb-brand-lattafa","7":"product_cat-duefte","8":"product_cat-fur-sie-de","9":"product_tag-womens-fragrances-de","10":"product_tag-profumi-de","11":"product_tag-eau-de-parfum-de","12":"product_tag-frau","14":"first","15":"instock","16":"sale","17":"taxable","18":"shipping-taxable","19":"purchasable","20":"product-type-simple"},"brands":[{"id":772,"name":"Lattafa","slug":"lattafa"}],"_links":{"self":[{"href":"https:\/\/www.freeshopfrontiera.ch\/de\/wp-json\/wp\/v2\/product\/41860","targetHints":{"allow":["GET"]}}],"collection":[{"href":"https:\/\/www.freeshopfrontiera.ch\/de\/wp-json\/wp\/v2\/product"}],"about":[{"href":"https:\/\/www.freeshopfrontiera.ch\/de\/wp-json\/wp\/v2\/types\/product"}],"replies":[{"embeddable":true,"href":"https:\/\/www.freeshopfrontiera.ch\/de\/wp-json\/wp\/v2\/comments?post=41860"}],"version-history":[{"count":1,"href":"https:\/\/www.freeshopfrontiera.ch\/de\/wp-json\/wp\/v2\/product\/41860\/revisions"}],"predecessor-version":[{"id":41865,"href":"https:\/\/www.freeshopfrontiera.ch\/de\/wp-json\/wp\/v2\/product\/41860\/revisions\/41865"}],"wp:featuredmedia":[{"embeddable":true,"href":"https:\/\/www.freeshopfrontiera.ch\/de\/wp-json\/wp\/v2\/media\/41855"}],"wp:attachment":[{"href":"https:\/\/www.freeshopfrontiera.ch\/de\/wp-json\/wp\/v2\/media?parent=41860"}],"wp:term":[{"taxonomy":"pwb-brand","embeddable":true,"href":"https:\/\/www.freeshopfrontiera.ch\/de\/wp-json\/wp\/v2\/pwb-brand?post=41860"},{"taxonomy":"product_brand","embeddable":true,"href":"https:\/\/www.freeshopfrontiera.ch\/de\/wp-json\/wp\/v2\/product_brand?post=41860"},{"taxonomy":"product_cat","embeddable":true,"href":"https:\/\/www.freeshopfrontiera.ch\/de\/wp-json\/wp\/v2\/product_cat?post=41860"},{"taxonomy":"product_tag","embeddable":true,"href":"https:\/\/www.freeshopfrontiera.ch\/de\/wp-json\/wp\/v2\/product_tag?post=41860"}],"curies":[{"name":"wp","href":"https:\/\/api.w.org\/{rel}","templated":true}]}}