{"id":42093,"date":"2026-04-09T09:05:45","date_gmt":"2026-04-09T09:05:45","guid":{"rendered":"https:\/\/www.freeshopfrontiera.ch\/shop\/medicube-red-cream-2-0-50ml\/"},"modified":"2026-04-09T09:08:06","modified_gmt":"2026-04-09T09:08:06","slug":"medicube-red-cream-2-0-50ml","status":"publish","type":"product","link":"https:\/\/www.freeshopfrontiera.ch\/de\/shop\/medicube-red-cream-2-0-50ml\/","title":{"rendered":"MEDICUBE Red Cream 2.0 50ml"},"content":{"rendered":"<div class=\"flex flex-col text-sm\">\n<section class=\"text-token-text-primary w-full focus:outline-none [--shadow-height:45px] has-data-writing-block:pointer-events-none has-data-writing-block:-mt-(--shadow-height) has-data-writing-block:pt-(--shadow-height) [&amp;:has([data-writing-block])&gt;*]:pointer-events-auto scroll-mt-[calc(var(--header-height)+min(200px,max(70px,20svh)))]\" dir=\"auto\" data-turn-id=\"request-WEB:a8282d08-cec8-4de0-9b8a-4eb3cec990f5-7\" data-testid=\"conversation-turn-16\" data-scroll-anchor=\"true\" data-turn=\"assistant\">\n<div class=\"text-base my-auto mx-auto pb-10 [--thread-content-margin:var(--thread-content-margin-xs,calc(var(--spacing)*4))] @w-sm\/main:[--thread-content-margin:var(--thread-content-margin-sm,calc(var(--spacing)*6))] @w-lg\/main:[--thread-content-margin:var(--thread-content-margin-lg,calc(var(--spacing)*16))] px-(--thread-content-margin)\">\n<div class=\"[--thread-content-max-width:40rem] @w-lg\/main:[--thread-content-max-width:48rem] mx-auto max-w-(--thread-content-max-width) flex-1 group\/turn-messages focus-visible:outline-hidden relative flex w-full min-w-0 flex-col agent-turn\">\n<div class=\"flex max-w-full flex-col gap-4 grow\">\n<div class=\"min-h-8 text-message relative flex w-full flex-col items-end gap-2 text-start break-words whitespace-normal outline-none keyboard-focused:focus-ring [.text-message+&amp;]:mt-1\" dir=\"auto\" tabindex=\"0\" data-message-author-role=\"assistant\" data-message-id=\"1caceee7-d701-403c-9e0e-e61e913f7d43\" data-turn-start-message=\"true\" data-message-model-slug=\"gpt-5-3\">\n<div class=\"flex w-full flex-col gap-1 empty:hidden\">\n<div class=\"markdown prose dark:prose-invert w-full wrap-break-word light markdown-new-styling\">\n<p data-start=\"1410\" data-end=\"1499\"><strong data-start=\"1410\" data-end=\"1499\">Medicube Red Cream 2.0 50ml \u2013 Beruhigende und Kl\u00e4rende Gesichtscreme f\u00fcr Unreine Haut<\/strong><\/p>\n<p data-start=\"1501\" data-end=\"1973\">Medicube Red Cream 2.0 50ml ist eine koreanische Gesichtscreme, die speziell f\u00fcr empfindliche und zu Akne neigende Haut entwickelt wurde und eine wirksame, aber sanfte Pflege bietet. Sie hilft, die Talgproduktion zu regulieren und Hautunreinheiten zu reduzieren, und sorgt so f\u00fcr ein ges\u00fcnderes, ebenm\u00e4\u00dfigeres und strahlenderes Hautbild. Die leichte, nicht komedogene Textur zieht schnell ein, ohne die Haut zu beschweren, und eignet sich ideal f\u00fcr die t\u00e4gliche Anwendung.<\/p>\n<p data-start=\"1975\" data-end=\"2360\">Die Formel enth\u00e4lt aktive Inhaltsstoffe wie <strong data-start=\"2019\" data-end=\"2056\">Niacinamid, Adenosin und Zinc PCA<\/strong>, die das Hautbild verbessern, R\u00f6tungen reduzieren und \u00fcbersch\u00fcssigen Talg kontrollieren. Erg\u00e4nzt wird sie durch <strong data-start=\"2169\" data-end=\"2218\">Teebaum und verschiedene pflanzliche Extrakte<\/strong>, die f\u00fcr ihre beruhigenden und reinigenden Eigenschaften bekannt sind und helfen, Irritationen zu lindern und neuen Unreinheiten vorzubeugen.<\/p>\n<p data-start=\"2362\" data-end=\"2634\">Die Creme \u00fcberzeugt durch einen minimalistischen, aber effektiven Pflegeansatz: Sie spendet intensive Feuchtigkeit, beruhigt die Haut und st\u00e4rkt die Hautbarriere. Ideal f\u00fcr Mischhaut, fettige und problematische Haut, insbesondere bei Akne, R\u00f6tungen und vergr\u00f6\u00dferten Poren.<\/p>\n<p data-start=\"2636\" data-end=\"2802\">Medicube Red Cream 2.0 ist die perfekte Wahl f\u00fcr alle, die eine sanfte und zugleich wirksame t\u00e4gliche Pflege suchen, die das Hautbild langfristig sichtbar verbessert.<\/p>\n<\/div>\n<\/div>\n<\/div>\n<\/div>\n<div class=\"z-0 flex min-h-[46px] justify-start\"><\/div>\n<div class=\"mt-3 w-full empty:hidden\">\n<div class=\"text-center\"><\/div>\n<\/div>\n<\/div>\n<\/div>\n<\/section>\n<\/div>\n<div class=\"pointer-events-none h-px w-px absolute bottom-0\" aria-hidden=\"true\" data-edge=\"true\">Follow us! <a href=\"https:\/\/www.instagram.com\/freeshopswiss\/\" target=\"_blank\" rel=\"noopener\">@freeshopswiss<\/a><\/div>\n","protected":false},"excerpt":{"rendered":"<p>Medicube Red Cream 2.0 50ml ist eine koreanische Gesichtscreme, die speziell f\u00fcr empfindliche und zu Akne neigende Haut entwickelt wurde und eine wirksame, aber sanfte Pflege bietet.<\/p>\n","protected":false},"featured_media":42084,"comment_status":"open","ping_status":"closed","template":"","meta":[],"pwb-brand":[1000],"product_brand":[],"product_cat":[292,546],"product_tag":[419,293,300],"class_list":{"0":"post-42093","1":"product","2":"type-product","3":"status-publish","4":"has-post-thumbnail","6":"pwb-brand-medicube","7":"product_cat-behandlungen","8":"product_cat-gesichtsbehandlung","9":"product_tag-behandlungen-de","10":"product_tag-frau","11":"product_tag-gesichtsbehandlungen","13":"first","14":"instock","15":"sale","16":"taxable","17":"shipping-taxable","18":"purchasable","19":"product-type-simple"},"brands":[{"id":1000,"name":"Medicube","slug":"medicube"}],"_links":{"self":[{"href":"https:\/\/www.freeshopfrontiera.ch\/de\/wp-json\/wp\/v2\/product\/42093","targetHints":{"allow":["GET"]}}],"collection":[{"href":"https:\/\/www.freeshopfrontiera.ch\/de\/wp-json\/wp\/v2\/product"}],"about":[{"href":"https:\/\/www.freeshopfrontiera.ch\/de\/wp-json\/wp\/v2\/types\/product"}],"replies":[{"embeddable":true,"href":"https:\/\/www.freeshopfrontiera.ch\/de\/wp-json\/wp\/v2\/comments?post=42093"}],"version-history":[{"count":1,"href":"https:\/\/www.freeshopfrontiera.ch\/de\/wp-json\/wp\/v2\/product\/42093\/revisions"}],"predecessor-version":[{"id":42095,"href":"https:\/\/www.freeshopfrontiera.ch\/de\/wp-json\/wp\/v2\/product\/42093\/revisions\/42095"}],"wp:featuredmedia":[{"embeddable":true,"href":"https:\/\/www.freeshopfrontiera.ch\/de\/wp-json\/wp\/v2\/media\/42084"}],"wp:attachment":[{"href":"https:\/\/www.freeshopfrontiera.ch\/de\/wp-json\/wp\/v2\/media?parent=42093"}],"wp:term":[{"taxonomy":"pwb-brand","embeddable":true,"href":"https:\/\/www.freeshopfrontiera.ch\/de\/wp-json\/wp\/v2\/pwb-brand?post=42093"},{"taxonomy":"product_brand","embeddable":true,"href":"https:\/\/www.freeshopfrontiera.ch\/de\/wp-json\/wp\/v2\/product_brand?post=42093"},{"taxonomy":"product_cat","embeddable":true,"href":"https:\/\/www.freeshopfrontiera.ch\/de\/wp-json\/wp\/v2\/product_cat?post=42093"},{"taxonomy":"product_tag","embeddable":true,"href":"https:\/\/www.freeshopfrontiera.ch\/de\/wp-json\/wp\/v2\/product_tag?post=42093"}],"curies":[{"name":"wp","href":"https:\/\/api.w.org\/{rel}","templated":true}]}}