{"id":42126,"date":"2026-04-09T10:56:58","date_gmt":"2026-04-09T10:56:58","guid":{"rendered":"https:\/\/www.freeshopfrontiera.ch\/shop\/arencia-mochi-holy-hyssop-serum-30-50g\/"},"modified":"2026-04-09T11:00:49","modified_gmt":"2026-04-09T11:00:49","slug":"arencia-mochi-holy-hyssop-serum-30-50g","status":"publish","type":"product","link":"https:\/\/www.freeshopfrontiera.ch\/de\/shop\/arencia-mochi-holy-hyssop-serum-30-50g\/","title":{"rendered":"ARENCIA Mochi Holy Hyssop Serum 30 50g"},"content":{"rendered":"<p data-start=\"1302\" data-end=\"1414\"><strong data-start=\"1302\" data-end=\"1412\">Arencia Mochi Holy Hyssop Serum 30 50g \u2013 Beruhigendes und Feuchtigkeitsspendendes Serum f\u00fcr Alle Hauttypen<\/strong><\/p>\n<p data-start=\"1416\" data-end=\"1914\">Arencia Mochi Holy Hyssop Serum 30 50g ist ein innovatives Gesichtsserum, das tiefenwirksam hydratisiert, Irritationen lindert und die Hautbarriere st\u00e4rkt. Geeignet f\u00fcr alle Hauttypen, auch empfindliche Haut, vereint dieses Serum nat\u00fcrliche Inhaltsstoffe mit fortschrittlicher Kosmetologie und bietet sofortige beruhigende Effekte sowie langanhaltende Feuchtigkeit. Die leichte, seidige Textur zieht schnell ein, ohne R\u00fcckst\u00e4nde zu hinterlassen, und macht die Haut weich, elastisch und strahlend.<\/p>\n<p data-start=\"1916\" data-end=\"2389\">Die Formel ist angereichert mit <strong data-start=\"1948\" data-end=\"1991\">Extrakt aus heiligem Ysop (Holy Hyssop)<\/strong>, bekannt f\u00fcr antioxidative und beruhigende Eigenschaften, und <strong data-start=\"2054\" data-end=\"2071\">Hyalurons\u00e4ure<\/strong>, die hilft, die optimale Feuchtigkeit zu bewahren und Trockenheit vorzubeugen. In Kombination mit weiteren pflanzlichen Extrakten und n\u00e4hrenden Inhaltsstoffen unterst\u00fctzt das Serum die Regeneration der Haut und tr\u00e4gt dazu bei, R\u00f6tungen und Irritationen zu reduzieren, wodurch das Hautbild insgesamt verbessert wird.<\/p>\n<p data-start=\"2391\" data-end=\"2726\">Arencia Mochi Holy Hyssop Serum 30 eignet sich perfekt f\u00fcr die t\u00e4gliche Hautpflege, morgens und abends, vor der Feuchtigkeitscreme. Auch als beruhigende Behandlung nach Sonnenexposition oder f\u00fcr gestresste und gereizte Haut ideal, ist es ein wertvoller Begleiter f\u00fcr alle, die ein nat\u00fcrliches, sanftes und hochwirksames Serum suchen.<\/p>\n<p data-start=\"1022\" data-end=\"1383\">Follow us! <a href=\"https:\/\/www.instagram.com\/freeshopswiss\/\" target=\"_blank\" rel=\"noopener\">@freeshopswiss\u00a0<\/a><\/p>\n","protected":false},"excerpt":{"rendered":"<p>Arencia Mochi Holy Hyssop Serum 30 50g ist ein innovatives Gesichtsserum, das tiefenwirksam hydratisiert, Irritationen lindert und die Hautbarriere st\u00e4rkt.<\/p>\n","protected":false},"featured_media":42121,"comment_status":"open","ping_status":"closed","template":"","meta":[],"pwb-brand":[4053],"product_brand":[],"product_cat":[292,111,546],"product_tag":[419,293,300],"class_list":{"0":"post-42126","1":"product","2":"type-product","3":"status-publish","4":"has-post-thumbnail","6":"pwb-brand-arencia","7":"product_cat-behandlungen","8":"product_cat-fur-sie-de","9":"product_cat-gesichtsbehandlung","10":"product_tag-behandlungen-de","11":"product_tag-frau","12":"product_tag-gesichtsbehandlungen","14":"first","15":"instock","16":"sale","17":"taxable","18":"shipping-taxable","19":"purchasable","20":"product-type-simple"},"brands":[{"id":4053,"name":"Arencia","slug":"arencia"}],"_links":{"self":[{"href":"https:\/\/www.freeshopfrontiera.ch\/de\/wp-json\/wp\/v2\/product\/42126","targetHints":{"allow":["GET"]}}],"collection":[{"href":"https:\/\/www.freeshopfrontiera.ch\/de\/wp-json\/wp\/v2\/product"}],"about":[{"href":"https:\/\/www.freeshopfrontiera.ch\/de\/wp-json\/wp\/v2\/types\/product"}],"replies":[{"embeddable":true,"href":"https:\/\/www.freeshopfrontiera.ch\/de\/wp-json\/wp\/v2\/comments?post=42126"}],"version-history":[{"count":1,"href":"https:\/\/www.freeshopfrontiera.ch\/de\/wp-json\/wp\/v2\/product\/42126\/revisions"}],"predecessor-version":[{"id":42131,"href":"https:\/\/www.freeshopfrontiera.ch\/de\/wp-json\/wp\/v2\/product\/42126\/revisions\/42131"}],"wp:featuredmedia":[{"embeddable":true,"href":"https:\/\/www.freeshopfrontiera.ch\/de\/wp-json\/wp\/v2\/media\/42121"}],"wp:attachment":[{"href":"https:\/\/www.freeshopfrontiera.ch\/de\/wp-json\/wp\/v2\/media?parent=42126"}],"wp:term":[{"taxonomy":"pwb-brand","embeddable":true,"href":"https:\/\/www.freeshopfrontiera.ch\/de\/wp-json\/wp\/v2\/pwb-brand?post=42126"},{"taxonomy":"product_brand","embeddable":true,"href":"https:\/\/www.freeshopfrontiera.ch\/de\/wp-json\/wp\/v2\/product_brand?post=42126"},{"taxonomy":"product_cat","embeddable":true,"href":"https:\/\/www.freeshopfrontiera.ch\/de\/wp-json\/wp\/v2\/product_cat?post=42126"},{"taxonomy":"product_tag","embeddable":true,"href":"https:\/\/www.freeshopfrontiera.ch\/de\/wp-json\/wp\/v2\/product_tag?post=42126"}],"curies":[{"name":"wp","href":"https:\/\/api.w.org\/{rel}","templated":true}]}}