{"id":42157,"date":"2026-01-10T09:21:26","date_gmt":"2026-01-10T09:21:26","guid":{"rendered":"https:\/\/www.freeshopfrontiera.ch\/shop\/arencia-mochi-fresh-red-smoothie-serum\/"},"modified":"2026-04-10T09:26:59","modified_gmt":"2026-04-10T09:26:59","slug":"arencia-mochi-fresh-red-smoothie-serum","status":"publish","type":"product","link":"https:\/\/www.freeshopfrontiera.ch\/de\/shop\/arencia-mochi-fresh-red-smoothie-serum\/","title":{"rendered":"ARENCIA Mochi Fresh Red Smoothie Serum"},"content":{"rendered":"<p data-start=\"1265\" data-end=\"1392\"><strong data-start=\"1265\" data-end=\"1392\">ARENCIA Mochi Fresh Red Smoothie Serum 30 \u2013 Gesichtsserum mit Kollagen, Peptiden und Hagebutte f\u00fcr straffe, strahlende Haut<\/strong><\/p>\n<p data-start=\"1394\" data-end=\"1751\">Entdecken Sie die revitalisierende Wirkung des ARENCIA Mochi Fresh Red Smoothie Serum 30, ein innovatives Gesichtsserum, das entwickelt wurde, um Elastizit\u00e4t, Leuchtkraft und intensive Feuchtigkeit der Haut zu verbessern. Die leichte, seidige Textur zieht schnell ein und hinterl\u00e4sst die Haut weich und sichtbar straffer bereits nach den ersten Anwendungen.<\/p>\n<p data-start=\"1753\" data-end=\"2233\">Die <strong data-start=\"1757\" data-end=\"1770\">Kopfnoten<\/strong> er\u00f6ffnen mit einer frischen und fruchtigen Nuance, inspiriert von einem \u201eRed Smoothie\u201c, die ein belebendes Gef\u00fchl verleiht. Im <strong data-start=\"1898\" data-end=\"1919\">Herzen der Formel<\/strong> wirken Peptide und Kollagen synergistisch, um die Hautstruktur zu verbessern, Zeichen der Hautalterung zu reduzieren und die Hautbarriere zu st\u00e4rken. Die <strong data-start=\"2074\" data-end=\"2088\">Basisnoten<\/strong> werden durch Hagebutte gepr\u00e4gt, reich an Antioxidantien, die die Haut tiefenwirksam n\u00e4hren und ihr ein gesundes, strahlendes Aussehen verleihen.<\/p>\n<p data-start=\"2235\" data-end=\"2420\">Geeignet f\u00fcr alle Hauttypen, besonders f\u00fcr m\u00fcde, gestresste oder erste Anzeichen von Hautalterung, l\u00e4sst sich dieses Serum perfekt in die t\u00e4gliche Pflege morgens und abends integrieren.<\/p>\n<p data-start=\"2422\" data-end=\"2543\">ARENCIA Mochi Fresh Red Smoothie Serum 30 ist die ideale Wahl f\u00fcr eine glattere, straffere und nat\u00fcrlich strahlende Haut.<\/p>\n<p data-start=\"1144\" data-end=\"1319\" data-is-last-node=\"\" data-is-only-node=\"\">Follow us! <a href=\"https:\/\/www.instagram.com\/freeshopswiss\/\" target=\"_blank\" rel=\"noopener\">@freeshopswiss\u00a0<\/a><\/p>\n","protected":false},"excerpt":{"rendered":"<p>Entdecken Sie die revitalisierende Wirkung des ARENCIA Mochi Fresh Red Smoothie Serum 30, ein innovatives Gesichtsserum, das entwickelt wurde, um Elastizit\u00e4t, Leuchtkraft und intensive Feuchtigkeit der Haut zu verbessern.<\/p>\n","protected":false},"featured_media":42148,"comment_status":"open","ping_status":"closed","template":"","meta":[],"pwb-brand":[4053],"product_brand":[],"product_cat":[292,111,546],"product_tag":[419,293,300],"class_list":{"0":"post-42157","1":"product","2":"type-product","3":"status-publish","4":"has-post-thumbnail","6":"pwb-brand-arencia","7":"product_cat-behandlungen","8":"product_cat-fur-sie-de","9":"product_cat-gesichtsbehandlung","10":"product_tag-behandlungen-de","11":"product_tag-frau","12":"product_tag-gesichtsbehandlungen","14":"first","15":"instock","16":"sale","17":"taxable","18":"shipping-taxable","19":"purchasable","20":"product-type-simple"},"brands":[{"id":4053,"name":"Arencia","slug":"arencia"}],"_links":{"self":[{"href":"https:\/\/www.freeshopfrontiera.ch\/de\/wp-json\/wp\/v2\/product\/42157","targetHints":{"allow":["GET"]}}],"collection":[{"href":"https:\/\/www.freeshopfrontiera.ch\/de\/wp-json\/wp\/v2\/product"}],"about":[{"href":"https:\/\/www.freeshopfrontiera.ch\/de\/wp-json\/wp\/v2\/types\/product"}],"replies":[{"embeddable":true,"href":"https:\/\/www.freeshopfrontiera.ch\/de\/wp-json\/wp\/v2\/comments?post=42157"}],"version-history":[{"count":1,"href":"https:\/\/www.freeshopfrontiera.ch\/de\/wp-json\/wp\/v2\/product\/42157\/revisions"}],"predecessor-version":[{"id":42159,"href":"https:\/\/www.freeshopfrontiera.ch\/de\/wp-json\/wp\/v2\/product\/42157\/revisions\/42159"}],"wp:featuredmedia":[{"embeddable":true,"href":"https:\/\/www.freeshopfrontiera.ch\/de\/wp-json\/wp\/v2\/media\/42148"}],"wp:attachment":[{"href":"https:\/\/www.freeshopfrontiera.ch\/de\/wp-json\/wp\/v2\/media?parent=42157"}],"wp:term":[{"taxonomy":"pwb-brand","embeddable":true,"href":"https:\/\/www.freeshopfrontiera.ch\/de\/wp-json\/wp\/v2\/pwb-brand?post=42157"},{"taxonomy":"product_brand","embeddable":true,"href":"https:\/\/www.freeshopfrontiera.ch\/de\/wp-json\/wp\/v2\/product_brand?post=42157"},{"taxonomy":"product_cat","embeddable":true,"href":"https:\/\/www.freeshopfrontiera.ch\/de\/wp-json\/wp\/v2\/product_cat?post=42157"},{"taxonomy":"product_tag","embeddable":true,"href":"https:\/\/www.freeshopfrontiera.ch\/de\/wp-json\/wp\/v2\/product_tag?post=42157"}],"curies":[{"name":"wp","href":"https:\/\/api.w.org\/{rel}","templated":true}]}}