{"id":42170,"date":"2026-01-10T09:35:43","date_gmt":"2026-01-10T09:35:43","guid":{"rendered":"https:\/\/www.freeshopfrontiera.ch\/shop\/arencia-fresh-cloud-body-scalp-scrub-260g\/"},"modified":"2026-04-10T09:37:54","modified_gmt":"2026-04-10T09:37:54","slug":"arencia-fresh-cloud-body-scalp-scrub-260g","status":"publish","type":"product","link":"https:\/\/www.freeshopfrontiera.ch\/de\/shop\/arencia-fresh-cloud-body-scalp-scrub-260g\/","title":{"rendered":"ARENCIA Fresh Cloud Body &#038; Scalp Scrub 260g"},"content":{"rendered":"<p data-start=\"1295\" data-end=\"1426\"><strong data-start=\"1295\" data-end=\"1426\">ARENCIA Fresh Cloud Body &amp; Scalp Scrub Geranium &amp; Primrose \u2013 Revitalisierendes und aufhellendes Peeling f\u00fcr K\u00f6rper und Kopfhaut<\/strong><\/p>\n<p data-start=\"1428\" data-end=\"1743\">ARENCIA Fresh Cloud Body &amp; Scalp Scrub Geranium &amp; Primrose ist ein multifunktionales Peeling, das entwickelt wurde, um K\u00f6rper und Kopfhaut zu reinigen, zu gl\u00e4tten und zu revitalisieren. Die weiche, cremige, wolken\u00e4hnliche Textur umh\u00fcllt die Haut sanft und entfernt effektiv abgestorbene Hautzellen und Unreinheiten.<\/p>\n<p data-start=\"1745\" data-end=\"2136\">Die <strong data-start=\"1749\" data-end=\"1762\">Kopfnoten<\/strong> er\u00f6ffnen mit dem frischen, blumigen Duft von Geranie, der sofort ein Gef\u00fchl von Sauberkeit und Wohlbefinden vermittelt. Im <strong data-start=\"1886\" data-end=\"1907\">Herzen der Formel<\/strong> entfaltet die Nachtkerze ihre beruhigenden und pflegenden Eigenschaften, bringt die Haut ins Gleichgewicht und macht sie geschmeidig. Die <strong data-start=\"2046\" data-end=\"2060\">Basisnoten<\/strong> sorgen f\u00fcr eine dezente, nat\u00fcrliche Frische mit langanhaltendem Wohlgef\u00fchl.<\/p>\n<p data-start=\"2138\" data-end=\"2428\">Geeignet f\u00fcr alle Haut- und Kopfhauttypen, f\u00f6rdert dieses Peeling die Zellerneuerung und verbessert die Hautstruktur, sodass die Haut glatter, strahlender und ebenm\u00e4\u00dfiger erscheint. Ideal f\u00fcr die Anwendung unter der Dusche, verwandelt es die t\u00e4gliche Pflege in einen Moment der Entspannung.<\/p>\n<p data-start=\"2430\" data-end=\"2547\">ARENCIA Fresh Cloud Scrub ist die perfekte Wahl f\u00fcr gereinigte, seidige und sichtbar ges\u00fcndere Haut von Kopf bis Fu\u00df.<\/p>\n<p data-start=\"1195\" data-end=\"1334\" data-is-last-node=\"\" data-is-only-node=\"\">Follow us! <a href=\"https:\/\/www.instagram.com\/freeshopswiss\/\" target=\"_blank\" rel=\"noopener\">@freeshopswiss\u00a0<\/a><\/p>\n","protected":false},"excerpt":{"rendered":"<p>ARENCIA Fresh Cloud Body &amp; Scalp Scrub Geranium &amp; Primrose ist ein multifunktionales Peeling, das entwickelt wurde, um K\u00f6rper und Kopfhaut zu reinigen, zu gl\u00e4tten und zu revitalisieren.<\/p>\n","protected":false},"featured_media":42165,"comment_status":"open","ping_status":"closed","template":"","meta":[],"pwb-brand":[4053],"product_brand":[],"product_cat":[292,111,546],"product_tag":[419,293,300],"class_list":{"0":"post-42170","1":"product","2":"type-product","3":"status-publish","4":"has-post-thumbnail","6":"pwb-brand-arencia","7":"product_cat-behandlungen","8":"product_cat-fur-sie-de","9":"product_cat-gesichtsbehandlung","10":"product_tag-behandlungen-de","11":"product_tag-frau","12":"product_tag-gesichtsbehandlungen","14":"first","15":"instock","16":"sale","17":"taxable","18":"shipping-taxable","19":"purchasable","20":"product-type-simple"},"brands":[{"id":4053,"name":"Arencia","slug":"arencia"}],"_links":{"self":[{"href":"https:\/\/www.freeshopfrontiera.ch\/de\/wp-json\/wp\/v2\/product\/42170","targetHints":{"allow":["GET"]}}],"collection":[{"href":"https:\/\/www.freeshopfrontiera.ch\/de\/wp-json\/wp\/v2\/product"}],"about":[{"href":"https:\/\/www.freeshopfrontiera.ch\/de\/wp-json\/wp\/v2\/types\/product"}],"replies":[{"embeddable":true,"href":"https:\/\/www.freeshopfrontiera.ch\/de\/wp-json\/wp\/v2\/comments?post=42170"}],"version-history":[{"count":1,"href":"https:\/\/www.freeshopfrontiera.ch\/de\/wp-json\/wp\/v2\/product\/42170\/revisions"}],"predecessor-version":[{"id":42172,"href":"https:\/\/www.freeshopfrontiera.ch\/de\/wp-json\/wp\/v2\/product\/42170\/revisions\/42172"}],"wp:featuredmedia":[{"embeddable":true,"href":"https:\/\/www.freeshopfrontiera.ch\/de\/wp-json\/wp\/v2\/media\/42165"}],"wp:attachment":[{"href":"https:\/\/www.freeshopfrontiera.ch\/de\/wp-json\/wp\/v2\/media?parent=42170"}],"wp:term":[{"taxonomy":"pwb-brand","embeddable":true,"href":"https:\/\/www.freeshopfrontiera.ch\/de\/wp-json\/wp\/v2\/pwb-brand?post=42170"},{"taxonomy":"product_brand","embeddable":true,"href":"https:\/\/www.freeshopfrontiera.ch\/de\/wp-json\/wp\/v2\/product_brand?post=42170"},{"taxonomy":"product_cat","embeddable":true,"href":"https:\/\/www.freeshopfrontiera.ch\/de\/wp-json\/wp\/v2\/product_cat?post=42170"},{"taxonomy":"product_tag","embeddable":true,"href":"https:\/\/www.freeshopfrontiera.ch\/de\/wp-json\/wp\/v2\/product_tag?post=42170"}],"curies":[{"name":"wp","href":"https:\/\/api.w.org\/{rel}","templated":true}]}}