{"id":42184,"date":"2026-01-10T09:46:15","date_gmt":"2026-01-10T09:46:15","guid":{"rendered":"https:\/\/www.freeshopfrontiera.ch\/shop\/arencia-artisans-hyssop-blurring-night-cream-30g\/"},"modified":"2026-04-10T09:49:03","modified_gmt":"2026-04-10T09:49:03","slug":"arencia-artisans-hyssop-blurring-night-cream-30g","status":"publish","type":"product","link":"https:\/\/www.freeshopfrontiera.ch\/de\/shop\/arencia-artisans-hyssop-blurring-night-cream-30g\/","title":{"rendered":"ARENCIA Artisan&#8217;s Hyssop Blurring Night Cream 30g"},"content":{"rendered":"<p data-start=\"1237\" data-end=\"1337\"><strong data-start=\"1237\" data-end=\"1337\">ARENCIA Artisan\u2019s Hyssop Blurring Night Cream \u2013 Gl\u00e4ttende und regenerierende Nachtcreme mit Ysop<\/strong><\/p>\n<p data-start=\"1339\" data-end=\"1679\">ARENCIA Artisan\u2019s Hyssop Blurring Night Cream ist eine intensive Nachtpflege, die die Haut w\u00e4hrend des Schlafs regeneriert, die Hautstruktur sichtbar verbessert und am Morgen einen gl\u00e4ttenden \u201eBlur\u201c-Effekt verleiht. Die reichhaltige und zugleich samtige Textur verschmilzt mit der Haut und spendet tiefenwirksame Pflege, ohne zu beschweren.<\/p>\n<p data-start=\"1681\" data-end=\"2160\">Die <strong data-start=\"1685\" data-end=\"1698\">Kopfnoten<\/strong> er\u00f6ffnen mit einer frischen, krautigen Note von Ysop, die eine beruhigende und reinigende Wirkung entfaltet \u2013 ideal f\u00fcr die abendliche Pflegeroutine. Im <strong data-start=\"1852\" data-end=\"1873\">Herzen der Formel<\/strong> wirken feuchtigkeitsspendende und gl\u00e4ttende Wirkstoffe, um das Hautbild zu verfeinern, Poren zu minimieren und den Teint auszugleichen. Die <strong data-start=\"2014\" data-end=\"2028\">Basisnoten<\/strong> hinterlassen ein weiches, angenehmes Hautgef\u00fchl und tragen dazu bei, die Elastizit\u00e4t zu bewahren und die Haut sichtbar zu festigen.<\/p>\n<p data-start=\"2162\" data-end=\"2331\">Geeignet f\u00fcr alle Hauttypen, insbesondere f\u00fcr m\u00fcde Haut, ungleichm\u00e4\u00dfige Textur oder fahle Haut, unterst\u00fctzt diese Nachtcreme den nat\u00fcrlichen Erneuerungsprozess der Haut.<\/p>\n<p data-start=\"2333\" data-end=\"2471\">ARENCIA Artisan\u2019s Hyssop Blurring Night Cream ist die ideale L\u00f6sung f\u00fcr ein glatteres, ebenm\u00e4\u00dfigeres und strahlenderes Hautbild am Morgen.<\/p>\n<p data-start=\"1117\" data-end=\"1284\" data-is-last-node=\"\" data-is-only-node=\"\">Follow us! <a href=\"https:\/\/www.instagram.com\/freeshopswiss\/\" target=\"_blank\" rel=\"noopener\">@freeshopswiss\u00a0<\/a><\/p>\n","protected":false},"excerpt":{"rendered":"<p>ARENCIA Artisan\u2019s Hyssop Blurring Night Cream ist eine intensive Nachtpflege, die die Haut w\u00e4hrend des Schlafs regeneriert, die Hautstruktur sichtbar verbessert und am Morgen einen gl\u00e4ttenden \u201eBlur\u201c-Effekt verleiht.<\/p>\n","protected":false},"featured_media":42179,"comment_status":"open","ping_status":"closed","template":"","meta":[],"pwb-brand":[4053],"product_brand":[],"product_cat":[292,111,546],"product_tag":[419,293,300],"class_list":{"0":"post-42184","1":"product","2":"type-product","3":"status-publish","4":"has-post-thumbnail","6":"pwb-brand-arencia","7":"product_cat-behandlungen","8":"product_cat-fur-sie-de","9":"product_cat-gesichtsbehandlung","10":"product_tag-behandlungen-de","11":"product_tag-frau","12":"product_tag-gesichtsbehandlungen","14":"first","15":"instock","16":"sale","17":"taxable","18":"shipping-taxable","19":"purchasable","20":"product-type-simple"},"brands":[{"id":4053,"name":"Arencia","slug":"arencia"}],"_links":{"self":[{"href":"https:\/\/www.freeshopfrontiera.ch\/de\/wp-json\/wp\/v2\/product\/42184","targetHints":{"allow":["GET"]}}],"collection":[{"href":"https:\/\/www.freeshopfrontiera.ch\/de\/wp-json\/wp\/v2\/product"}],"about":[{"href":"https:\/\/www.freeshopfrontiera.ch\/de\/wp-json\/wp\/v2\/types\/product"}],"replies":[{"embeddable":true,"href":"https:\/\/www.freeshopfrontiera.ch\/de\/wp-json\/wp\/v2\/comments?post=42184"}],"version-history":[{"count":1,"href":"https:\/\/www.freeshopfrontiera.ch\/de\/wp-json\/wp\/v2\/product\/42184\/revisions"}],"predecessor-version":[{"id":42186,"href":"https:\/\/www.freeshopfrontiera.ch\/de\/wp-json\/wp\/v2\/product\/42184\/revisions\/42186"}],"wp:featuredmedia":[{"embeddable":true,"href":"https:\/\/www.freeshopfrontiera.ch\/de\/wp-json\/wp\/v2\/media\/42179"}],"wp:attachment":[{"href":"https:\/\/www.freeshopfrontiera.ch\/de\/wp-json\/wp\/v2\/media?parent=42184"}],"wp:term":[{"taxonomy":"pwb-brand","embeddable":true,"href":"https:\/\/www.freeshopfrontiera.ch\/de\/wp-json\/wp\/v2\/pwb-brand?post=42184"},{"taxonomy":"product_brand","embeddable":true,"href":"https:\/\/www.freeshopfrontiera.ch\/de\/wp-json\/wp\/v2\/product_brand?post=42184"},{"taxonomy":"product_cat","embeddable":true,"href":"https:\/\/www.freeshopfrontiera.ch\/de\/wp-json\/wp\/v2\/product_cat?post=42184"},{"taxonomy":"product_tag","embeddable":true,"href":"https:\/\/www.freeshopfrontiera.ch\/de\/wp-json\/wp\/v2\/product_tag?post=42184"}],"curies":[{"name":"wp","href":"https:\/\/api.w.org\/{rel}","templated":true}]}}