{"id":42199,"date":"2026-01-10T13:48:54","date_gmt":"2026-01-10T13:48:54","guid":{"rendered":"https:\/\/www.freeshopfrontiera.ch\/shop\/ahmed-al-maghribi-blu-oud-eau-de-parfum100ml\/"},"modified":"2026-04-10T15:14:06","modified_gmt":"2026-04-10T15:14:06","slug":"ahmed-al-maghribi-blu-oud-eau-de-parfum100ml","status":"publish","type":"product","link":"https:\/\/www.freeshopfrontiera.ch\/de\/shop\/ahmed-al-maghribi-blu-oud-eau-de-parfum100ml\/","title":{"rendered":"AHMED AL MAGHRIBI Blu Oud Eau de Parfum 100ml"},"content":{"rendered":"<section class=\"text-token-text-primary w-full focus:outline-none [--shadow-height:45px] has-data-writing-block:pointer-events-none has-data-writing-block:-mt-(--shadow-height) has-data-writing-block:pt-(--shadow-height) [&amp;:has([data-writing-block])&gt;*]:pointer-events-auto scroll-mt-(--header-height)\" dir=\"auto\" data-turn-id=\"7b56024d-bb4c-4b67-b7a1-c3ec39889366\" data-testid=\"conversation-turn-25\" data-scroll-anchor=\"false\" data-turn=\"user\"><\/section>\n<section class=\"text-token-text-primary w-full focus:outline-none [--shadow-height:45px] has-data-writing-block:pointer-events-none has-data-writing-block:-mt-(--shadow-height) has-data-writing-block:pt-(--shadow-height) [&amp;:has([data-writing-block])&gt;*]:pointer-events-auto scroll-mt-[calc(var(--header-height)+min(200px,max(70px,20svh)))]\" dir=\"auto\" data-turn-id=\"request-WEB:f4538767-aaca-46e6-a469-6b5dfba73074-12\" data-testid=\"conversation-turn-26\" data-scroll-anchor=\"true\" data-turn=\"assistant\">\n<div class=\"text-base my-auto mx-auto pb-10 [--thread-content-margin:var(--thread-content-margin-xs,calc(var(--spacing)*4))] @w-sm\/main:[--thread-content-margin:var(--thread-content-margin-sm,calc(var(--spacing)*6))] @w-lg\/main:[--thread-content-margin:var(--thread-content-margin-lg,calc(var(--spacing)*16))] px-(--thread-content-margin)\">\n<div class=\"[--thread-content-max-width:40rem] @w-lg\/main:[--thread-content-max-width:48rem] mx-auto max-w-(--thread-content-max-width) flex-1 group\/turn-messages focus-visible:outline-hidden relative flex w-full min-w-0 flex-col agent-turn\">\n<div class=\"flex max-w-full flex-col gap-4 grow\">\n<div class=\"min-h-8 text-message relative flex w-full flex-col items-end gap-2 text-start break-words whitespace-normal outline-none keyboard-focused:focus-ring [.text-message+&amp;]:mt-1\" dir=\"auto\" tabindex=\"0\" data-message-author-role=\"assistant\" data-message-id=\"ce0d19e2-f327-42d3-ac79-9b92c10edb1d\" data-message-model-slug=\"gpt-5-3-mini\" data-turn-start-message=\"true\">\n<div class=\"flex w-full flex-col gap-1 empty:hidden\">\n<div class=\"markdown prose dark:prose-invert w-full wrap-break-word light markdown-new-styling\">\n<p data-start=\"1370\" data-end=\"1473\"><strong data-start=\"1370\" data-end=\"1473\">AHMED AL MAGHRIBI Blu Oud Eau de Parfum \u2013 Intensiver und raffinierter Oud-Duft f\u00fcr Damen und Herren<\/strong><\/p>\n<p data-start=\"1475\" data-end=\"1815\">AHMED AL MAGHRIBI Blu Oud Eau de Parfum ist ein eleganter und umh\u00fcllender Duft, der die kostbare Intensit\u00e4t von Oud in einer modernen und raffinierten Komposition zelebriert. Entwickelt f\u00fcr alle, die kr\u00e4ftige, aber ausgewogene D\u00fcfte lieben, verk\u00f6rpert dieses 100ml Eau de Parfum Charakter, Luxus und olfaktorische Tiefe mit jedem Spr\u00fchsto\u00df.<\/p>\n<p data-start=\"1817\" data-end=\"2363\">Die <strong data-start=\"1821\" data-end=\"1834\">Kopfnoten<\/strong> er\u00f6ffnen mit einem frischen, leicht w\u00fcrzigen Akkord, der der Komposition sofortige Strahlkraft verleiht und einen lebendigen, verf\u00fchrerischen Auftakt schafft. Im <strong data-start=\"1997\" data-end=\"2018\">Herzen des Duftes<\/strong> verbindet sich das charakteristische Oud mit holzigen und harzigen Nuancen und entwickelt ein reiches, warmes und langanhaltendes Aroma, das die Sinne mit orientalischer Eleganz umh\u00fcllt. Die <strong data-start=\"2210\" data-end=\"2224\">Basisnoten<\/strong> offenbaren eine sinnliche Mischung aus Amber und edlen H\u00f6lzern, die Struktur, Tiefe und eine langanhaltende, raffinierte Sillage verleiht.<\/p>\n<p data-start=\"2365\" data-end=\"2688\">Blu Oud ist ein vielseitiger Duft, ideal f\u00fcr Tag und Abend, perfekt f\u00fcr besondere Anl\u00e4sse oder f\u00fcr alle, die im Alltag eine unverwechselbare Duftsignatur hinterlassen m\u00f6chten. Seine intensive, aber harmonische Pers\u00f6nlichkeit macht ihn sowohl f\u00fcr Damen als auch Herren geeignet, die einen eleganten und modernen Duft suchen.<\/p>\n<p data-start=\"2690\" data-end=\"2818\">AHMED AL MAGHRIBI Blu Oud Eau de Parfum ist die ideale Wahl f\u00fcr alle, die sich mit zeitloser Eleganz und Charme abheben m\u00f6chten.<\/p>\n<\/div>\n<p data-start=\"1228\" data-end=\"1349\" data-is-last-node=\"\" data-is-only-node=\"\">Follow us! <a href=\"https:\/\/www.instagram.com\/freeshopswiss\/\" target=\"_blank\" rel=\"noopener\">@freeshopswiss<\/a><\/p>\n<\/div>\n<\/div>\n<\/div>\n<\/div>\n<\/div>\n<\/section>\n","protected":false},"excerpt":{"rendered":"<p>AHMED AL MAGHRIBI Blu Oud Eau de Parfum ist ein eleganter und umh\u00fcllender Duft, der die kostbare Intensit\u00e4t von Oud in einer modernen und raffinierten Komposition zelebriert.<\/p>\n","protected":false},"featured_media":42195,"comment_status":"open","ping_status":"closed","template":"","meta":[],"pwb-brand":[4229],"product_brand":[],"product_cat":[84,86,111,4196],"product_tag":[790,952,254,293,953,1642],"class_list":{"0":"post-42199","1":"product","2":"type-product","3":"status-publish","4":"has-post-thumbnail","6":"pwb-brand-ahmed-al-maghribi","7":"product_cat-duefte","8":"product_cat-fur-ihn-de","9":"product_cat-fur-sie-de","10":"product_cat-dufte-aktion","11":"product_tag-womens-fragrances-de","12":"product_tag-profumi-de","13":"product_tag-eau-de-parfum-de","14":"product_tag-frau","15":"product_tag-uomo-de","16":"product_tag-mens-fragrances-de","18":"first","19":"instock","20":"sale","21":"taxable","22":"shipping-taxable","23":"purchasable","24":"product-type-simple"},"brands":[{"id":4229,"name":"AHMED AL MAGHRIBI","slug":"ahmed-al-maghribi"}],"_links":{"self":[{"href":"https:\/\/www.freeshopfrontiera.ch\/de\/wp-json\/wp\/v2\/product\/42199","targetHints":{"allow":["GET"]}}],"collection":[{"href":"https:\/\/www.freeshopfrontiera.ch\/de\/wp-json\/wp\/v2\/product"}],"about":[{"href":"https:\/\/www.freeshopfrontiera.ch\/de\/wp-json\/wp\/v2\/types\/product"}],"replies":[{"embeddable":true,"href":"https:\/\/www.freeshopfrontiera.ch\/de\/wp-json\/wp\/v2\/comments?post=42199"}],"version-history":[{"count":1,"href":"https:\/\/www.freeshopfrontiera.ch\/de\/wp-json\/wp\/v2\/product\/42199\/revisions"}],"predecessor-version":[{"id":42202,"href":"https:\/\/www.freeshopfrontiera.ch\/de\/wp-json\/wp\/v2\/product\/42199\/revisions\/42202"}],"wp:featuredmedia":[{"embeddable":true,"href":"https:\/\/www.freeshopfrontiera.ch\/de\/wp-json\/wp\/v2\/media\/42195"}],"wp:attachment":[{"href":"https:\/\/www.freeshopfrontiera.ch\/de\/wp-json\/wp\/v2\/media?parent=42199"}],"wp:term":[{"taxonomy":"pwb-brand","embeddable":true,"href":"https:\/\/www.freeshopfrontiera.ch\/de\/wp-json\/wp\/v2\/pwb-brand?post=42199"},{"taxonomy":"product_brand","embeddable":true,"href":"https:\/\/www.freeshopfrontiera.ch\/de\/wp-json\/wp\/v2\/product_brand?post=42199"},{"taxonomy":"product_cat","embeddable":true,"href":"https:\/\/www.freeshopfrontiera.ch\/de\/wp-json\/wp\/v2\/product_cat?post=42199"},{"taxonomy":"product_tag","embeddable":true,"href":"https:\/\/www.freeshopfrontiera.ch\/de\/wp-json\/wp\/v2\/product_tag?post=42199"}],"curies":[{"name":"wp","href":"https:\/\/api.w.org\/{rel}","templated":true}]}}