{"id":42292,"date":"2026-01-10T13:00:40","date_gmt":"2026-01-10T13:00:40","guid":{"rendered":"https:\/\/www.freeshopfrontiera.ch\/shop\/giorgio-armani-si-nude-bloom\/"},"modified":"2026-04-13T13:10:05","modified_gmt":"2026-04-13T13:10:05","slug":"giorgio-armani-si-nude-bloom","status":"publish","type":"product","link":"https:\/\/www.freeshopfrontiera.ch\/de\/shop\/giorgio-armani-si-nude-bloom\/","title":{"rendered":"GIORGIO ARMANI Si\u00b4 Nude Bloom"},"content":{"rendered":"<section class=\"text-token-text-primary w-full focus:outline-none [--shadow-height:45px] has-data-writing-block:pointer-events-none has-data-writing-block:-mt-(--shadow-height) has-data-writing-block:pt-(--shadow-height) [&amp;:has([data-writing-block])&gt;*]:pointer-events-auto scroll-mt-(--header-height)\" dir=\"auto\" data-turn-id=\"4951c78d-acd0-4b46-a626-221f7bd31946\" data-testid=\"conversation-turn-19\" data-scroll-anchor=\"false\" data-turn=\"user\"><\/section>\n<section class=\"text-token-text-primary w-full focus:outline-none [--shadow-height:45px] has-data-writing-block:pointer-events-none has-data-writing-block:-mt-(--shadow-height) has-data-writing-block:pt-(--shadow-height) [&amp;:has([data-writing-block])&gt;*]:pointer-events-auto scroll-mt-[calc(var(--header-height)+min(200px,max(70px,20svh)))]\" dir=\"auto\" data-turn-id=\"request-WEB:a9ab2ea1-d674-45f8-a9a1-105df137b999-13\" data-testid=\"conversation-turn-20\" data-scroll-anchor=\"true\" data-turn=\"assistant\">\n<div class=\"text-base my-auto mx-auto pb-10 [--thread-content-margin:var(--thread-content-margin-xs,calc(var(--spacing)*4))] @w-sm\/main:[--thread-content-margin:var(--thread-content-margin-sm,calc(var(--spacing)*6))] @w-lg\/main:[--thread-content-margin:var(--thread-content-margin-lg,calc(var(--spacing)*16))] px-(--thread-content-margin)\">\n<div class=\"[--thread-content-max-width:40rem] @w-lg\/main:[--thread-content-max-width:48rem] mx-auto max-w-(--thread-content-max-width) flex-1 group\/turn-messages focus-visible:outline-hidden relative flex w-full min-w-0 flex-col agent-turn\">\n<div class=\"flex max-w-full flex-col gap-4 grow\">\n<div class=\"min-h-8 text-message relative flex w-full flex-col items-end gap-2 text-start break-words whitespace-normal outline-none keyboard-focused:focus-ring [.text-message+&amp;]:mt-1\" dir=\"auto\" tabindex=\"0\" data-message-author-role=\"assistant\" data-message-id=\"f6075db5-3e3b-4858-99a9-7ce0bc68362e\" data-message-model-slug=\"gpt-5-3\" data-turn-start-message=\"true\">\n<div class=\"flex w-full flex-col gap-1 empty:hidden\">\n<div class=\"markdown prose dark:prose-invert w-full wrap-break-word light markdown-new-styling\">\n<p data-start=\"1242\" data-end=\"1318\"><strong data-start=\"1242\" data-end=\"1318\">Giorgio Armani S\u00ec Nude Bloom \u2013 Zarte Eleganz und strahlende Weiblichkeit<\/strong><\/p>\n<p data-start=\"1320\" data-end=\"1701\">Entdecken Sie die \u00e4therische Raffinesse von Giorgio Armani Si Nude Bloom, einem modernen und eleganten Damenduft, der nat\u00fcrliche Sch\u00f6nheit und dezente Sinnlichkeit zelebriert. Kreiert vom renommierten Modehaus <span class=\"hover:entity-accent entity-underline inline cursor-pointer align-baseline\"><span class=\"whitespace-normal\">Giorgio Armani<\/span><\/span>, zeichnet sich dieser Duft durch seine leuchtende florale Komposition aus, die Weiblichkeit mit Leichtigkeit und Anmut unterstreicht.<\/p>\n<p data-start=\"1703\" data-end=\"2159\">Der Auftakt ist frisch und zart, mit leichten und luftigen Kopfnoten, die ein elegantes und raffiniertes Bouquet er\u00f6ffnen. Im Herzen entfalten sich weiche, samtige Bl\u00fctennoten, inspiriert von der Reinheit der Bl\u00fctenbl\u00e4tter, die dem Duft eine romantische und umh\u00fcllende Note verleihen. Die Basis wird von warmen, moschusartigen Noten gepr\u00e4gt, die Tiefe und eine subtile Sinnlichkeit hinzuf\u00fcgen und einen eleganten, langanhaltenden Duftschleier hinterlassen.<\/p>\n<p data-start=\"2161\" data-end=\"2459\">S\u00ec Nude Bloom ist die ideale Wahl f\u00fcr Frauen, die zarte, aber dennoch charakterstarke D\u00fcfte lieben \u2013 perfekt f\u00fcr den Alltag sowie f\u00fcr besondere Anl\u00e4sse. Sein Stil ist elegant, minimalistisch und nat\u00fcrlich, f\u00fcr Frauen, die ihre Pers\u00f6nlichkeit mit Stil und Zur\u00fcckhaltung zum Ausdruck bringen m\u00f6chten.<\/p>\n<p data-start=\"2461\" data-end=\"2567\">Ein leuchtender und femininer Duft, Symbol f\u00fcr Reinheit und moderne Eleganz, geeignet f\u00fcr jede Jahreszeit.<\/p>\n<p>&nbsp;<\/p>\n<p>Follow us! <a href=\"https:\/\/www.instagram.com\/freeshopswiss\/\" target=\"_blank\" rel=\"noopener\">@freeshopswiss<\/a><\/p>\n<\/div>\n<\/div>\n<\/div>\n<\/div>\n<\/div>\n<\/div>\n<\/section>\n","protected":false},"excerpt":{"rendered":"<p>Entdecken Sie die \u00e4therische Raffinesse von Giorgio Armani Si Nude Bloom, einem modernen und eleganten Damenduft, der nat\u00fcrliche Sch\u00f6nheit und dezente Sinnlichkeit zelebriert.<\/p>\n","protected":false},"featured_media":42277,"comment_status":"open","ping_status":"closed","template":"","meta":[],"pwb-brand":[263],"product_brand":[],"product_cat":[84,111],"product_tag":[790,952,254,293],"class_list":{"0":"post-42292","1":"product","2":"type-product","3":"status-publish","4":"has-post-thumbnail","6":"pwb-brand-giorgio-armani","7":"product_cat-duefte","8":"product_cat-fur-sie-de","9":"product_tag-womens-fragrances-de","10":"product_tag-profumi-de","11":"product_tag-eau-de-parfum-de","12":"product_tag-frau","14":"first","15":"instock","16":"sale","17":"taxable","18":"shipping-taxable","19":"purchasable","20":"product-type-variable"},"brands":[{"id":263,"name":"Giorgio Armani","slug":"giorgio-armani"}],"_links":{"self":[{"href":"https:\/\/www.freeshopfrontiera.ch\/de\/wp-json\/wp\/v2\/product\/42292","targetHints":{"allow":["GET"]}}],"collection":[{"href":"https:\/\/www.freeshopfrontiera.ch\/de\/wp-json\/wp\/v2\/product"}],"about":[{"href":"https:\/\/www.freeshopfrontiera.ch\/de\/wp-json\/wp\/v2\/types\/product"}],"replies":[{"embeddable":true,"href":"https:\/\/www.freeshopfrontiera.ch\/de\/wp-json\/wp\/v2\/comments?post=42292"}],"version-history":[{"count":2,"href":"https:\/\/www.freeshopfrontiera.ch\/de\/wp-json\/wp\/v2\/product\/42292\/revisions"}],"predecessor-version":[{"id":42302,"href":"https:\/\/www.freeshopfrontiera.ch\/de\/wp-json\/wp\/v2\/product\/42292\/revisions\/42302"}],"wp:featuredmedia":[{"embeddable":true,"href":"https:\/\/www.freeshopfrontiera.ch\/de\/wp-json\/wp\/v2\/media\/42277"}],"wp:attachment":[{"href":"https:\/\/www.freeshopfrontiera.ch\/de\/wp-json\/wp\/v2\/media?parent=42292"}],"wp:term":[{"taxonomy":"pwb-brand","embeddable":true,"href":"https:\/\/www.freeshopfrontiera.ch\/de\/wp-json\/wp\/v2\/pwb-brand?post=42292"},{"taxonomy":"product_brand","embeddable":true,"href":"https:\/\/www.freeshopfrontiera.ch\/de\/wp-json\/wp\/v2\/product_brand?post=42292"},{"taxonomy":"product_cat","embeddable":true,"href":"https:\/\/www.freeshopfrontiera.ch\/de\/wp-json\/wp\/v2\/product_cat?post=42292"},{"taxonomy":"product_tag","embeddable":true,"href":"https:\/\/www.freeshopfrontiera.ch\/de\/wp-json\/wp\/v2\/product_tag?post=42292"}],"curies":[{"name":"wp","href":"https:\/\/api.w.org\/{rel}","templated":true}]}}