{"id":42429,"date":"2026-04-17T07:55:20","date_gmt":"2026-04-17T07:55:20","guid":{"rendered":"https:\/\/www.freeshopfrontiera.ch\/shop\/lattafa-eclaire-banoffi-eau-de-parfum-100ml\/"},"modified":"2026-04-17T07:57:30","modified_gmt":"2026-04-17T07:57:30","slug":"lattafa-eclaire-banoffi-eau-de-parfum-100ml","status":"publish","type":"product","link":"https:\/\/www.freeshopfrontiera.ch\/de\/shop\/lattafa-eclaire-banoffi-eau-de-parfum-100ml\/","title":{"rendered":"LATTAFA Eclaire Banoffi Eau de Parfum 100ml"},"content":{"rendered":"<div class=\"flex flex-col text-sm pb-25\">\n<section class=\"text-token-text-primary w-full focus:outline-none [--shadow-height:45px] has-data-writing-block:pointer-events-none has-data-writing-block:-mt-(--shadow-height) has-data-writing-block:pt-(--shadow-height) [&amp;:has([data-writing-block])&gt;*]:pointer-events-auto scroll-mt-[calc(var(--header-height)+min(200px,max(70px,20svh)))]\" dir=\"auto\" data-turn-id=\"request-WEB:8562524c-7915-424a-bc60-4d60121451fd-8\" data-testid=\"conversation-turn-18\" data-scroll-anchor=\"true\" data-turn=\"assistant\">\n<div class=\"text-base my-auto mx-auto pb-10 [--thread-content-margin:var(--thread-content-margin-xs,calc(var(--spacing)*4))] @w-sm\/main:[--thread-content-margin:var(--thread-content-margin-sm,calc(var(--spacing)*6))] @w-lg\/main:[--thread-content-margin:var(--thread-content-margin-lg,calc(var(--spacing)*16))] px-(--thread-content-margin)\">\n<div class=\"[--thread-content-max-width:40rem] @w-lg\/main:[--thread-content-max-width:48rem] mx-auto max-w-(--thread-content-max-width) flex-1 group\/turn-messages focus-visible:outline-hidden relative flex w-full min-w-0 flex-col agent-turn\">\n<div class=\"flex max-w-full flex-col gap-4 grow\">\n<div class=\"min-h-8 text-message relative flex w-full flex-col items-end gap-2 text-start break-words whitespace-normal outline-none keyboard-focused:focus-ring [.text-message+&amp;]:mt-1\" dir=\"auto\" tabindex=\"0\" data-message-author-role=\"assistant\" data-message-id=\"c4696965-b9ce-4a80-bdff-e5c16f2900f9\" data-message-model-slug=\"gpt-5-3\" data-turn-start-message=\"true\">\n<div class=\"flex w-full flex-col gap-1 empty:hidden\">\n<div class=\"markdown prose dark:prose-invert w-full wrap-break-word light markdown-new-styling\">\n<p data-start=\"956\" data-end=\"1055\"><strong data-start=\"956\" data-end=\"1055\">Lattafa Eclaire Banoffi Eau de Parfum 100ml \u2013 Intensive und umh\u00fcllende Gourmand-Duftkomposition<\/strong><\/p>\n<p data-start=\"1057\" data-end=\"1622\">Lass dich von Lattafa Eclaire Banoffi Eau de Parfum 100ml verzaubern, einem unwiderstehlichen Gourmand-Duft, der S\u00fc\u00dfe und Charakter in jedem Spr\u00fchsto\u00df vereint. Die Kopfnote verf\u00fchrt mit cremigen und k\u00f6stlichen Akkorden, in denen sich Karamell- und Bananennuancen zu einer weichen, einladenden Komposition verbinden. Im Herzen verleihen milchige und vanillige Noten Tiefe und Sinnlichkeit und schaffen ein perfektes Gleichgewicht zwischen S\u00fc\u00dfe und Eleganz. Die Basis ist warm und langanhaltend, mit Noten von karamellisiertem Zucker und Amber, die die Haut umh\u00fcllen.<\/p>\n<p data-start=\"1624\" data-end=\"1944\">Ideal f\u00fcr Liebhaber intensiver und umh\u00fcllender D\u00fcfte, zeichnet sich Eclaire Banoffi durch seine einzigartige und verf\u00fchrerische Pers\u00f6nlichkeit aus, perfekt f\u00fcr die k\u00e4lteren Jahreszeiten oder besondere Abende. Ein Duft, der einen bleibenden Eindruck hinterl\u00e4sst und jeden Moment in ein k\u00f6stliches Dufterlebnis verwandelt.<\/p>\n<\/div>\n<\/div>\n<\/div>\n<\/div>\n<div class=\"z-0 flex min-h-[46px] justify-start\"><\/div>\n<div class=\"mt-3 w-full empty:hidden\">\n<div class=\"text-center\">Follow us! <a href=\"https:\/\/www.instagram.com\/freeshopswiss\/\" target=\"_blank\" rel=\"noopener\">@freeshopswiss<\/a><\/div>\n<\/div>\n<\/div>\n<\/div>\n<\/section>\n<\/div>\n<div class=\"pointer-events-none h-px w-px absolute bottom-0\" aria-hidden=\"true\" data-edge=\"true\"><\/div>\n","protected":false},"excerpt":{"rendered":"<p>Lass dich von Lattafa Eclaire Banoffi Eau de Parfum 100ml verzaubern, einem unwiderstehlichen Gourmand-Duft, der S\u00fc\u00dfe und Charakter in jedem Spr\u00fchsto\u00df vereint.<\/p>\n","protected":false},"featured_media":42424,"comment_status":"open","ping_status":"closed","template":"","meta":[],"pwb-brand":[772],"product_brand":[],"product_cat":[144,84,86,4196],"product_tag":[790,952,254,293,953,1642,595],"class_list":{"0":"post-42429","1":"product","2":"type-product","3":"status-publish","4":"has-post-thumbnail","6":"pwb-brand-lattafa","7":"product_cat-bietet","8":"product_cat-duefte","9":"product_cat-fur-ihn-de","10":"product_cat-dufte-aktion","11":"product_tag-womens-fragrances-de","12":"product_tag-profumi-de","13":"product_tag-eau-de-parfum-de","14":"product_tag-frau","15":"product_tag-uomo-de","16":"product_tag-mens-fragrances-de","17":"product_tag-unisex-de-2","19":"first","20":"instock","21":"sale","22":"taxable","23":"shipping-taxable","24":"purchasable","25":"product-type-simple"},"brands":[{"id":772,"name":"Lattafa","slug":"lattafa"}],"_links":{"self":[{"href":"https:\/\/www.freeshopfrontiera.ch\/de\/wp-json\/wp\/v2\/product\/42429","targetHints":{"allow":["GET"]}}],"collection":[{"href":"https:\/\/www.freeshopfrontiera.ch\/de\/wp-json\/wp\/v2\/product"}],"about":[{"href":"https:\/\/www.freeshopfrontiera.ch\/de\/wp-json\/wp\/v2\/types\/product"}],"replies":[{"embeddable":true,"href":"https:\/\/www.freeshopfrontiera.ch\/de\/wp-json\/wp\/v2\/comments?post=42429"}],"version-history":[{"count":1,"href":"https:\/\/www.freeshopfrontiera.ch\/de\/wp-json\/wp\/v2\/product\/42429\/revisions"}],"predecessor-version":[{"id":42431,"href":"https:\/\/www.freeshopfrontiera.ch\/de\/wp-json\/wp\/v2\/product\/42429\/revisions\/42431"}],"wp:featuredmedia":[{"embeddable":true,"href":"https:\/\/www.freeshopfrontiera.ch\/de\/wp-json\/wp\/v2\/media\/42424"}],"wp:attachment":[{"href":"https:\/\/www.freeshopfrontiera.ch\/de\/wp-json\/wp\/v2\/media?parent=42429"}],"wp:term":[{"taxonomy":"pwb-brand","embeddable":true,"href":"https:\/\/www.freeshopfrontiera.ch\/de\/wp-json\/wp\/v2\/pwb-brand?post=42429"},{"taxonomy":"product_brand","embeddable":true,"href":"https:\/\/www.freeshopfrontiera.ch\/de\/wp-json\/wp\/v2\/product_brand?post=42429"},{"taxonomy":"product_cat","embeddable":true,"href":"https:\/\/www.freeshopfrontiera.ch\/de\/wp-json\/wp\/v2\/product_cat?post=42429"},{"taxonomy":"product_tag","embeddable":true,"href":"https:\/\/www.freeshopfrontiera.ch\/de\/wp-json\/wp\/v2\/product_tag?post=42429"}],"curies":[{"name":"wp","href":"https:\/\/api.w.org\/{rel}","templated":true}]}}