{"id":42464,"date":"2026-04-17T09:29:38","date_gmt":"2026-04-17T09:29:38","guid":{"rendered":"https:\/\/www.freeshopfrontiera.ch\/shop\/medicube-deep-vita-c-daily-quick-mask-30pz\/"},"modified":"2026-04-17T09:34:02","modified_gmt":"2026-04-17T09:34:02","slug":"medicube-deep-vita-c-daily-quick-mask-30pz","status":"publish","type":"product","link":"https:\/\/www.freeshopfrontiera.ch\/de\/shop\/medicube-deep-vita-c-daily-quick-mask-30pz\/","title":{"rendered":"MEDICUBE Deep Vita C Daily Quick Mask (30pz)"},"content":{"rendered":"<p data-start=\"965\" data-end=\"1056\"><strong data-start=\"965\" data-end=\"1056\">Medicube Deep Vita C Daily Quick Mask (30 St\u00fcck) \u2013 T\u00e4gliche aufhellende Vitamin-C-Maske<\/strong><\/p>\n<p data-start=\"1058\" data-end=\"1426\">Entdecke <span class=\"hover:entity-accent entity-underline inline cursor-pointer align-baseline\"><span class=\"whitespace-normal\">Medicube<\/span><\/span> Deep Vita C Daily Quick Mask, eine Tuchmaske, die der Haut sofortige Ausstrahlung und intensive Feuchtigkeit verleiht. Jede Maske ist mit Vitamin C und aufhellenden Wirkstoffen angereichert, die helfen, den Hautton auszugleichen, die Hautstruktur zu verbessern und fahle oder m\u00fcde Haut wieder frisch erscheinen zu lassen.<\/p>\n<p data-start=\"1428\" data-end=\"1751\">Die leichte, schnell einziehende Formel eignet sich ideal f\u00fcr die t\u00e4gliche Anwendung, selbst in der schnellsten Pflegeroutine. Nach nur wenigen Minuten wirkt die Haut strahlender, glatter und sichtbar ges\u00fcnder. Die Packung mit 30 St\u00fcck erm\u00f6glicht eine vollst\u00e4ndige und kontinuierliche Hautpflege f\u00fcr nachhaltige Ergebnisse.<\/p>\n<p data-start=\"1753\" data-end=\"1920\">Geeignet f\u00fcr alle Hauttypen, ideal f\u00fcr alle, die einen sofortigen Glow-Effekt und frische Haut suchen. Ein t\u00e4glicher Begleiter f\u00fcr einfache, aber effektive Hautpflege.<\/p>\n<div class=\"flex flex-col text-sm pb-25\">\n<section class=\"text-token-text-primary w-full focus:outline-none [--shadow-height:45px] has-data-writing-block:pointer-events-none has-data-writing-block:-mt-(--shadow-height) has-data-writing-block:pt-(--shadow-height) [&amp;:has([data-writing-block])&gt;*]:pointer-events-auto scroll-mt-[calc(var(--header-height)+min(200px,max(70px,20svh)))]\" dir=\"auto\" data-turn-id=\"request-WEB:8562524c-7915-424a-bc60-4d60121451fd-8\" data-testid=\"conversation-turn-18\" data-scroll-anchor=\"true\" data-turn=\"assistant\">\n<div class=\"text-base my-auto mx-auto pb-10 [--thread-content-margin:var(--thread-content-margin-xs,calc(var(--spacing)*4))] @w-sm\/main:[--thread-content-margin:var(--thread-content-margin-sm,calc(var(--spacing)*6))] @w-lg\/main:[--thread-content-margin:var(--thread-content-margin-lg,calc(var(--spacing)*16))] px-(--thread-content-margin)\">\n<div class=\"[--thread-content-max-width:40rem] @w-lg\/main:[--thread-content-max-width:48rem] mx-auto max-w-(--thread-content-max-width) flex-1 group\/turn-messages focus-visible:outline-hidden relative flex w-full min-w-0 flex-col agent-turn\">\n<div class=\"mt-3 w-full empty:hidden\">\n<div class=\"text-center\">Follow us! <a href=\"https:\/\/www.instagram.com\/freeshopswiss\/\" target=\"_blank\" rel=\"noopener\">@freeshopswiss<\/a><\/div>\n<\/div>\n<\/div>\n<\/div>\n<\/section>\n<\/div>\n<div class=\"pointer-events-none h-px w-px absolute bottom-0\" aria-hidden=\"true\" data-edge=\"true\"><\/div>\n","protected":false},"excerpt":{"rendered":"<p>Entdecke <span class=\"hover:entity-accent entity-underline inline cursor-pointer align-baseline\"><span class=\"whitespace-normal\">Medicube<\/span><\/span> Deep Vita C Daily Quick Mask, eine Tuchmaske, die der Haut sofortige Ausstrahlung und intensive Feuchtigkeit verleiht.<\/p>\n","protected":false},"featured_media":42451,"comment_status":"open","ping_status":"closed","template":"","meta":[],"pwb-brand":[1000],"product_brand":[],"product_cat":[292,111,546,3769],"product_tag":[419,293,300,3612],"class_list":{"0":"post-42464","1":"product","2":"type-product","3":"status-publish","4":"has-post-thumbnail","6":"pwb-brand-medicube","7":"product_cat-behandlungen","8":"product_cat-fur-sie-de","9":"product_cat-gesichtsbehandlung","10":"product_cat-k-beauty-de","11":"product_tag-behandlungen-de","12":"product_tag-frau","13":"product_tag-gesichtsbehandlungen","14":"product_tag-k-beauty-de","16":"first","17":"instock","18":"sale","19":"taxable","20":"shipping-taxable","21":"purchasable","22":"product-type-simple"},"brands":[{"id":1000,"name":"Medicube","slug":"medicube"}],"_links":{"self":[{"href":"https:\/\/www.freeshopfrontiera.ch\/de\/wp-json\/wp\/v2\/product\/42464","targetHints":{"allow":["GET"]}}],"collection":[{"href":"https:\/\/www.freeshopfrontiera.ch\/de\/wp-json\/wp\/v2\/product"}],"about":[{"href":"https:\/\/www.freeshopfrontiera.ch\/de\/wp-json\/wp\/v2\/types\/product"}],"replies":[{"embeddable":true,"href":"https:\/\/www.freeshopfrontiera.ch\/de\/wp-json\/wp\/v2\/comments?post=42464"}],"version-history":[{"count":1,"href":"https:\/\/www.freeshopfrontiera.ch\/de\/wp-json\/wp\/v2\/product\/42464\/revisions"}],"predecessor-version":[{"id":42468,"href":"https:\/\/www.freeshopfrontiera.ch\/de\/wp-json\/wp\/v2\/product\/42464\/revisions\/42468"}],"wp:featuredmedia":[{"embeddable":true,"href":"https:\/\/www.freeshopfrontiera.ch\/de\/wp-json\/wp\/v2\/media\/42451"}],"wp:attachment":[{"href":"https:\/\/www.freeshopfrontiera.ch\/de\/wp-json\/wp\/v2\/media?parent=42464"}],"wp:term":[{"taxonomy":"pwb-brand","embeddable":true,"href":"https:\/\/www.freeshopfrontiera.ch\/de\/wp-json\/wp\/v2\/pwb-brand?post=42464"},{"taxonomy":"product_brand","embeddable":true,"href":"https:\/\/www.freeshopfrontiera.ch\/de\/wp-json\/wp\/v2\/product_brand?post=42464"},{"taxonomy":"product_cat","embeddable":true,"href":"https:\/\/www.freeshopfrontiera.ch\/de\/wp-json\/wp\/v2\/product_cat?post=42464"},{"taxonomy":"product_tag","embeddable":true,"href":"https:\/\/www.freeshopfrontiera.ch\/de\/wp-json\/wp\/v2\/product_tag?post=42464"}],"curies":[{"name":"wp","href":"https:\/\/api.w.org\/{rel}","templated":true}]}}