{"id":42523,"date":"2026-01-10T10:02:50","date_gmt":"2026-01-10T10:02:50","guid":{"rendered":"https:\/\/www.freeshopfrontiera.ch\/shop\/medicube-pdrn-pink-peptide-serum-30ml\/"},"modified":"2026-04-20T10:07:34","modified_gmt":"2026-04-20T10:07:34","slug":"medicube-pdrn-pink-peptide-serum-30ml","status":"publish","type":"product","link":"https:\/\/www.freeshopfrontiera.ch\/de\/shop\/medicube-pdrn-pink-peptide-serum-30ml\/","title":{"rendered":"MEDICUBE PDRN Pink Peptide Serum 30ml"},"content":{"rendered":"<p data-start=\"2073\" data-end=\"2179\"><strong data-start=\"2073\" data-end=\"2179\">Medicube PDRN Pink Peptide Serum 30ml \u2013 Regenerierendes aufhellendes Gesichtsserum f\u00fcr strahlende Haut<\/strong><\/p>\n<p data-start=\"2181\" data-end=\"2471\">Das Medicube PDRN Pink Peptide Serum 30ml ist eine moderne Hautpflege, die darauf abzielt, Hautstruktur, Ausstrahlung und Festigkeit zu verbessern. Mit <strong data-start=\"2333\" data-end=\"2353\">PDRN (Lachs-DNA)<\/strong> und <strong data-start=\"2358\" data-end=\"2385\">biomimetischen Peptiden<\/strong> unterst\u00fctzt es die nat\u00fcrliche Hautregeneration und f\u00f6rdert Elastizit\u00e4t und Vitalit\u00e4t.<\/p>\n<p data-start=\"2473\" data-end=\"2755\">Die leichte, schnell einziehende Textur spendet intensive Feuchtigkeit ohne fettiges Gef\u00fchl und ist f\u00fcr alle Hauttypen geeignet, auch f\u00fcr empfindliche Haut. Das Serum hilft, M\u00fcdigkeitserscheinungen zu reduzieren, feine Linien zu gl\u00e4tten und einen prallen, gesunden Teint zu f\u00f6rdern.<\/p>\n<p data-start=\"2757\" data-end=\"2982\">Angereichert mit beruhigenden und feuchtigkeitsspendenden Inhaltsstoffen st\u00e4rkt es die Hautbarriere und sch\u00fctzt vor \u00e4u\u00dferen Einfl\u00fcssen. Bei regelm\u00e4\u00dfiger Anwendung wirkt die Haut ebenm\u00e4\u00dfiger, strahlender und sichtbar verj\u00fcngt.<\/p>\n<p data-start=\"2984\" data-end=\"3063\" data-is-last-node=\"\" data-is-only-node=\"\">Ideal f\u00fcr die t\u00e4gliche Anwendung morgens und abends vor der Feuchtigkeitscreme.<\/p>\n<p data-start=\"1358\" data-end=\"1472\" data-is-last-node=\"\" data-is-only-node=\"\">Follow us! <a href=\"https:\/\/www.instagram.com\/freeshopswiss\/\" target=\"_blank\" rel=\"noopener\">@freeshopswiss<\/a><\/p>\n","protected":false},"excerpt":{"rendered":"<p>Das Medicube PDRN Pink Peptide Serum 30ml ist eine moderne Hautpflege, die darauf abzielt, Hautstruktur, Ausstrahlung und Festigkeit zu verbessern.<\/p>\n","protected":false},"featured_media":42514,"comment_status":"open","ping_status":"closed","template":"","meta":[],"pwb-brand":[1000],"product_brand":[],"product_cat":[292,111,546,3769],"product_tag":[419,293,300,3612],"class_list":{"0":"post-42523","1":"product","2":"type-product","3":"status-publish","4":"has-post-thumbnail","6":"pwb-brand-medicube","7":"product_cat-behandlungen","8":"product_cat-fur-sie-de","9":"product_cat-gesichtsbehandlung","10":"product_cat-k-beauty-de","11":"product_tag-behandlungen-de","12":"product_tag-frau","13":"product_tag-gesichtsbehandlungen","14":"product_tag-k-beauty-de","16":"first","17":"instock","18":"sale","19":"taxable","20":"shipping-taxable","21":"purchasable","22":"product-type-simple"},"brands":[{"id":1000,"name":"Medicube","slug":"medicube"}],"_links":{"self":[{"href":"https:\/\/www.freeshopfrontiera.ch\/de\/wp-json\/wp\/v2\/product\/42523","targetHints":{"allow":["GET"]}}],"collection":[{"href":"https:\/\/www.freeshopfrontiera.ch\/de\/wp-json\/wp\/v2\/product"}],"about":[{"href":"https:\/\/www.freeshopfrontiera.ch\/de\/wp-json\/wp\/v2\/types\/product"}],"replies":[{"embeddable":true,"href":"https:\/\/www.freeshopfrontiera.ch\/de\/wp-json\/wp\/v2\/comments?post=42523"}],"version-history":[{"count":1,"href":"https:\/\/www.freeshopfrontiera.ch\/de\/wp-json\/wp\/v2\/product\/42523\/revisions"}],"predecessor-version":[{"id":42526,"href":"https:\/\/www.freeshopfrontiera.ch\/de\/wp-json\/wp\/v2\/product\/42523\/revisions\/42526"}],"wp:featuredmedia":[{"embeddable":true,"href":"https:\/\/www.freeshopfrontiera.ch\/de\/wp-json\/wp\/v2\/media\/42514"}],"wp:attachment":[{"href":"https:\/\/www.freeshopfrontiera.ch\/de\/wp-json\/wp\/v2\/media?parent=42523"}],"wp:term":[{"taxonomy":"pwb-brand","embeddable":true,"href":"https:\/\/www.freeshopfrontiera.ch\/de\/wp-json\/wp\/v2\/pwb-brand?post=42523"},{"taxonomy":"product_brand","embeddable":true,"href":"https:\/\/www.freeshopfrontiera.ch\/de\/wp-json\/wp\/v2\/product_brand?post=42523"},{"taxonomy":"product_cat","embeddable":true,"href":"https:\/\/www.freeshopfrontiera.ch\/de\/wp-json\/wp\/v2\/product_cat?post=42523"},{"taxonomy":"product_tag","embeddable":true,"href":"https:\/\/www.freeshopfrontiera.ch\/de\/wp-json\/wp\/v2\/product_tag?post=42523"}],"curies":[{"name":"wp","href":"https:\/\/api.w.org\/{rel}","templated":true}]}}