{"id":42536,"date":"2026-04-20T10:21:42","date_gmt":"2026-04-20T10:21:42","guid":{"rendered":"https:\/\/www.freeshopfrontiera.ch\/shop\/medicube-deep-lifting-peptide-eye-cream-for-face-30ml\/"},"modified":"2026-04-20T10:25:06","modified_gmt":"2026-04-20T10:25:06","slug":"medicube-deep-lifting-peptide-eye-cream-for-face-30ml","status":"publish","type":"product","link":"https:\/\/www.freeshopfrontiera.ch\/de\/shop\/medicube-deep-lifting-peptide-eye-cream-for-face-30ml\/","title":{"rendered":"MEDICUBE Deep Lifting Peptide Eye Cream For Face 30ml"},"content":{"rendered":"<p data-start=\"2198\" data-end=\"2304\"><strong data-start=\"2198\" data-end=\"2304\">Medicube Deep Lifting Peptide Eye Cream for Face 30ml \u2013 Straffende Anti-Aging Augen- und Gesichtscreme<\/strong><\/p>\n<p data-start=\"2306\" data-end=\"2582\">Die Medicube Deep Lifting Peptide Eye Cream for Face 30ml ist eine fortschrittliche Anti-Aging-Pflege, die die Hautfestigkeit verbessert und Falten, feine Linien sowie M\u00fcdigkeitserscheinungen sichtbar reduziert, insbesondere im Augenbereich und in empfindlichen Gesichtszonen.<\/p>\n<p data-start=\"2584\" data-end=\"2738\">Angereichert mit hochwirksamen Peptiden unterst\u00fctzt diese innovative Formel die Hautelastizit\u00e4t und sorgt langfristig f\u00fcr einen sichtbaren Lifting-Effekt.<\/p>\n<p data-start=\"2740\" data-end=\"3031\">Die reichhaltige, aber leichte Textur zieht schnell ein und hinterl\u00e4sst keinen fettigen Film, w\u00e4hrend sie intensive und langanhaltende Feuchtigkeit spendet. Bei regelm\u00e4\u00dfiger Anwendung hilft sie, Falten zu gl\u00e4tten, Schwellungen zu reduzieren und einen frischeren, erholten Blick zu verleihen.<\/p>\n<p data-start=\"3033\" data-end=\"3242\" data-is-last-node=\"\" data-is-only-node=\"\">Dank ihrer n\u00e4hrenden und st\u00e4rkenden Wirkstoffe verbessert sie die Hautbarriere und erh\u00f6ht die Widerstandsf\u00e4higkeit gegen\u00fcber \u00e4u\u00dferen Einfl\u00fcssen. Die Haut wirkt nach und nach straffer, glatter und jugendlicher.<\/p>\n<p data-start=\"1036\" data-end=\"1189\" data-is-last-node=\"\" data-is-only-node=\"\">Follow us! <a href=\"https:\/\/www.instagram.com\/freeshopswiss\/\" target=\"_blank\" rel=\"noopener\">@freeshopswiss<\/a><\/p>\n","protected":false},"excerpt":{"rendered":"<p>Die Medicube Deep Lifting Peptide Eye Cream for Face 30ml ist eine fortschrittliche Anti-Aging-Pflege, die die Hautfestigkeit verbessert und Falten, feine Linien sowie M\u00fcdigkeitserscheinungen sichtbar reduziert, insbesondere im Augenbereich und in empfindlichen Gesichtszonen.<\/p>\n","protected":false},"featured_media":42531,"comment_status":"open","ping_status":"closed","template":"","meta":[],"pwb-brand":[1000],"product_brand":[],"product_cat":[292,111,549],"product_tag":[478,419,293,300,3612],"class_list":{"0":"post-42536","1":"product","2":"type-product","3":"status-publish","4":"has-post-thumbnail","6":"pwb-brand-medicube","7":"product_cat-behandlungen","8":"product_cat-fur-sie-de","9":"product_cat-augenpflegebehandlung","10":"product_tag-augenbehandlungen","11":"product_tag-behandlungen-de","12":"product_tag-frau","13":"product_tag-gesichtsbehandlungen","14":"product_tag-k-beauty-de","16":"first","17":"instock","18":"sale","19":"taxable","20":"shipping-taxable","21":"purchasable","22":"product-type-simple"},"brands":[{"id":1000,"name":"Medicube","slug":"medicube"}],"_links":{"self":[{"href":"https:\/\/www.freeshopfrontiera.ch\/de\/wp-json\/wp\/v2\/product\/42536","targetHints":{"allow":["GET"]}}],"collection":[{"href":"https:\/\/www.freeshopfrontiera.ch\/de\/wp-json\/wp\/v2\/product"}],"about":[{"href":"https:\/\/www.freeshopfrontiera.ch\/de\/wp-json\/wp\/v2\/types\/product"}],"replies":[{"embeddable":true,"href":"https:\/\/www.freeshopfrontiera.ch\/de\/wp-json\/wp\/v2\/comments?post=42536"}],"version-history":[{"count":1,"href":"https:\/\/www.freeshopfrontiera.ch\/de\/wp-json\/wp\/v2\/product\/42536\/revisions"}],"predecessor-version":[{"id":42539,"href":"https:\/\/www.freeshopfrontiera.ch\/de\/wp-json\/wp\/v2\/product\/42536\/revisions\/42539"}],"wp:featuredmedia":[{"embeddable":true,"href":"https:\/\/www.freeshopfrontiera.ch\/de\/wp-json\/wp\/v2\/media\/42531"}],"wp:attachment":[{"href":"https:\/\/www.freeshopfrontiera.ch\/de\/wp-json\/wp\/v2\/media?parent=42536"}],"wp:term":[{"taxonomy":"pwb-brand","embeddable":true,"href":"https:\/\/www.freeshopfrontiera.ch\/de\/wp-json\/wp\/v2\/pwb-brand?post=42536"},{"taxonomy":"product_brand","embeddable":true,"href":"https:\/\/www.freeshopfrontiera.ch\/de\/wp-json\/wp\/v2\/product_brand?post=42536"},{"taxonomy":"product_cat","embeddable":true,"href":"https:\/\/www.freeshopfrontiera.ch\/de\/wp-json\/wp\/v2\/product_cat?post=42536"},{"taxonomy":"product_tag","embeddable":true,"href":"https:\/\/www.freeshopfrontiera.ch\/de\/wp-json\/wp\/v2\/product_tag?post=42536"}],"curies":[{"name":"wp","href":"https:\/\/api.w.org\/{rel}","templated":true}]}}