{"id":42549,"date":"2026-04-20T10:36:45","date_gmt":"2026-04-20T10:36:45","guid":{"rendered":"https:\/\/www.freeshopfrontiera.ch\/shop\/calvin-klein-satin-cream-hair-body-perfume-mist-236ml\/"},"modified":"2026-04-20T10:42:06","modified_gmt":"2026-04-20T10:42:06","slug":"calvin-klein-satin-cream-hair-body-perfume-mist-236ml","status":"publish","type":"product","link":"https:\/\/www.freeshopfrontiera.ch\/de\/shop\/calvin-klein-satin-cream-hair-body-perfume-mist-236ml\/","title":{"rendered":"CALVIN KLEIN Satin Cream Hair &#038; Body Perfume Mist 236ml"},"content":{"rendered":"<p data-start=\"3011\" data-end=\"3111\"><strong data-start=\"3011\" data-end=\"3111\">Calvin Klein Satin Cream Hair &amp; Body Perfume Mist 236ml \u2013 Cremiger Duftspray f\u00fcr Haar und K\u00f6rper<\/strong><\/p>\n<p data-start=\"3113\" data-end=\"3422\">Der <strong data-start=\"3117\" data-end=\"3176\">Calvin Klein Satin Cream Hair &amp; Body Perfume Mist 236ml<\/strong> ist ein leichter, pflegender Duftspray f\u00fcr K\u00f6rper und Haare. Kreiert von <span class=\"hover:entity-accent entity-underline inline cursor-pointer align-baseline\"><span class=\"whitespace-normal\">Calvin Klein<\/span><\/span>, h\u00fcllt er die Haut in einen sanften, seidigen Schleier mit cremigen und femininen Noten, die gleichzeitig elegant und angenehm wirken.<\/p>\n<p data-start=\"3424\" data-end=\"3684\">Die ultraleichte Formel l\u00e4sst sich m\u00fchelos aufspr\u00fchen, ohne die Haut oder Haare zu beschweren, und sorgt f\u00fcr ein sofortiges Frischegef\u00fchl sowie einen dezenten Duft, der den ganzen Tag anh\u00e4lt. Ideal nach dem Duschen oder jederzeit f\u00fcr einen frischen Duftmoment.<\/p>\n<p data-start=\"3686\" data-end=\"3895\" data-is-last-node=\"\" data-is-only-node=\"\">Perfekt f\u00fcr den t\u00e4glichen Gebrauch kombiniert dieser Body Mist Praktikabilit\u00e4t und Eleganz und ist ideal f\u00fcr unterwegs. Ein moderner, femininer Duft f\u00fcr alle, die sanfte, cremige und elegante Duftnoten lieben.<\/p>\n<p data-start=\"813\" data-end=\"1069\">Follow us! <a href=\"https:\/\/www.instagram.com\/freeshopswiss\/\" target=\"_blank\" rel=\"noopener\">@freeshopswiss<\/a><\/p>\n","protected":false},"excerpt":{"rendered":"<p>Der <strong data-start=\"3117\" data-end=\"3176\">Calvin Klein Satin Cream Hair &amp; Body Perfume Mist 236ml<\/strong> ist ein leichter, pflegender Duftspray f\u00fcr K\u00f6rper und Haare.<\/p>\n","protected":false},"featured_media":42544,"comment_status":"open","ping_status":"closed","template":"","meta":[],"pwb-brand":[181],"product_brand":[],"product_cat":[84,111,4196],"product_tag":[790,952,293],"class_list":{"0":"post-42549","1":"product","2":"type-product","3":"status-publish","4":"has-post-thumbnail","6":"pwb-brand-calvin-klein","7":"product_cat-duefte","8":"product_cat-fur-sie-de","9":"product_cat-dufte-aktion","10":"product_tag-womens-fragrances-de","11":"product_tag-profumi-de","12":"product_tag-frau","14":"first","15":"instock","16":"sale","17":"taxable","18":"shipping-taxable","19":"purchasable","20":"product-type-simple"},"brands":[{"id":181,"name":"Calvin Klein","slug":"calvin-klein"}],"_links":{"self":[{"href":"https:\/\/www.freeshopfrontiera.ch\/de\/wp-json\/wp\/v2\/product\/42549","targetHints":{"allow":["GET"]}}],"collection":[{"href":"https:\/\/www.freeshopfrontiera.ch\/de\/wp-json\/wp\/v2\/product"}],"about":[{"href":"https:\/\/www.freeshopfrontiera.ch\/de\/wp-json\/wp\/v2\/types\/product"}],"replies":[{"embeddable":true,"href":"https:\/\/www.freeshopfrontiera.ch\/de\/wp-json\/wp\/v2\/comments?post=42549"}],"version-history":[{"count":1,"href":"https:\/\/www.freeshopfrontiera.ch\/de\/wp-json\/wp\/v2\/product\/42549\/revisions"}],"predecessor-version":[{"id":42552,"href":"https:\/\/www.freeshopfrontiera.ch\/de\/wp-json\/wp\/v2\/product\/42549\/revisions\/42552"}],"wp:featuredmedia":[{"embeddable":true,"href":"https:\/\/www.freeshopfrontiera.ch\/de\/wp-json\/wp\/v2\/media\/42544"}],"wp:attachment":[{"href":"https:\/\/www.freeshopfrontiera.ch\/de\/wp-json\/wp\/v2\/media?parent=42549"}],"wp:term":[{"taxonomy":"pwb-brand","embeddable":true,"href":"https:\/\/www.freeshopfrontiera.ch\/de\/wp-json\/wp\/v2\/pwb-brand?post=42549"},{"taxonomy":"product_brand","embeddable":true,"href":"https:\/\/www.freeshopfrontiera.ch\/de\/wp-json\/wp\/v2\/product_brand?post=42549"},{"taxonomy":"product_cat","embeddable":true,"href":"https:\/\/www.freeshopfrontiera.ch\/de\/wp-json\/wp\/v2\/product_cat?post=42549"},{"taxonomy":"product_tag","embeddable":true,"href":"https:\/\/www.freeshopfrontiera.ch\/de\/wp-json\/wp\/v2\/product_tag?post=42549"}],"curies":[{"name":"wp","href":"https:\/\/api.w.org\/{rel}","templated":true}]}}