{"id":42562,"date":"2026-04-20T10:48:05","date_gmt":"2026-04-20T10:48:05","guid":{"rendered":"https:\/\/www.freeshopfrontiera.ch\/shop\/calvin-klein-smooth-berry-hair-body-perfume-mist-236ml\/"},"modified":"2026-04-20T10:52:07","modified_gmt":"2026-04-20T10:52:07","slug":"calvin-klein-smooth-berry-hair-body-perfume-mist-236ml","status":"publish","type":"product","link":"https:\/\/www.freeshopfrontiera.ch\/de\/shop\/calvin-klein-smooth-berry-hair-body-perfume-mist-236ml\/","title":{"rendered":"CALVIN KLEIN Smooth Berry Hair &#038; Body Perfume Mist 236ml"},"content":{"rendered":"<p data-start=\"3236\" data-end=\"3339\"><strong data-start=\"3236\" data-end=\"3339\">Calvin Klein Smooth Berry Hair &amp; Body Perfume Mist 236ml \u2013 Fruchtiger Duftspray f\u00fcr Haar und K\u00f6rper<\/strong><\/p>\n<p data-start=\"3341\" data-end=\"3699\">Der <strong data-start=\"3345\" data-end=\"3405\">Calvin Klein Smooth Berry Hair &amp; Body Perfume Mist 236ml<\/strong> ist ein leichter, fruchtiger Duftspray f\u00fcr Haar und K\u00f6rper, ideal f\u00fcr alle, die frische, moderne und feminine D\u00fcfte im Alltag lieben. Entwickelt von <span class=\"hover:entity-accent entity-underline inline cursor-pointer align-baseline\"><span class=\"whitespace-normal\">Calvin Klein<\/span><\/span>, umh\u00fcllt er die Haut mit einem saftigen, beereninspirierten Duft, der sofort Frische und Energie verleiht.<\/p>\n<p data-start=\"3701\" data-end=\"3941\">Die ultraleichte Formel l\u00e4sst sich einfach aufspr\u00fchen, ohne Haut oder Haare zu beschweren, und hinterl\u00e4sst einen angenehmen, dezenten Duft \u00fcber den ganzen Tag. Die Beerennoten sorgen f\u00fcr eine lebendige, leicht s\u00fc\u00dfe und frische Ausstrahlung.<\/p>\n<p data-start=\"3943\" data-end=\"4196\" data-is-last-node=\"\" data-is-only-node=\"\">Perfekt nach dem Duschen oder jederzeit f\u00fcr einen schnellen Frischekick, kombiniert dieser Body Mist Praktikabilit\u00e4t und Stil in einem handlichen Format. Ein jugendlicher, frischer und vielseitiger Duft f\u00fcr alle, die fruchtige und feminine Noten lieben.<\/p>\n<p data-start=\"822\" data-end=\"1103\">Follow us! <a href=\"https:\/\/www.instagram.com\/freeshopswiss\/\" target=\"_blank\" rel=\"noopener\">@freeshopswiss<\/a><\/p>\n","protected":false},"excerpt":{"rendered":"<p>Der <strong data-start=\"3345\" data-end=\"3405\">Calvin Klein Smooth Berry Hair &amp; Body Perfume Mist 236ml<\/strong> ist ein leichter, fruchtiger Duftspray f\u00fcr Haar und K\u00f6rper, ideal f\u00fcr alle, die frische, moderne und feminine D\u00fcfte im Alltag lieben.<\/p>\n","protected":false},"featured_media":42557,"comment_status":"open","ping_status":"closed","template":"","meta":[],"pwb-brand":[181],"product_brand":[],"product_cat":[84,111,4196],"product_tag":[790,952,293],"class_list":{"0":"post-42562","1":"product","2":"type-product","3":"status-publish","4":"has-post-thumbnail","6":"pwb-brand-calvin-klein","7":"product_cat-duefte","8":"product_cat-fur-sie-de","9":"product_cat-dufte-aktion","10":"product_tag-womens-fragrances-de","11":"product_tag-profumi-de","12":"product_tag-frau","14":"first","15":"instock","16":"sale","17":"taxable","18":"shipping-taxable","19":"purchasable","20":"product-type-simple"},"brands":[{"id":181,"name":"Calvin Klein","slug":"calvin-klein"}],"_links":{"self":[{"href":"https:\/\/www.freeshopfrontiera.ch\/de\/wp-json\/wp\/v2\/product\/42562","targetHints":{"allow":["GET"]}}],"collection":[{"href":"https:\/\/www.freeshopfrontiera.ch\/de\/wp-json\/wp\/v2\/product"}],"about":[{"href":"https:\/\/www.freeshopfrontiera.ch\/de\/wp-json\/wp\/v2\/types\/product"}],"replies":[{"embeddable":true,"href":"https:\/\/www.freeshopfrontiera.ch\/de\/wp-json\/wp\/v2\/comments?post=42562"}],"version-history":[{"count":1,"href":"https:\/\/www.freeshopfrontiera.ch\/de\/wp-json\/wp\/v2\/product\/42562\/revisions"}],"predecessor-version":[{"id":42564,"href":"https:\/\/www.freeshopfrontiera.ch\/de\/wp-json\/wp\/v2\/product\/42562\/revisions\/42564"}],"wp:featuredmedia":[{"embeddable":true,"href":"https:\/\/www.freeshopfrontiera.ch\/de\/wp-json\/wp\/v2\/media\/42557"}],"wp:attachment":[{"href":"https:\/\/www.freeshopfrontiera.ch\/de\/wp-json\/wp\/v2\/media?parent=42562"}],"wp:term":[{"taxonomy":"pwb-brand","embeddable":true,"href":"https:\/\/www.freeshopfrontiera.ch\/de\/wp-json\/wp\/v2\/pwb-brand?post=42562"},{"taxonomy":"product_brand","embeddable":true,"href":"https:\/\/www.freeshopfrontiera.ch\/de\/wp-json\/wp\/v2\/product_brand?post=42562"},{"taxonomy":"product_cat","embeddable":true,"href":"https:\/\/www.freeshopfrontiera.ch\/de\/wp-json\/wp\/v2\/product_cat?post=42562"},{"taxonomy":"product_tag","embeddable":true,"href":"https:\/\/www.freeshopfrontiera.ch\/de\/wp-json\/wp\/v2\/product_tag?post=42562"}],"curies":[{"name":"wp","href":"https:\/\/api.w.org\/{rel}","templated":true}]}}