{"id":42582,"date":"2026-01-10T13:37:14","date_gmt":"2026-01-10T13:37:14","guid":{"rendered":"https:\/\/www.freeshopfrontiera.ch\/shop\/medicube-txa-niacinamide-capsule-cream-55g\/"},"modified":"2026-04-20T13:43:30","modified_gmt":"2026-04-20T13:43:30","slug":"medicube-txa-niacinamide-capsule-cream-55g","status":"publish","type":"product","link":"https:\/\/www.freeshopfrontiera.ch\/de\/shop\/medicube-txa-niacinamide-capsule-cream-55g\/","title":{"rendered":"MEDICUBE TXA Niacinamide Capsule Cream 55g"},"content":{"rendered":"<p data-start=\"3298\" data-end=\"3405\"><strong data-start=\"3298\" data-end=\"3405\">Medicube TXA Niacinamide Capsule Cream 55g \u2013 Aufhellende Anti-Pigmentflecken Creme mit Niacinamid &amp; TXA<\/strong><\/p>\n<p data-start=\"3407\" data-end=\"3775\">Die <strong data-start=\"3411\" data-end=\"3457\">Medicube TXA Niacinamide Capsule Cream 55g<\/strong> ist eine innovative Gesichtscreme zur Verbesserung von Hautbild, Ausstrahlung und Feuchtigkeit. Mit einer wirksamen Kombination aus <strong data-start=\"3590\" data-end=\"3604\">Niacinamid<\/strong> und <strong data-start=\"3609\" data-end=\"3632\">Tranexams\u00e4ure (TXA)<\/strong> hilft sie, Pigmentflecken, Hautverf\u00e4rbungen und M\u00fcdigkeitsanzeichen sichtbar zu reduzieren und sorgt f\u00fcr einen ebenm\u00e4\u00dfigen, strahlenden Teint.<\/p>\n<p data-start=\"3777\" data-end=\"4056\">Die spezielle Kapseltechnologie erm\u00f6glicht eine schrittweise Freisetzung der Wirkstoffe und sorgt so f\u00fcr maximale Wirksamkeit und Frische bei jeder Anwendung. Die leichte, seidige Textur zieht schnell ein, ohne zu fetten, und hinterl\u00e4sst ein glattes und geschmeidiges Hautgef\u00fchl.<\/p>\n<p data-start=\"4058\" data-end=\"4275\">Angereichert mit beruhigenden und feuchtigkeitsspendenden Inhaltsstoffen st\u00e4rkt sie die Hautbarriere und sch\u00fctzt vor \u00e4u\u00dferen Einfl\u00fcssen. Bei regelm\u00e4\u00dfiger Anwendung wirkt die Haut ebenm\u00e4\u00dfiger, strahlender und ges\u00fcnder.<\/p>\n<p data-start=\"4277\" data-end=\"4383\" data-is-last-node=\"\" data-is-only-node=\"\">Geeignet f\u00fcr alle Hauttypen, ideal f\u00fcr die t\u00e4gliche Pflege zur Aufhellung und Verbesserung des Hautbildes.<\/p>\n<p data-start=\"983\" data-end=\"1127\">Follow us! <a href=\"https:\/\/www.instagram.com\/freeshopswiss\/\" target=\"_blank\" rel=\"noopener\">@freeshopswiss<\/a><\/p>\n","protected":false},"excerpt":{"rendered":"<p>Die <strong data-start=\"3411\" data-end=\"3457\">Medicube TXA Niacinamide Capsule Cream 55g<\/strong> ist eine innovative Gesichtscreme zur Verbesserung von Hautbild, Ausstrahlung und Feuchtigkeit.<\/p>\n","protected":false},"featured_media":42577,"comment_status":"open","ping_status":"closed","template":"","meta":[],"pwb-brand":[1000],"product_brand":[],"product_cat":[292,111,546,3769],"product_tag":[478,419,293,300,3612],"class_list":{"0":"post-42582","1":"product","2":"type-product","3":"status-publish","4":"has-post-thumbnail","6":"pwb-brand-medicube","7":"product_cat-behandlungen","8":"product_cat-fur-sie-de","9":"product_cat-gesichtsbehandlung","10":"product_cat-k-beauty-de","11":"product_tag-augenbehandlungen","12":"product_tag-behandlungen-de","13":"product_tag-frau","14":"product_tag-gesichtsbehandlungen","15":"product_tag-k-beauty-de","17":"first","18":"instock","19":"sale","20":"taxable","21":"shipping-taxable","22":"purchasable","23":"product-type-simple"},"brands":[{"id":1000,"name":"Medicube","slug":"medicube"}],"_links":{"self":[{"href":"https:\/\/www.freeshopfrontiera.ch\/de\/wp-json\/wp\/v2\/product\/42582","targetHints":{"allow":["GET"]}}],"collection":[{"href":"https:\/\/www.freeshopfrontiera.ch\/de\/wp-json\/wp\/v2\/product"}],"about":[{"href":"https:\/\/www.freeshopfrontiera.ch\/de\/wp-json\/wp\/v2\/types\/product"}],"replies":[{"embeddable":true,"href":"https:\/\/www.freeshopfrontiera.ch\/de\/wp-json\/wp\/v2\/comments?post=42582"}],"version-history":[{"count":3,"href":"https:\/\/www.freeshopfrontiera.ch\/de\/wp-json\/wp\/v2\/product\/42582\/revisions"}],"predecessor-version":[{"id":42590,"href":"https:\/\/www.freeshopfrontiera.ch\/de\/wp-json\/wp\/v2\/product\/42582\/revisions\/42590"}],"wp:featuredmedia":[{"embeddable":true,"href":"https:\/\/www.freeshopfrontiera.ch\/de\/wp-json\/wp\/v2\/media\/42577"}],"wp:attachment":[{"href":"https:\/\/www.freeshopfrontiera.ch\/de\/wp-json\/wp\/v2\/media?parent=42582"}],"wp:term":[{"taxonomy":"pwb-brand","embeddable":true,"href":"https:\/\/www.freeshopfrontiera.ch\/de\/wp-json\/wp\/v2\/pwb-brand?post=42582"},{"taxonomy":"product_brand","embeddable":true,"href":"https:\/\/www.freeshopfrontiera.ch\/de\/wp-json\/wp\/v2\/product_brand?post=42582"},{"taxonomy":"product_cat","embeddable":true,"href":"https:\/\/www.freeshopfrontiera.ch\/de\/wp-json\/wp\/v2\/product_cat?post=42582"},{"taxonomy":"product_tag","embeddable":true,"href":"https:\/\/www.freeshopfrontiera.ch\/de\/wp-json\/wp\/v2\/product_tag?post=42582"}],"curies":[{"name":"wp","href":"https:\/\/api.w.org\/{rel}","templated":true}]}}