{"id":42600,"date":"2026-01-10T14:04:00","date_gmt":"2026-01-10T14:04:00","guid":{"rendered":"https:\/\/www.freeshopfrontiera.ch\/shop\/medicube-deep-vita-c-pad-150g-70-pads\/"},"modified":"2026-04-20T14:10:23","modified_gmt":"2026-04-20T14:10:23","slug":"medicube-deep-vita-c-pad-150g-70-pads","status":"publish","type":"product","link":"https:\/\/www.freeshopfrontiera.ch\/de\/shop\/medicube-deep-vita-c-pad-150g-70-pads\/","title":{"rendered":"MEDICUBE Deep Vita C Pad 150g (70 pads)"},"content":{"rendered":"<div class=\"flex flex-col text-sm pb-25\">\n<section class=\"text-token-text-primary w-full focus:outline-none [--shadow-height:45px] has-data-writing-block:pointer-events-none has-data-writing-block:-mt-(--shadow-height) has-data-writing-block:pt-(--shadow-height) [&amp;:has([data-writing-block])&gt;*]:pointer-events-auto scroll-mt-[calc(var(--header-height)+min(200px,max(70px,20svh)))]\" dir=\"auto\" data-turn-id=\"request-WEB:e62f21d3-3b8c-4517-910d-2f144f6543ca-37\" data-testid=\"conversation-turn-76\" data-scroll-anchor=\"true\" data-turn=\"assistant\">\n<div class=\"text-base my-auto mx-auto pb-10 [--thread-content-margin:var(--thread-content-margin-xs,calc(var(--spacing)*4))] @w-sm\/main:[--thread-content-margin:var(--thread-content-margin-sm,calc(var(--spacing)*6))] @w-lg\/main:[--thread-content-margin:var(--thread-content-margin-lg,calc(var(--spacing)*16))] px-(--thread-content-margin)\">\n<div class=\"[--thread-content-max-width:40rem] @w-lg\/main:[--thread-content-max-width:48rem] mx-auto max-w-(--thread-content-max-width) flex-1 group\/turn-messages focus-visible:outline-hidden relative flex w-full min-w-0 flex-col agent-turn\">\n<div class=\"flex max-w-full flex-col gap-4 grow\">\n<div class=\"min-h-8 text-message relative flex w-full flex-col items-end gap-2 text-start break-words whitespace-normal outline-none keyboard-focused:focus-ring [.text-message+&amp;]:mt-1\" dir=\"auto\" tabindex=\"0\" data-message-author-role=\"assistant\" data-message-id=\"ed97179e-d419-40d8-93e5-cfd4ea778874\" data-message-model-slug=\"gpt-5-3\" data-turn-start-message=\"true\">\n<div class=\"flex w-full flex-col gap-1 empty:hidden\">\n<div class=\"markdown prose dark:prose-invert w-full wrap-break-word light markdown-new-styling\">\n<p data-start=\"2988\" data-end=\"3086\"><strong data-start=\"2988\" data-end=\"3086\">Medicube Deep Vita C Pad 150g (70 Pads) \u2013 Aufhellende Vitamin C Toner-Pads f\u00fcr strahlende Haut<\/strong><\/p>\n<p data-start=\"3088\" data-end=\"3368\">Die <strong data-start=\"3092\" data-end=\"3135\">Medicube Deep Vita C Pad 150g (70 Pads)<\/strong> sind mit aufhellenden Wirkstoffen getr\u00e4nkte Toner-Pads, die die Haut schnell und effektiv zum Strahlen bringen. Mit <strong data-start=\"3252\" data-end=\"3265\">Vitamin C<\/strong> angereichert helfen sie, Pigmentflecken, einen fahlen Teint und M\u00fcdigkeitserscheinungen zu reduzieren.<\/p>\n<p data-start=\"3370\" data-end=\"3651\">Die doppelte Struktur sorgt f\u00fcr eine sanfte Peeling-Wirkung zur Entfernung abgestorbener Hautzellen und Unreinheiten sowie f\u00fcr eine gl\u00e4ttende und verfeinernde Wirkung auf das Hautbild. Ideal f\u00fcr die t\u00e4gliche Anwendung, bereiten sie die Haut optimal auf die nachfolgende Pflege vor.<\/p>\n<p data-start=\"3653\" data-end=\"3855\" data-is-last-node=\"\" data-is-only-node=\"\">Mit feuchtigkeitsspendenden und beruhigenden Inhaltsstoffen helfen sie, die Haut weich, ausgeglichen und gesch\u00fctzt zu halten. Bei regelm\u00e4\u00dfiger Anwendung wirkt die Haut strahlender, glatter und ges\u00fcnder.<\/p>\n<\/div>\n<\/div>\n<\/div>\n<\/div>\n<div class=\"z-0 flex min-h-[46px] justify-start\"><\/div>\n<\/div>\n<\/div>\n<\/section>\n<\/div>\n<p data-start=\"961\" data-end=\"1084\">Follow us! <a href=\"https:\/\/www.instagram.com\/freeshopswiss\/\" target=\"_blank\" rel=\"noopener\">@freeshopswiss<\/a><\/p>\n","protected":false},"excerpt":{"rendered":"<p>Die <strong data-start=\"3092\" data-end=\"3135\">Medicube Deep Vita C Pad 150g (70 Pads)<\/strong> sind mit aufhellenden Wirkstoffen getr\u00e4nkte Toner-Pads, die die Haut schnell und effektiv zum Strahlen bringen.<\/p>\n","protected":false},"featured_media":42595,"comment_status":"open","ping_status":"closed","template":"","meta":[],"pwb-brand":[1000],"product_brand":[],"product_cat":[292,111,546],"product_tag":[419,293,300,3612],"class_list":{"0":"post-42600","1":"product","2":"type-product","3":"status-publish","4":"has-post-thumbnail","6":"pwb-brand-medicube","7":"product_cat-behandlungen","8":"product_cat-fur-sie-de","9":"product_cat-gesichtsbehandlung","10":"product_tag-behandlungen-de","11":"product_tag-frau","12":"product_tag-gesichtsbehandlungen","13":"product_tag-k-beauty-de","15":"first","16":"instock","17":"sale","18":"taxable","19":"shipping-taxable","20":"purchasable","21":"product-type-simple"},"brands":[{"id":1000,"name":"Medicube","slug":"medicube"}],"_links":{"self":[{"href":"https:\/\/www.freeshopfrontiera.ch\/de\/wp-json\/wp\/v2\/product\/42600","targetHints":{"allow":["GET"]}}],"collection":[{"href":"https:\/\/www.freeshopfrontiera.ch\/de\/wp-json\/wp\/v2\/product"}],"about":[{"href":"https:\/\/www.freeshopfrontiera.ch\/de\/wp-json\/wp\/v2\/types\/product"}],"replies":[{"embeddable":true,"href":"https:\/\/www.freeshopfrontiera.ch\/de\/wp-json\/wp\/v2\/comments?post=42600"}],"version-history":[{"count":1,"href":"https:\/\/www.freeshopfrontiera.ch\/de\/wp-json\/wp\/v2\/product\/42600\/revisions"}],"predecessor-version":[{"id":42604,"href":"https:\/\/www.freeshopfrontiera.ch\/de\/wp-json\/wp\/v2\/product\/42600\/revisions\/42604"}],"wp:featuredmedia":[{"embeddable":true,"href":"https:\/\/www.freeshopfrontiera.ch\/de\/wp-json\/wp\/v2\/media\/42595"}],"wp:attachment":[{"href":"https:\/\/www.freeshopfrontiera.ch\/de\/wp-json\/wp\/v2\/media?parent=42600"}],"wp:term":[{"taxonomy":"pwb-brand","embeddable":true,"href":"https:\/\/www.freeshopfrontiera.ch\/de\/wp-json\/wp\/v2\/pwb-brand?post=42600"},{"taxonomy":"product_brand","embeddable":true,"href":"https:\/\/www.freeshopfrontiera.ch\/de\/wp-json\/wp\/v2\/product_brand?post=42600"},{"taxonomy":"product_cat","embeddable":true,"href":"https:\/\/www.freeshopfrontiera.ch\/de\/wp-json\/wp\/v2\/product_cat?post=42600"},{"taxonomy":"product_tag","embeddable":true,"href":"https:\/\/www.freeshopfrontiera.ch\/de\/wp-json\/wp\/v2\/product_tag?post=42600"}],"curies":[{"name":"wp","href":"https:\/\/api.w.org\/{rel}","templated":true}]}}