{"id":42763,"date":"2026-01-10T13:12:20","date_gmt":"2026-01-10T13:12:20","guid":{"rendered":"https:\/\/www.freeshopfrontiera.ch\/shop\/versace-eros-flame-eau-de-parfum\/"},"modified":"2026-04-28T13:35:55","modified_gmt":"2026-04-28T13:35:55","slug":"versace-eros-flame-eau-de-parfum","status":"publish","type":"product","link":"https:\/\/www.freeshopfrontiera.ch\/de\/shop\/versace-eros-flame-eau-de-parfum\/","title":{"rendered":"VERSACE Eros Flame Eau de Parfum"},"content":{"rendered":"<p data-start=\"947\" data-end=\"1029\"><strong data-start=\"947\" data-end=\"1029\">Versace Eros Flame Eau de Parfum \u2013 Intensive Leidenschaft und maskuline St\u00e4rke<\/strong><\/p>\n<p data-start=\"1031\" data-end=\"1952\">Versace Eros Flame ist ein kraftvoller und umh\u00fcllender Herrenduft, der f\u00fcr den leidenschaftlichen, selbstbewussten und authentischen Mann geschaffen wurde. Der Auftakt ist lebendig und w\u00fcrzig, mit frischen Noten von Zitrone, Mandarine, Bitterorange und Rosmarin, verfeinert durch eine pfeffrige Nuance, die sofort die Sinne belebt. Das Herz offenbart eine w\u00e4rmere und intensivere Seite, in der Rose, Geranie und Pfeffer elegant miteinander verschmelzen und einen raffinierten Kontrast zwischen Frische und Sinnlichkeit schaffen. In der Basis sorgen holzige und ambrierte Noten von Zedernholz, Patchouli, Vetiver, Tonkabohne und Vanille f\u00fcr Tiefe und Charakter und hinterlassen eine verf\u00fchrerische, langanhaltende Spur. Perfekt f\u00fcr k\u00fchlere Jahreszeiten und den Abend, steht Eros Flame f\u00fcr Energie, Liebe und Entschlossenheit. Ein ikonischer Duft von Versace, der die Kraft der Emotionen und maskuline Identit\u00e4t verk\u00f6rpert.<\/p>\n<p data-start=\"74\" data-end=\"911\" data-is-last-node=\"\" data-is-only-node=\"\">Follow us! <a href=\"https:\/\/www.instagram.com\/freeshopswiss\/\" target=\"_blank\" rel=\"noopener\">@freeshopswiss<\/a><\/p>\n","protected":false},"excerpt":{"rendered":"<p>Versace Eros Flame ist ein kraftvoller und umh\u00fcllender Herrenduft, der f\u00fcr den leidenschaftlichen, selbstbewussten und authentischen Mann geschaffen wurde.<\/p>\n","protected":false},"featured_media":42744,"comment_status":"open","ping_status":"closed","template":"","meta":[],"pwb-brand":[124],"product_brand":[],"product_cat":[84,86,4196],"product_tag":[952,254,953,1642],"class_list":{"0":"post-42763","1":"product","2":"type-product","3":"status-publish","4":"has-post-thumbnail","6":"pwb-brand-versace","7":"product_cat-duefte","8":"product_cat-fur-ihn-de","9":"product_cat-dufte-aktion","10":"product_tag-profumi-de","11":"product_tag-eau-de-parfum-de","12":"product_tag-uomo-de","13":"product_tag-mens-fragrances-de","15":"first","16":"instock","17":"sale","18":"taxable","19":"shipping-taxable","20":"purchasable","21":"product-type-variable"},"brands":[{"id":124,"name":"Versace","slug":"versace"}],"_links":{"self":[{"href":"https:\/\/www.freeshopfrontiera.ch\/de\/wp-json\/wp\/v2\/product\/42763","targetHints":{"allow":["GET"]}}],"collection":[{"href":"https:\/\/www.freeshopfrontiera.ch\/de\/wp-json\/wp\/v2\/product"}],"about":[{"href":"https:\/\/www.freeshopfrontiera.ch\/de\/wp-json\/wp\/v2\/types\/product"}],"replies":[{"embeddable":true,"href":"https:\/\/www.freeshopfrontiera.ch\/de\/wp-json\/wp\/v2\/comments?post=42763"}],"version-history":[{"count":3,"href":"https:\/\/www.freeshopfrontiera.ch\/de\/wp-json\/wp\/v2\/product\/42763\/revisions"}],"predecessor-version":[{"id":42773,"href":"https:\/\/www.freeshopfrontiera.ch\/de\/wp-json\/wp\/v2\/product\/42763\/revisions\/42773"}],"wp:featuredmedia":[{"embeddable":true,"href":"https:\/\/www.freeshopfrontiera.ch\/de\/wp-json\/wp\/v2\/media\/42744"}],"wp:attachment":[{"href":"https:\/\/www.freeshopfrontiera.ch\/de\/wp-json\/wp\/v2\/media?parent=42763"}],"wp:term":[{"taxonomy":"pwb-brand","embeddable":true,"href":"https:\/\/www.freeshopfrontiera.ch\/de\/wp-json\/wp\/v2\/pwb-brand?post=42763"},{"taxonomy":"product_brand","embeddable":true,"href":"https:\/\/www.freeshopfrontiera.ch\/de\/wp-json\/wp\/v2\/product_brand?post=42763"},{"taxonomy":"product_cat","embeddable":true,"href":"https:\/\/www.freeshopfrontiera.ch\/de\/wp-json\/wp\/v2\/product_cat?post=42763"},{"taxonomy":"product_tag","embeddable":true,"href":"https:\/\/www.freeshopfrontiera.ch\/de\/wp-json\/wp\/v2\/product_tag?post=42763"}],"curies":[{"name":"wp","href":"https:\/\/api.w.org\/{rel}","templated":true}]}}