{"id":42804,"date":"2026-05-04T09:51:36","date_gmt":"2026-05-04T09:51:36","guid":{"rendered":"https:\/\/www.freeshopfrontiera.ch\/shop\/lattafa-her-confession-eau-de-parfum-100ml\/"},"modified":"2026-05-04T09:55:38","modified_gmt":"2026-05-04T09:55:38","slug":"lattafa-her-confession-eau-de-parfum-100ml","status":"publish","type":"product","link":"https:\/\/www.freeshopfrontiera.ch\/de\/shop\/lattafa-her-confession-eau-de-parfum-100ml\/","title":{"rendered":"LATTAFA Her Confession Eau de Parfum 100ml"},"content":{"rendered":"<section class=\"text-token-text-primary w-full focus:outline-none [--shadow-height:45px] has-data-writing-block:pointer-events-none has-data-writing-block:-mt-(--shadow-height) has-data-writing-block:pt-(--shadow-height) [&amp;:has([data-writing-block])&gt;*]:pointer-events-auto R6Vx5W_threadScrollVars scroll-mb-[calc(var(--scroll-root-safe-area-inset-bottom,0px)+var(--thread-response-height))] scroll-mt-(--header-height)\" dir=\"auto\" data-turn-id=\"4c2c1c86-e1df-4819-9bae-af5800e08218\" data-testid=\"conversation-turn-17\" data-scroll-anchor=\"false\" data-turn=\"user\"><\/section>\n<section class=\"text-token-text-primary w-full focus:outline-none [--shadow-height:45px] has-data-writing-block:pointer-events-none has-data-writing-block:-mt-(--shadow-height) has-data-writing-block:pt-(--shadow-height) [&amp;:has([data-writing-block])&gt;*]:pointer-events-auto [content-visibility:auto] supports-[content-visibility:auto]:[contain-intrinsic-size:auto_100lvh] R6Vx5W_threadScrollVars scroll-mb-[calc(var(--scroll-root-safe-area-inset-bottom,0px)+var(--thread-response-height))] scroll-mt-[calc(var(--header-height)+min(200px,max(70px,20svh)))]\" dir=\"auto\" data-turn-id=\"request-69f84869-43c8-832a-8b30-72b2497eaf33-0\" data-testid=\"conversation-turn-18\" data-scroll-anchor=\"false\" data-turn=\"assistant\">\n<div class=\"text-base my-auto mx-auto pb-10 [--thread-content-margin:var(--thread-content-margin-xs,calc(var(--spacing)*4))] @w-sm\/main:[--thread-content-margin:var(--thread-content-margin-sm,calc(var(--spacing)*6))] @w-lg\/main:[--thread-content-margin:var(--thread-content-margin-lg,calc(var(--spacing)*16))] px-(--thread-content-margin)\">\n<div class=\"[--thread-content-max-width:40rem] @w-lg\/main:[--thread-content-max-width:48rem] mx-auto max-w-(--thread-content-max-width) flex-1 group\/turn-messages focus-visible:outline-hidden relative flex w-full min-w-0 flex-col agent-turn\">\n<div class=\"flex max-w-full flex-col gap-4 grow\">\n<div class=\"min-h-8 text-message relative flex w-full flex-col items-end gap-2 text-start break-words whitespace-normal outline-none keyboard-focused:focus-ring [.text-message+&amp;]:mt-1\" dir=\"auto\" tabindex=\"0\" data-message-author-role=\"assistant\" data-message-id=\"0e7d8b23-87b7-4016-bedb-1252366bde0a\" data-message-model-slug=\"gpt-5-3\" data-turn-start-message=\"true\">\n<div class=\"flex w-full flex-col gap-1 empty:hidden\">\n<div class=\"markdown prose dark:prose-invert w-full wrap-break-word light markdown-new-styling\">\n<p data-start=\"1209\" data-end=\"1335\"><strong data-start=\"1223\" data-end=\"1333\">Lattafa Her Confession Eau de Parfum 100 ml \u2013 Sinnlicher und umh\u00fcllender Duft mit unwiderstehlichem Charme<\/strong><\/p>\n<p data-start=\"1337\" data-end=\"1741\">Entdecken Sie Lattafa Her Confession Eau de Parfum, einen intensiven und verf\u00fchrerischen Damenduft, der f\u00fcr die moderne Frau kreiert wurde, die ihre Pers\u00f6nlichkeit mit Eleganz und Charakter zum Ausdruck bringt. Dieser umh\u00fcllende Duft begeistert vom ersten Moment an mit einer strahlenden und faszinierenden Kopfnote, in der sich die Nuancen zu einer raffinierten und ansprechenden Komposition vereinen.<\/p>\n<p data-start=\"1743\" data-end=\"2083\">Im Herzen entfaltet sich ein reichhaltiges und elegantes florales Bouquet, das Weiblichkeit und Sinnlichkeit mit feiner Leichtigkeit vermittelt. Die Basisnoten, warm und langanhaltend, verleihen der Komposition Tiefe mit umh\u00fcllenden und leicht gourmandigen Akkorden und hinterlassen eine elegante und unvergessliche Duftspur auf der Haut.<\/p>\n<p data-start=\"2085\" data-end=\"2416\">Perfekt f\u00fcr den Alltag ebenso wie f\u00fcr besondere Anl\u00e4sse, zeichnet sich Her Confession durch seinen raffinierten und modernen Stil aus \u2013 ideal f\u00fcr alle, die einen vielseitigen und dennoch charakterstarken Duft suchen. Die lange Haltbarkeit und die ausgewogene Intensit\u00e4t machen ihn zu einem perfekten Begleiter f\u00fcr den ganzen Tag.<\/p>\n<p data-start=\"2418\" data-end=\"2559\">Ein Duft, der eine Geschichte von Charme und Geheimnis erz\u00e4hlt \u2013 ideal f\u00fcr alle, die mit Stil und Diskretion Eindruck hinterlassen m\u00f6chten.<\/p>\n<\/div>\n<p data-start=\"1126\" data-end=\"1250\" data-is-last-node=\"\" data-is-only-node=\"\">Follow us!\u00a0<a href=\"https:\/\/www.instagram.com\/freeshopswiss\/\" target=\"_blank\" rel=\"noopener\">@freeshopswiss<\/a><\/p>\n<\/div>\n<\/div>\n<\/div>\n<\/div>\n<\/div>\n<\/section>\n","protected":false},"excerpt":{"rendered":"<p>Entdecken Sie Lattafa Her Confession Eau de Parfum, einen intensiven und verf\u00fchrerischen Damenduft, der f\u00fcr die moderne Frau kreiert wurde, die ihre Pers\u00f6nlichkeit mit Eleganz und Charakter zum Ausdruck bringt.<\/p>\n","protected":false},"featured_media":42800,"comment_status":"open","ping_status":"closed","template":"","meta":[],"pwb-brand":[772],"product_brand":[],"product_cat":[84,111,4196],"product_tag":[790,952,254,293],"class_list":{"0":"post-42804","1":"product","2":"type-product","3":"status-publish","4":"has-post-thumbnail","6":"pwb-brand-lattafa","7":"product_cat-duefte","8":"product_cat-fur-sie-de","9":"product_cat-dufte-aktion","10":"product_tag-womens-fragrances-de","11":"product_tag-profumi-de","12":"product_tag-eau-de-parfum-de","13":"product_tag-frau","15":"first","16":"instock","17":"sale","18":"taxable","19":"shipping-taxable","20":"purchasable","21":"product-type-simple"},"brands":[{"id":772,"name":"Lattafa","slug":"lattafa"}],"_links":{"self":[{"href":"https:\/\/www.freeshopfrontiera.ch\/de\/wp-json\/wp\/v2\/product\/42804","targetHints":{"allow":["GET"]}}],"collection":[{"href":"https:\/\/www.freeshopfrontiera.ch\/de\/wp-json\/wp\/v2\/product"}],"about":[{"href":"https:\/\/www.freeshopfrontiera.ch\/de\/wp-json\/wp\/v2\/types\/product"}],"replies":[{"embeddable":true,"href":"https:\/\/www.freeshopfrontiera.ch\/de\/wp-json\/wp\/v2\/comments?post=42804"}],"version-history":[{"count":1,"href":"https:\/\/www.freeshopfrontiera.ch\/de\/wp-json\/wp\/v2\/product\/42804\/revisions"}],"predecessor-version":[{"id":42808,"href":"https:\/\/www.freeshopfrontiera.ch\/de\/wp-json\/wp\/v2\/product\/42804\/revisions\/42808"}],"wp:featuredmedia":[{"embeddable":true,"href":"https:\/\/www.freeshopfrontiera.ch\/de\/wp-json\/wp\/v2\/media\/42800"}],"wp:attachment":[{"href":"https:\/\/www.freeshopfrontiera.ch\/de\/wp-json\/wp\/v2\/media?parent=42804"}],"wp:term":[{"taxonomy":"pwb-brand","embeddable":true,"href":"https:\/\/www.freeshopfrontiera.ch\/de\/wp-json\/wp\/v2\/pwb-brand?post=42804"},{"taxonomy":"product_brand","embeddable":true,"href":"https:\/\/www.freeshopfrontiera.ch\/de\/wp-json\/wp\/v2\/product_brand?post=42804"},{"taxonomy":"product_cat","embeddable":true,"href":"https:\/\/www.freeshopfrontiera.ch\/de\/wp-json\/wp\/v2\/product_cat?post=42804"},{"taxonomy":"product_tag","embeddable":true,"href":"https:\/\/www.freeshopfrontiera.ch\/de\/wp-json\/wp\/v2\/product_tag?post=42804"}],"curies":[{"name":"wp","href":"https:\/\/api.w.org\/{rel}","templated":true}]}}