{"id":42992,"date":"2026-05-12T08:00:55","date_gmt":"2026-05-12T08:00:55","guid":{"rendered":"https:\/\/www.freeshopfrontiera.ch\/shop\/rabanne-invictus-elixir-parfum\/"},"modified":"2026-05-12T08:04:24","modified_gmt":"2026-05-12T08:04:24","slug":"rabanne-invictus-elixir-parfum","status":"publish","type":"product","link":"https:\/\/www.freeshopfrontiera.ch\/de\/shop\/rabanne-invictus-elixir-parfum\/","title":{"rendered":"RABANNE Invictus Elixir Parfum"},"content":{"rendered":"<div class=\"relative w-full overflow-visible\">\n<section class=\"text-token-text-primary w-full focus:outline-none [--shadow-height:45px] has-data-writing-block:pointer-events-none has-data-writing-block:-mt-(--shadow-height) has-data-writing-block:pt-(--shadow-height) [&amp;:has([data-writing-block])&gt;*]:pointer-events-auto R6Vx5W_threadScrollVars scroll-mb-[calc(var(--scroll-root-safe-area-inset-bottom,0px)+var(--thread-response-height))] scroll-mt-(--header-height)\" dir=\"auto\" data-turn-id=\"57f3eb4d-c0ef-4bc8-b28d-192919e12155\" data-turn-id-container=\"57f3eb4d-c0ef-4bc8-b28d-192919e12155\" data-testid=\"conversation-turn-9\" data-scroll-anchor=\"false\" data-turn=\"user\"><\/section>\n<div class=\"contents\">\n<h2 data-section-id=\"e77tsx\" data-start=\"1042\" data-end=\"1118\">RABANNE Invictus Elixir Parfum<\/h2>\n<p data-start=\"1120\" data-end=\"1447\">Entdecken Sie die absolute Kraft von <span class=\"hover:entity-accent entity-underline inline cursor-pointer align-baseline\"><span class=\"whitespace-normal\">Rabanne<\/span><\/span> mit Invictus Elixir Parfum \u2013 ein intensiver und verf\u00fchrerischer Herrenduft f\u00fcr M\u00e4nner, die auffallen m\u00f6chten. Ein reichhaltiger und umh\u00fcllender Duft, der aromatische Frische mit warmer Amber-Tiefe in einer modernen und raffinierten Komposition vereint.<\/p>\n<p data-start=\"1449\" data-end=\"1811\">Die Er\u00f6ffnung begeistert mit lebendigen w\u00fcrzigen und aromatischen Noten, die sofort Energie und Charakter verleihen. Im Herzen entfalten sich warme und sinnliche Akkorde voller Eleganz und Intensit\u00e4t, w\u00e4hrend die Basis eine kraftvolle und langanhaltende Spur aus Amber, edlen H\u00f6lzern und Vanille hinterl\u00e4sst \u2013 die perfekte Balance zwischen St\u00e4rke und Raffinesse.<\/p>\n<p data-start=\"1813\" data-end=\"2143\">Invictus Elixir Parfum ist ideal f\u00fcr M\u00e4nner, die einen intensiven, langanhaltenden und charismatischen Duft suchen \u2013 perfekt f\u00fcr den Abend, besondere Anl\u00e4sse oder um jeden Tag Eindruck zu hinterlassen. Das ikonische Flakondesign erinnert an die Welt des Sieges und der St\u00e4rke und symbolisiert moderne, selbstbewusste M\u00e4nnlichkeit.<\/p>\n<\/div>\n<\/div>\n<div class=\"relative w-full overflow-visible\">\n<section class=\"text-token-text-primary w-full focus:outline-none [--shadow-height:45px] has-data-writing-block:pointer-events-none has-data-writing-block:-mt-(--shadow-height) has-data-writing-block:pt-(--shadow-height) [&amp;:has([data-writing-block])&gt;*]:pointer-events-auto [content-visibility:auto] supports-[content-visibility:auto]:[contain-intrinsic-size:auto_100lvh] R6Vx5W_threadScrollVars scroll-mb-[calc(var(--scroll-root-safe-area-inset-bottom,0px)+var(--thread-response-height))] scroll-mt-[calc(var(--header-height)+min(200px,max(70px,20svh)))]\" dir=\"auto\" data-turn-id=\"request-WEB:05b3491c-4073-442f-b477-94ebcb38e29e-4\" data-turn-id-container=\"request-WEB:05b3491c-4073-442f-b477-94ebcb38e29e-4\" data-testid=\"conversation-turn-10\" data-scroll-anchor=\"false\" data-turn=\"assistant\">\n<div class=\"text-base my-auto mx-auto pb-10 [--thread-content-margin:var(--thread-content-margin-xs,calc(var(--spacing)*4))] @w-sm\/main:[--thread-content-margin:var(--thread-content-margin-sm,calc(var(--spacing)*6))] @w-lg\/main:[--thread-content-margin:var(--thread-content-margin-lg,calc(var(--spacing)*16))] px-(--thread-content-margin)\">\n<div class=\"[--thread-content-max-width:40rem] @w-lg\/main:[--thread-content-max-width:48rem] mx-auto max-w-(--thread-content-max-width) flex-1 group\/turn-messages focus-visible:outline-hidden relative flex w-full min-w-0 flex-col agent-turn\">\n<div class=\"flex max-w-full flex-col gap-4 grow\">\n<div class=\"min-h-8 text-message relative flex w-full flex-col items-end gap-2 text-start break-words whitespace-normal outline-none keyboard-focused:focus-ring [.text-message+&amp;]:mt-1\" dir=\"auto\" tabindex=\"0\" data-message-author-role=\"assistant\" data-message-id=\"a3809c6e-20ef-4dfa-afe5-5c2c64a7014e\" data-message-model-slug=\"gpt-5-5\" data-turn-start-message=\"true\">\n<div class=\"flex w-full flex-col gap-1 empty:hidden\">\n<div class=\"markdown prose dark:prose-invert wrap-break-word w-full light markdown-new-styling\">\n<p data-start=\"738\" data-end=\"1051\">\n<\/div>\n<p data-start=\"738\" data-end=\"1051\">Follow us!\u00a0<a href=\"https:\/\/www.instagram.com\/freeshopswiss\/\" target=\"_blank\" rel=\"noopener\">@freeshopswiss<\/a><\/p>\n<\/div>\n<\/div>\n<\/div>\n<\/div>\n<\/div>\n<\/section>\n<\/div>\n","protected":false},"excerpt":{"rendered":"<p>Entdecken Sie die absolute Kraft von <span class=\"hover:entity-accent entity-underline inline cursor-pointer align-baseline\"><span class=\"whitespace-normal\">Rabanne<\/span><\/span> mit Invictus Elixir Parfum \u2013 ein intensiver und verf\u00fchrerischer Herrenduft f\u00fcr M\u00e4nner, die auffallen m\u00f6chten<\/p>\n","protected":false},"featured_media":42973,"comment_status":"open","ping_status":"closed","template":"","meta":[],"pwb-brand":[378],"product_brand":[],"product_cat":[84,86],"product_tag":[952,254,953,1642],"class_list":{"0":"post-42992","1":"product","2":"type-product","3":"status-publish","4":"has-post-thumbnail","6":"pwb-brand-rabanne","7":"product_cat-duefte","8":"product_cat-fur-ihn-de","9":"product_tag-profumi-de","10":"product_tag-eau-de-parfum-de","11":"product_tag-uomo-de","12":"product_tag-mens-fragrances-de","14":"first","15":"instock","16":"sale","17":"taxable","18":"shipping-taxable","19":"purchasable","20":"product-type-variable","21":"has-default-attributes"},"brands":[{"id":378,"name":"Rabanne","slug":"rabanne"}],"_links":{"self":[{"href":"https:\/\/www.freeshopfrontiera.ch\/de\/wp-json\/wp\/v2\/product\/42992","targetHints":{"allow":["GET"]}}],"collection":[{"href":"https:\/\/www.freeshopfrontiera.ch\/de\/wp-json\/wp\/v2\/product"}],"about":[{"href":"https:\/\/www.freeshopfrontiera.ch\/de\/wp-json\/wp\/v2\/types\/product"}],"replies":[{"embeddable":true,"href":"https:\/\/www.freeshopfrontiera.ch\/de\/wp-json\/wp\/v2\/comments?post=42992"}],"version-history":[{"count":1,"href":"https:\/\/www.freeshopfrontiera.ch\/de\/wp-json\/wp\/v2\/product\/42992\/revisions"}],"predecessor-version":[{"id":42997,"href":"https:\/\/www.freeshopfrontiera.ch\/de\/wp-json\/wp\/v2\/product\/42992\/revisions\/42997"}],"wp:featuredmedia":[{"embeddable":true,"href":"https:\/\/www.freeshopfrontiera.ch\/de\/wp-json\/wp\/v2\/media\/42973"}],"wp:attachment":[{"href":"https:\/\/www.freeshopfrontiera.ch\/de\/wp-json\/wp\/v2\/media?parent=42992"}],"wp:term":[{"taxonomy":"pwb-brand","embeddable":true,"href":"https:\/\/www.freeshopfrontiera.ch\/de\/wp-json\/wp\/v2\/pwb-brand?post=42992"},{"taxonomy":"product_brand","embeddable":true,"href":"https:\/\/www.freeshopfrontiera.ch\/de\/wp-json\/wp\/v2\/product_brand?post=42992"},{"taxonomy":"product_cat","embeddable":true,"href":"https:\/\/www.freeshopfrontiera.ch\/de\/wp-json\/wp\/v2\/product_cat?post=42992"},{"taxonomy":"product_tag","embeddable":true,"href":"https:\/\/www.freeshopfrontiera.ch\/de\/wp-json\/wp\/v2\/product_tag?post=42992"}],"curies":[{"name":"wp","href":"https:\/\/api.w.org\/{rel}","templated":true}]}}