{"id":43013,"date":"2026-05-15T09:37:20","date_gmt":"2026-05-15T09:37:20","guid":{"rendered":"https:\/\/www.freeshopfrontiera.ch\/shop\/lancaster-sun-perfect-air-sensitive-spf50-40ml\/"},"modified":"2026-05-15T09:42:16","modified_gmt":"2026-05-15T09:42:16","slug":"lancaster-sun-perfect-air-sensitive-spf50-40ml","status":"publish","type":"product","link":"https:\/\/www.freeshopfrontiera.ch\/de\/shop\/lancaster-sun-perfect-air-sensitive-spf50-40ml\/","title":{"rendered":"LANCASTER Sun Perfect Air Sensitive SPF50 40ml"},"content":{"rendered":"<h2 data-section-id=\"dhi18c\" data-start=\"887\" data-end=\"936\">Lancaster Sun Perfect Air Sensitive SPF50 40ml<\/h2>\n<p data-start=\"938\" data-end=\"1448\">Lancaster Sun Perfect Air Sensitive SPF50 ist die ideale t\u00e4gliche Gesichts-Sonnenpflege f\u00fcr alle, die einen sehr hohen Schutz mit fortschrittlicher Pflege f\u00fcr empfindliche und sensible Haut kombinieren m\u00f6chten. Diese ultraleichte Fluid-Textur vereint moderne Sonnenschutztechnologie mit beruhigenden Wirkstoffen und bietet unsichtbaren Schutz vor UVA-, UVB-, Blaulicht- und Infrarotstrahlen, w\u00e4hrend sie gleichzeitig hilft, R\u00f6tungen, Hautunreinheiten und Zeichen der Hautalterung durch Sonnenlicht vorzubeugen.<\/p>\n<p data-start=\"1450\" data-end=\"1889\">Die luftige und schwerelose Textur zieht schnell ein, ohne einen wei\u00dfen Film oder ein schweres Hautgef\u00fchl zu hinterlassen. Dadurch eignet sie sich perfekt als Make-up-Grundlage oder f\u00fcr die t\u00e4gliche Anwendung das ganze Jahr \u00fcber. Dank der mineralischen Formel, die speziell f\u00fcr empfindliche Haut entwickelt wurde, schenkt sie sofortigen Komfort, lindert Irritationen und Trockenheit und hinterl\u00e4sst die Haut weich, ebenm\u00e4\u00dfig und gesch\u00fctzt.<\/p>\n<p data-start=\"606\" data-end=\"1047\">Follow us!\u00a0<a href=\"https:\/\/www.instagram.com\/freeshopswiss\/\" target=\"_blank\" rel=\"noopener\">@freeshopswiss<\/a><\/p>\n","protected":false},"excerpt":{"rendered":"<p>Lancaster Sun Perfect Air Sensitive SPF50 ist die ideale t\u00e4gliche Gesichts-Sonnenpflege f\u00fcr alle, die einen sehr hohen Schutz mit fortschrittlicher Pflege f\u00fcr empfindliche und sensible Haut kombinieren m\u00f6chten.<\/p>\n","protected":false},"featured_media":43008,"comment_status":"open","ping_status":"closed","template":"","meta":[],"pwb-brand":[421],"product_brand":[],"product_cat":[292,105,425],"product_tag":[419,293,563,554],"class_list":{"0":"post-43013","1":"product","2":"type-product","3":"status-publish","4":"has-post-thumbnail","6":"pwb-brand-lancaster","7":"product_cat-behandlungen","8":"product_cat-neuheit","9":"product_cat-solari-de","10":"product_tag-behandlungen-de","11":"product_tag-frau","12":"product_tag-neuheiten-pflegeprodukte","13":"product_tag-sonnenschutzcreme","15":"first","16":"instock","17":"sale","18":"taxable","19":"shipping-taxable","20":"purchasable","21":"product-type-simple"},"brands":[{"id":421,"name":"Lancaster","slug":"lancaster"}],"_links":{"self":[{"href":"https:\/\/www.freeshopfrontiera.ch\/de\/wp-json\/wp\/v2\/product\/43013","targetHints":{"allow":["GET"]}}],"collection":[{"href":"https:\/\/www.freeshopfrontiera.ch\/de\/wp-json\/wp\/v2\/product"}],"about":[{"href":"https:\/\/www.freeshopfrontiera.ch\/de\/wp-json\/wp\/v2\/types\/product"}],"replies":[{"embeddable":true,"href":"https:\/\/www.freeshopfrontiera.ch\/de\/wp-json\/wp\/v2\/comments?post=43013"}],"version-history":[{"count":1,"href":"https:\/\/www.freeshopfrontiera.ch\/de\/wp-json\/wp\/v2\/product\/43013\/revisions"}],"predecessor-version":[{"id":43015,"href":"https:\/\/www.freeshopfrontiera.ch\/de\/wp-json\/wp\/v2\/product\/43013\/revisions\/43015"}],"wp:featuredmedia":[{"embeddable":true,"href":"https:\/\/www.freeshopfrontiera.ch\/de\/wp-json\/wp\/v2\/media\/43008"}],"wp:attachment":[{"href":"https:\/\/www.freeshopfrontiera.ch\/de\/wp-json\/wp\/v2\/media?parent=43013"}],"wp:term":[{"taxonomy":"pwb-brand","embeddable":true,"href":"https:\/\/www.freeshopfrontiera.ch\/de\/wp-json\/wp\/v2\/pwb-brand?post=43013"},{"taxonomy":"product_brand","embeddable":true,"href":"https:\/\/www.freeshopfrontiera.ch\/de\/wp-json\/wp\/v2\/product_brand?post=43013"},{"taxonomy":"product_cat","embeddable":true,"href":"https:\/\/www.freeshopfrontiera.ch\/de\/wp-json\/wp\/v2\/product_cat?post=43013"},{"taxonomy":"product_tag","embeddable":true,"href":"https:\/\/www.freeshopfrontiera.ch\/de\/wp-json\/wp\/v2\/product_tag?post=43013"}],"curies":[{"name":"wp","href":"https:\/\/api.w.org\/{rel}","templated":true}]}}