{"id":7106,"date":"2024-11-07T17:04:03","date_gmt":"2024-11-07T17:04:03","guid":{"rendered":"https:\/\/freeshopswiss.alesca.org\/prodotto\/calvin-klein-ck-one\/"},"modified":"2025-06-11T04:30:59","modified_gmt":"2025-06-11T04:30:59","slug":"calvin-klein-ck-one","status":"publish","type":"product","link":"https:\/\/www.freeshopfrontiera.ch\/de\/shop\/calvin-klein-ck-one\/","title":{"rendered":"CALVIN KLEIN Ck One"},"content":{"rendered":"<p><strong>Calvin Klein CK One Eau de Toilette 200ml: Unisex-Frische, die jeden erobert<\/strong><\/p>\n<p><strong>Calvin Klein CK One <\/strong>ist ein ikonischer Duft, der seit seiner Einf\u00fchrung im Jahr 1994 die Welt des Parf\u00fcms revolutioniert hat. Unisex, frisch und unwiderstehlich, CK One repr\u00e4sentiert die Essenz von Freiheit und Authentizit\u00e4t. Mit seiner leichten und dynamischen Komposition ist es das perfekte Parf\u00fcm f\u00fcr alle, die einen vielseitigen und modernen Duft suchen, der zu jedem Anlass passt. Die <strong>200-ml-Flasche<\/strong> ist f\u00fcr diejenigen gedacht, die es lieben, jeden Tag in Parf\u00fcm einzutauchen und eine lang anhaltende Versorgung f\u00fcr ihre Routine w\u00fcnschen. Die Magie von <strong>Calvin Klein CK One<\/strong> liegt in seiner Formel, die sowohl frisch als auch umh\u00fcllend zu sein wei\u00df. Die Kopfnoten aus Zitrone, Bergamotte, Ananas und Papaya geben sofort einen Schub an Energie und Vitalit\u00e4t. Der Duft entwickelt sich mit einem blumigen und zarten Herzen, in dem sich Hyazinthe, Maigl\u00f6ckchen und Rose perfekt vermischen und eine frische und raffinierte Harmonie schaffen. Die Basisnoten aus Moschus, Zedernholz und Amber schlie\u00dflich verleihen dem Duft eine warme und sinnliche Tiefe, die dem Duft eine einzigartige Persistenz verleiht. Der <strong>200-ml-Flakon<\/strong> von <strong>CK One<\/strong> hat ein minimalistisches und elegantes Design mit essentiellen Linien, die die Reinheit und Frische des Parf\u00fcms selbst widerspiegeln. Eine einfache, aber ikonische Flasche, die zu einem echten stilvollen Objekt wird, mit dem man angeben kann. Mit dem handlichen Vaporizer wird jede Anwendung zu einer schnellen und angenehmen Geste. Perfekt f\u00fcr jede Jahreszeit, besonders f\u00fcr Fr\u00fchling und Sommer, ist <strong>CK One<\/strong> ideal f\u00fcr den t\u00e4glichen Gebrauch, aber auch f\u00fcr ungezwungenere Abende oder einen Tag im B\u00fcro. Seine Leichtigkeit und Vielseitigkeit machen es zu einem Parf\u00fcm, das nie m\u00fcde wird. Wenn Sie auf der Suche nach einem Duft sind, der Frische, Eleganz und einen Hauch von Pers\u00f6nlichkeit vereint, ist <strong>CK One<\/strong> die richtige Wahl f\u00fcr Sie. Verpassen Sie nicht die Chance, herauszufinden, warum CK One ein Must-Have von Calvin Klein ist. <strong>Kaufen Sie jetzt<\/strong> f\u00fcr CHF 49.90 und lassen Sie sich jeden Tag von der Frische begleiten! Verfolgen Sie alle unsere Neuigkeiten!<\/p>\n<p><a href=\"https:\/\/www.instagram.com\/freeshopswiss\/\" target=\"_blank\" rel=\"noopener\">@freeshopswiss<\/a><\/p>\n","protected":false},"excerpt":{"rendered":"<div class=\"flex-shrink-0 flex flex-col relative items-end\">\n<div>\n<div class=\"pt-0\">\n<div class=\"gizmo-bot-avatar flex h-8 w-8 items-center justify-center overflow-hidden rounded-full\">\n<div class=\"relative p-1 rounded-sm flex items-center justify-center bg-token-main-surface-primary text-token-text-primary h-8 w-8\"><\/div>\n<\/div>\n<\/div>\n<\/div>\n<\/div>\n<div class=\"group\/conversation-turn relative flex w-full min-w-0 flex-col agent-turn\">\n<div class=\"flex-col gap-1 md:gap-3\">\n<div class=\"flex max-w-full flex-col flex-grow\">\n<div class=\"min-h-8 text-message flex w-full flex-col items-end gap-2 whitespace-normal break-words [.text-message+&amp;]:mt-5\" dir=\"auto\" data-message-author-role=\"assistant\" data-message-id=\"ba5f76ba-9335-406e-8f44-f993b1973d02\" data-message-model-slug=\"gpt-4o-mini\">\n<div class=\"flex w-full flex-col gap-1 empty:hidden first:pt-[3px]\">\n<div class=\"markdown prose w-full break-words dark:prose-invert light\">\n<p><strong>Calvin Klein CK One Eau de Toilette 200ml<\/strong> ist ein frischer Unisex-Duft, ideal f\u00fcr jeden Anlass. Mit Zitrus-, Blumen- und Holznoten ist sie leicht, vielseitig und perfekt f\u00fcr den Alltag.<\/p>\n<\/div>\n<\/div>\n<\/div>\n<\/div>\n<\/div>\n<\/div>\n","protected":false},"featured_media":7099,"comment_status":"open","ping_status":"closed","template":"","meta":[],"pwb-brand":[181],"product_brand":[],"product_cat":[144,84,86,98,4196],"product_tag":[790,952,147,293,4368,953,1642,595],"class_list":{"0":"post-7106","1":"product","2":"type-product","3":"status-publish","4":"has-post-thumbnail","6":"pwb-brand-calvin-klein","7":"product_cat-bietet","8":"product_cat-duefte","9":"product_cat-fur-ihn-de","10":"product_cat-hohepunkte","11":"product_cat-dufte-aktion","12":"product_tag-womens-fragrances-de","13":"product_tag-profumi-de","14":"product_tag-eau-de-toilette-de","15":"product_tag-frau","16":"product_tag-fruehlingsspecial","17":"product_tag-uomo-de","18":"product_tag-mens-fragrances-de","19":"product_tag-unisex-de-2","21":"first","22":"instock","23":"sale","24":"taxable","25":"shipping-taxable","26":"purchasable","27":"product-type-simple"},"brands":[{"id":181,"name":"Calvin Klein","slug":"calvin-klein"}],"_links":{"self":[{"href":"https:\/\/www.freeshopfrontiera.ch\/de\/wp-json\/wp\/v2\/product\/7106","targetHints":{"allow":["GET"]}}],"collection":[{"href":"https:\/\/www.freeshopfrontiera.ch\/de\/wp-json\/wp\/v2\/product"}],"about":[{"href":"https:\/\/www.freeshopfrontiera.ch\/de\/wp-json\/wp\/v2\/types\/product"}],"replies":[{"embeddable":true,"href":"https:\/\/www.freeshopfrontiera.ch\/de\/wp-json\/wp\/v2\/comments?post=7106"}],"version-history":[{"count":1,"href":"https:\/\/www.freeshopfrontiera.ch\/de\/wp-json\/wp\/v2\/product\/7106\/revisions"}],"predecessor-version":[{"id":28190,"href":"https:\/\/www.freeshopfrontiera.ch\/de\/wp-json\/wp\/v2\/product\/7106\/revisions\/28190"}],"wp:featuredmedia":[{"embeddable":true,"href":"https:\/\/www.freeshopfrontiera.ch\/de\/wp-json\/wp\/v2\/media\/7099"}],"wp:attachment":[{"href":"https:\/\/www.freeshopfrontiera.ch\/de\/wp-json\/wp\/v2\/media?parent=7106"}],"wp:term":[{"taxonomy":"pwb-brand","embeddable":true,"href":"https:\/\/www.freeshopfrontiera.ch\/de\/wp-json\/wp\/v2\/pwb-brand?post=7106"},{"taxonomy":"product_brand","embeddable":true,"href":"https:\/\/www.freeshopfrontiera.ch\/de\/wp-json\/wp\/v2\/product_brand?post=7106"},{"taxonomy":"product_cat","embeddable":true,"href":"https:\/\/www.freeshopfrontiera.ch\/de\/wp-json\/wp\/v2\/product_cat?post=7106"},{"taxonomy":"product_tag","embeddable":true,"href":"https:\/\/www.freeshopfrontiera.ch\/de\/wp-json\/wp\/v2\/product_tag?post=7106"}],"curies":[{"name":"wp","href":"https:\/\/api.w.org\/{rel}","templated":true}]}}