{"id":7156,"date":"2024-11-08T11:28:49","date_gmt":"2024-11-08T11:28:49","guid":{"rendered":"https:\/\/freeshopswiss.alesca.org\/prodotto\/davidoff-cool-water\/"},"modified":"2026-03-23T14:43:04","modified_gmt":"2026-03-23T14:43:04","slug":"davidoff-cool-water","status":"publish","type":"product","link":"https:\/\/www.freeshopfrontiera.ch\/de\/shop\/davidoff-cool-water\/","title":{"rendered":"DAVIDOFF Cool Water"},"content":{"rendered":"<p><strong>Davidoff Cool Water: Die unverwechselbare Frische eines Klassikers<\/strong><\/p>\n<p><strong>Davidoff Cool Water <\/strong>ist einer der kultigsten und beliebtesten D\u00fcfte der Welt, ein Symbol f\u00fcr Frische, Leichtigkeit und nat\u00fcrliche Eleganz. Cool Water wurde 1988 auf den Markt gebracht und hat sich zu einem zeitlosen Klassiker entwickelt, der f\u00fcr seine F\u00e4higkeit geliebt wird, ein Gef\u00fchl von absoluter Frische hervorzurufen. Mit seiner einzigartigen Komposition ist dieses Parf\u00fcm perfekt f\u00fcr den Mann, der ein intensives, aber gleichzeitig frisches und raffiniertes Geruchserlebnis sucht. Der <strong>125-ml-Flakon<\/strong> ist ideal f\u00fcr alle, die einen lang anhaltenden Duft w\u00fcnschen, der perfekt f\u00fcr den t\u00e4glichen Gebrauch ist. Der Duft von <strong>Davidoff Cool Water<\/strong> er\u00f6ffnet mit frischen, maritimen Noten, die sofort ins Auge fallen. Das Aroma von Minze, Lavendel und Koriander vermischt sich mit einem Herz aus Geranie, Jasmin und Neroli und erzeugt eine umh\u00fcllende und aromatische Wirkung, die zu einem Gef\u00fchl von Sauberkeit und Frische f\u00fchrt. Die Basis ist reich an Edelh\u00f6lzern, Moschus und Amber, die dem Parf\u00fcm eine einzigartige Tiefe und eine lange Haltbarkeit auf der Haut verleihen. Die <strong>125-ml-Flasche<\/strong> <strong>Cool Water<\/strong> hat ein schlankes und modernes Design mit einem hellblauen Farbton, der an kristallklares Wasser und die Frische des Meeres erinnert. Der Vaporizer erm\u00f6glicht eine pr\u00e4zise und komfortable Anwendung, ideal zur Erfrischung der Haut w\u00e4hrend des Tages. Perfekt f\u00fcr jede Jahreszeit, besonders f\u00fcr den Fr\u00fchling und Sommer, ist <strong>Davidoff Cool Water<\/strong> ideal f\u00fcr alle, die einen leichten, aber lang anhaltenden Duft suchen. Geeignet f\u00fcr den Alltag, im B\u00fcro, in der Freizeit oder auch bei informellen Veranstaltungen. Wenn Sie auf der Suche nach einem Duft sind, der Frische, Eleganz und Langlebigkeit vereint, ist <strong>Cool Water <\/strong> die richtige Wahl. <strong>Kaufen Sie jetzt<\/strong> f\u00fcr CHF 39.90 und finden Sie heraus, warum dieser Duft ein wahres Symbol f\u00fcr Frische ist. Verfolgen Sie alle unsere Neuigkeiten!<\/p>\n<p><a href=\"https:\/\/www.instagram.com\/freeshopswiss\/\" target=\"_blank\" rel=\"noopener\">@freeshopswiss <\/a><\/p>\n","protected":false},"excerpt":{"rendered":"<div class=\"flex-shrink-0 flex flex-col relative items-end\">\n<div>\n<div class=\"pt-0\">\n<div class=\"gizmo-bot-avatar flex h-8 w-8 items-center justify-center overflow-hidden rounded-full\">\n<div class=\"relative p-1 rounded-sm flex items-center justify-center bg-token-main-surface-primary text-token-text-primary h-8 w-8\"><\/div>\n<\/div>\n<\/div>\n<\/div>\n<\/div>\n<div class=\"group\/conversation-turn relative flex w-full min-w-0 flex-col agent-turn\">\n<div class=\"flex-col gap-1 md:gap-3\">\n<div class=\"flex max-w-full flex-col flex-grow\">\n<div class=\"min-h-8 text-message flex w-full flex-col items-end gap-2 whitespace-normal break-words [.text-message+&amp;]:mt-5\" dir=\"auto\" data-message-author-role=\"assistant\" data-message-id=\"8d3c67c7-b379-41e9-a09d-824b74aa0910\" data-message-model-slug=\"gpt-4o-mini\">\n<div class=\"flex w-full flex-col gap-1 empty:hidden first:pt-[3px]\">\n<div class=\"markdown prose w-full break-words dark:prose-invert light\">\n<p><strong>Davidoff Cool Water Eau de Toilette 125ml<\/strong> ist ein frischer und energetisierender Duft mit maritimen und holzigen Noten, perfekt f\u00fcr den dynamischen Mann. Elegant und langlebig, ideal f\u00fcr jeden Anlass.<\/p>\n<\/div>\n<\/div>\n<\/div>\n<\/div>\n<\/div>\n<\/div>\n","protected":false},"featured_media":7148,"comment_status":"open","ping_status":"closed","template":"","meta":[],"pwb-brand":[200],"product_brand":[],"product_cat":[144,84,86,4196],"product_tag":[148,952,254,953,1642],"class_list":{"0":"post-7156","1":"product","2":"type-product","3":"status-publish","4":"has-post-thumbnail","6":"pwb-brand-davidoff","7":"product_cat-bietet","8":"product_cat-duefte","9":"product_cat-fur-ihn-de","10":"product_cat-dufte-aktion","11":"product_tag-angebot","12":"product_tag-profumi-de","13":"product_tag-eau-de-parfum-de","14":"product_tag-uomo-de","15":"product_tag-mens-fragrances-de","17":"first","18":"instock","19":"sale","20":"taxable","21":"shipping-taxable","22":"purchasable","23":"product-type-simple"},"brands":[{"id":200,"name":"Davidoff","slug":"davidoff"}],"_links":{"self":[{"href":"https:\/\/www.freeshopfrontiera.ch\/de\/wp-json\/wp\/v2\/product\/7156","targetHints":{"allow":["GET"]}}],"collection":[{"href":"https:\/\/www.freeshopfrontiera.ch\/de\/wp-json\/wp\/v2\/product"}],"about":[{"href":"https:\/\/www.freeshopfrontiera.ch\/de\/wp-json\/wp\/v2\/types\/product"}],"replies":[{"embeddable":true,"href":"https:\/\/www.freeshopfrontiera.ch\/de\/wp-json\/wp\/v2\/comments?post=7156"}],"version-history":[{"count":2,"href":"https:\/\/www.freeshopfrontiera.ch\/de\/wp-json\/wp\/v2\/product\/7156\/revisions"}],"predecessor-version":[{"id":28199,"href":"https:\/\/www.freeshopfrontiera.ch\/de\/wp-json\/wp\/v2\/product\/7156\/revisions\/28199"}],"wp:featuredmedia":[{"embeddable":true,"href":"https:\/\/www.freeshopfrontiera.ch\/de\/wp-json\/wp\/v2\/media\/7148"}],"wp:attachment":[{"href":"https:\/\/www.freeshopfrontiera.ch\/de\/wp-json\/wp\/v2\/media?parent=7156"}],"wp:term":[{"taxonomy":"pwb-brand","embeddable":true,"href":"https:\/\/www.freeshopfrontiera.ch\/de\/wp-json\/wp\/v2\/pwb-brand?post=7156"},{"taxonomy":"product_brand","embeddable":true,"href":"https:\/\/www.freeshopfrontiera.ch\/de\/wp-json\/wp\/v2\/product_brand?post=7156"},{"taxonomy":"product_cat","embeddable":true,"href":"https:\/\/www.freeshopfrontiera.ch\/de\/wp-json\/wp\/v2\/product_cat?post=7156"},{"taxonomy":"product_tag","embeddable":true,"href":"https:\/\/www.freeshopfrontiera.ch\/de\/wp-json\/wp\/v2\/product_tag?post=7156"}],"curies":[{"name":"wp","href":"https:\/\/api.w.org\/{rel}","templated":true}]}}