{"id":7174,"date":"2024-11-08T12:08:18","date_gmt":"2024-11-08T12:08:18","guid":{"rendered":"https:\/\/freeshopswiss.alesca.org\/prodotto\/joop-jump\/"},"modified":"2025-04-25T08:48:57","modified_gmt":"2025-04-25T08:48:57","slug":"joop-jump","status":"publish","type":"product","link":"https:\/\/www.freeshopfrontiera.ch\/de\/shop\/joop-jump\/","title":{"rendered":"JOOP! Jump"},"content":{"rendered":"<div class=\"flex max-w-full flex-col flex-grow\">\n<div class=\"min-h-8 text-message flex w-full flex-col items-end gap-2 whitespace-normal break-words [.text-message+&amp;]:mt-5\" dir=\"auto\" data-message-author-role=\"assistant\" data-message-id=\"f68e34aa-c3c8-45ac-b48d-d0571dd7588b\" data-message-model-slug=\"gpt-4o-mini\">\n<div class=\"flex w-full flex-col gap-1 empty:hidden first:pt-[3px]\">\n<div class=\"markdown prose w-full break-words dark:prose-invert light\">\n<p><strong>JOOP! Jump Eau de Toilette 100ml: Energie und Frische in einem einzigartigen Duft <\/strong><\/p>\n<p><strong>JOOP! Jump Eau de Toilette 100ml <\/strong> Es ist ein k\u00fchner und dynamischer Duft, der f\u00fcr den modernen Mann entworfen wurde und voller Energie ist. Gestartet im Jahr 2005, <strong>JOOP! Jump <\/strong> Er hat sich schnell zu einem der beliebtesten D\u00fcfte entwickelt, da er Frische, Vitalit\u00e4t und Sinnlichkeit miteinander verbindet. Mit seiner einzigartigen Zusammensetzung ist dieses Eau de Toilette perfekt f\u00fcr alle, die einen energetisierenden und dennoch raffinierten Duft suchen, der sich ideal f\u00fcr den t\u00e4glichen Gebrauch und f\u00fcr jede Art von Anlass eignet. Der Duft von<\/p>\n<p><strong>JOOP! Springen <\/strong> Er er\u00f6ffnet mit einer lebendigen Kombination von Zitrusnoten, darunter Grapefruit und Rosmarin, die ein unmittelbares Gef\u00fchl von Frische und Vitalit\u00e4t erzeugen. Das Herz des Duftes wird durch eine Mischung aus Koriander und Geranie bereichert, die eine aromatische und w\u00fcrzige Note verleihen und dem Parf\u00fcm eine raffinierte und maskuline Dimension verleihen. Die Basis zeichnet sich durch Noten von Moschus, Zedernholz und Tonka aus, die dem Parf\u00fcm eine warme und umh\u00fcllende Persistenz verleihen, ideal f\u00fcr diejenigen, die D\u00fcfte lieben, die lange halten. Die <strong>100ml<\/strong> Flasche<\/p>\n<p><strong>JOOP! Jump <\/strong> Es hat ein modernes und attraktives Design mit einer eleganten und linearen Form, die die Frische und Energie des Duftes selbst widerspiegelt. Der Verdampfer erm\u00f6glicht eine gleichm\u00e4\u00dfige Verteilung des Duftes, so dass er zu jeder Tageszeit problemlos angewendet werden kann. Perfekt f\u00fcr jede Jahreszeit und besonders f\u00fcr Fr\u00fchling und Sommer,<\/p>\n<p><strong>JOOP! Jump <\/strong> Es ist ideal f\u00fcr den Mann, der einen frischen, aber gleichzeitig raffinierten Duft sucht, perfekt f\u00fcr das B\u00fcro, die Freizeit oder einen ungezwungenen Abend mit Freunden. Wenn Sie auf der Suche nach einem Parf\u00fcm sind, das Frische, Energie und eine lange Haltbarkeit vereint,<\/p>\n<p><strong>JOOP! Jump <\/strong>Es ist die perfekte Wahl. <strong>Kaufen Sie jetzt<\/strong> f\u00fcr CHF 29.90 und entdecken Sie, warum dieser Duft zu einem Symbol f\u00fcr Vitalit\u00e4t und Stil geworden ist. Verfolgen Sie alle unsere Neuigkeiten!<\/p>\n<p><a href=\"https:\/\/www.instagram.com\/freeshopswiss\/\" target=\"_blank\" rel=\"noopener\">@freeshopswiss<\/a><\/p>\n<\/div>\n<\/div>\n<\/div>\n<\/div>\n","protected":false},"excerpt":{"rendered":"<p><strong>JOOP! Jump Eau de Toilette 100ml <\/strong> Es ist ein frischer und lebendiger Duft mit Zitrusnoten, Rosmarin und Zedernholz. Perfekt f\u00fcr den energischen und dynamischen Mann, ideal f\u00fcr jeden Anlass.<\/p>\n","protected":false},"featured_media":7167,"comment_status":"open","ping_status":"closed","template":"","meta":[],"pwb-brand":[212],"product_brand":[],"product_cat":[144,84,86,98],"product_tag":[148,952,147,953,1642],"class_list":{"0":"post-7174","1":"product","2":"type-product","3":"status-publish","4":"has-post-thumbnail","6":"pwb-brand-joop","7":"product_cat-bietet","8":"product_cat-duefte","9":"product_cat-fur-ihn-de","10":"product_cat-hohepunkte","11":"product_tag-angebot","12":"product_tag-profumi-de","13":"product_tag-eau-de-toilette-de","14":"product_tag-uomo-de","15":"product_tag-mens-fragrances-de","17":"first","18":"instock","19":"sale","20":"taxable","21":"shipping-taxable","22":"purchasable","23":"product-type-simple"},"brands":[{"id":212,"name":"Joop!","slug":"joop"}],"_links":{"self":[{"href":"https:\/\/www.freeshopfrontiera.ch\/de\/wp-json\/wp\/v2\/product\/7174","targetHints":{"allow":["GET"]}}],"collection":[{"href":"https:\/\/www.freeshopfrontiera.ch\/de\/wp-json\/wp\/v2\/product"}],"about":[{"href":"https:\/\/www.freeshopfrontiera.ch\/de\/wp-json\/wp\/v2\/types\/product"}],"replies":[{"embeddable":true,"href":"https:\/\/www.freeshopfrontiera.ch\/de\/wp-json\/wp\/v2\/comments?post=7174"}],"version-history":[{"count":1,"href":"https:\/\/www.freeshopfrontiera.ch\/de\/wp-json\/wp\/v2\/product\/7174\/revisions"}],"predecessor-version":[{"id":28200,"href":"https:\/\/www.freeshopfrontiera.ch\/de\/wp-json\/wp\/v2\/product\/7174\/revisions\/28200"}],"wp:featuredmedia":[{"embeddable":true,"href":"https:\/\/www.freeshopfrontiera.ch\/de\/wp-json\/wp\/v2\/media\/7167"}],"wp:attachment":[{"href":"https:\/\/www.freeshopfrontiera.ch\/de\/wp-json\/wp\/v2\/media?parent=7174"}],"wp:term":[{"taxonomy":"pwb-brand","embeddable":true,"href":"https:\/\/www.freeshopfrontiera.ch\/de\/wp-json\/wp\/v2\/pwb-brand?post=7174"},{"taxonomy":"product_brand","embeddable":true,"href":"https:\/\/www.freeshopfrontiera.ch\/de\/wp-json\/wp\/v2\/product_brand?post=7174"},{"taxonomy":"product_cat","embeddable":true,"href":"https:\/\/www.freeshopfrontiera.ch\/de\/wp-json\/wp\/v2\/product_cat?post=7174"},{"taxonomy":"product_tag","embeddable":true,"href":"https:\/\/www.freeshopfrontiera.ch\/de\/wp-json\/wp\/v2\/product_tag?post=7174"}],"curies":[{"name":"wp","href":"https:\/\/api.w.org\/{rel}","templated":true}]}}