{"id":7375,"date":"2024-11-11T11:53:38","date_gmt":"2024-11-11T11:53:38","guid":{"rendered":"https:\/\/freeshopswiss.alesca.org\/shop\/chloe-nomade\/"},"modified":"2026-02-13T10:25:06","modified_gmt":"2026-02-13T10:25:06","slug":"chloe-nomade","status":"publish","type":"product","link":"https:\/\/www.freeshopfrontiera.ch\/de\/shop\/chloe-nomade\/","title":{"rendered":"CHLOE Nomade"},"content":{"rendered":"<p data-start=\"2510\" data-end=\"3005\"><strong>CHLO\u00c9 Nomade Eau de Parfum ist ein eleganter und abenteuerlicher Damenduft, der f\u00fcr die moderne Frau konzipiert wurde, die die Welt erkunden m\u00f6chte, ohne auf Eleganz zu verzichten.<\/strong> Er er\u00f6ffnet mit frischen und fruchtigen Noten von Mirabellenpflaume, die sofort mit ihrer lebendigen und leuchtenden S\u00fc\u00dfe begeistern. Das Herz offenbart einen zarten, aber entschlossenen Blumenbouquet, in dem Freesie eine leichte, feminine Note hinzuf\u00fcgt und die Haut in nat\u00fcrliche und raffinierte Eleganz h\u00fcllt.<\/p>\n<p data-start=\"3007\" data-end=\"3363\">Die Basis ist warm und sinnlich mit Noten von Moos und Eiche, die Tiefe und langanhaltenden Duft verleihen und eine anhaltende, anspruchsvolle Spur hinterlassen. Diese harmonische Mischung aus Frische, floraler Bl\u00fcte und Sinnlichkeit macht Nomade ideal f\u00fcr vielseitige Anl\u00e4sse \u2013 tags\u00fcber wie abends, f\u00fcr ungezwungene Momente oder besondere Gelegenheiten.<\/p>\n<p data-start=\"3365\" data-end=\"3716\">Der Flakon spiegelt den freien und zeitgem\u00e4\u00dfen Geist des Duftes wider: elegant, minimalistisch und ikonisch im Design, ein Symbol f\u00fcr moderne und unabh\u00e4ngige Weiblichkeit. CHLO\u00c9 Nomade Eau de Parfum ist mehr als ein Duft \u2013 es ist eine Einladung, mutig und neugierig zu leben und die Freiheit zu feiern, man selbst zu sein, wo auch immer man hingeht.<\/p>\n<p><a href=\"https:\/\/www.instagram.com\/freeshopswiss\/\" target=\"_blank\" rel=\"noopener\">@freeshopswiss<\/a><\/p>\n","protected":false},"excerpt":{"rendered":"<div class=\"flex-shrink-0 flex flex-col relative items-end\">\n<div class=\"pt-0\">\n<div class=\"gizmo-bot-avatar flex h-8 w-8 items-center justify-center overflow-hidden rounded-full\">\n<div class=\"relative p-1 rounded-sm flex items-center justify-center bg-token-main-surface-primary text-token-text-primary h-8 w-8\">CHLO\u00c9 Nomade Eau de Parfum ist ein eleganter und abenteuerlicher Damenduft, der f\u00fcr die moderne Frau konzipiert wurde, die die Welt erkunden m\u00f6chte, ohne auf Eleganz zu verzichten.<\/div>\n<\/div>\n<\/div>\n<\/div>\n","protected":false},"featured_media":7367,"comment_status":"open","ping_status":"closed","template":"","meta":[],"pwb-brand":[239],"product_brand":[],"product_cat":[84,111,98,4196],"product_tag":[790,952,254,293,4368,5051],"class_list":{"0":"post-7375","1":"product","2":"type-product","3":"status-publish","4":"has-post-thumbnail","6":"pwb-brand-chloe","7":"product_cat-duefte","8":"product_cat-fur-sie-de","9":"product_cat-hohepunkte","10":"product_cat-dufte-aktion","11":"product_tag-womens-fragrances-de","12":"product_tag-profumi-de","13":"product_tag-eau-de-parfum-de","14":"product_tag-frau","15":"product_tag-fruehlingsspecial","16":"product_tag-muttertag","18":"first","19":"instock","20":"sale","21":"taxable","22":"shipping-taxable","23":"purchasable","24":"product-type-simple"},"brands":[{"id":239,"name":"Chloe","slug":"chloe"}],"_links":{"self":[{"href":"https:\/\/www.freeshopfrontiera.ch\/de\/wp-json\/wp\/v2\/product\/7375","targetHints":{"allow":["GET"]}}],"collection":[{"href":"https:\/\/www.freeshopfrontiera.ch\/de\/wp-json\/wp\/v2\/product"}],"about":[{"href":"https:\/\/www.freeshopfrontiera.ch\/de\/wp-json\/wp\/v2\/types\/product"}],"replies":[{"embeddable":true,"href":"https:\/\/www.freeshopfrontiera.ch\/de\/wp-json\/wp\/v2\/comments?post=7375"}],"version-history":[{"count":3,"href":"https:\/\/www.freeshopfrontiera.ch\/de\/wp-json\/wp\/v2\/product\/7375\/revisions"}],"predecessor-version":[{"id":39858,"href":"https:\/\/www.freeshopfrontiera.ch\/de\/wp-json\/wp\/v2\/product\/7375\/revisions\/39858"}],"wp:featuredmedia":[{"embeddable":true,"href":"https:\/\/www.freeshopfrontiera.ch\/de\/wp-json\/wp\/v2\/media\/7367"}],"wp:attachment":[{"href":"https:\/\/www.freeshopfrontiera.ch\/de\/wp-json\/wp\/v2\/media?parent=7375"}],"wp:term":[{"taxonomy":"pwb-brand","embeddable":true,"href":"https:\/\/www.freeshopfrontiera.ch\/de\/wp-json\/wp\/v2\/pwb-brand?post=7375"},{"taxonomy":"product_brand","embeddable":true,"href":"https:\/\/www.freeshopfrontiera.ch\/de\/wp-json\/wp\/v2\/product_brand?post=7375"},{"taxonomy":"product_cat","embeddable":true,"href":"https:\/\/www.freeshopfrontiera.ch\/de\/wp-json\/wp\/v2\/product_cat?post=7375"},{"taxonomy":"product_tag","embeddable":true,"href":"https:\/\/www.freeshopfrontiera.ch\/de\/wp-json\/wp\/v2\/product_tag?post=7375"}],"curies":[{"name":"wp","href":"https:\/\/api.w.org\/{rel}","templated":true}]}}