{"id":7415,"date":"2024-11-11T13:52:41","date_gmt":"2024-11-11T13:52:41","guid":{"rendered":"https:\/\/freeshopswiss.alesca.org\/shop\/emporio-armani-stronger-with-you\/"},"modified":"2025-07-29T10:50:21","modified_gmt":"2025-07-29T10:50:21","slug":"emporio-armani-stronger-with-you","status":"publish","type":"product","link":"https:\/\/www.freeshopfrontiera.ch\/de\/shop\/emporio-armani-stronger-with-you\/","title":{"rendered":"EMPORIO ARMANI Stronger With You"},"content":{"rendered":"<p><strong>EMPORIO ARMANI Stronger With You: ein mutiger und einzigartiger Duft<\/strong><\/p>\n<p><strong>EMPORIO ARMANI Stronger With You Eau de Toilette 100ml<\/strong> ist ein raffinierter, kr\u00e4ftiger und unwiderstehlicher maskuliner Duft, der f\u00fcr den Mann entwickelt wurde, der es liebt, sich durch Eleganz und Charisma abzuheben. Die HE-Version dieses ikonischen Duftes ist eine frische und dynamische Neuinterpretation, die St\u00e4rke und Leidenschaft auf authentische und entscheidende Weise zum Ausdruck bringt. Perfekt f\u00fcr jeden Anlass, <strong>ist Stronger With You<\/strong> ideal f\u00fcr den modernen Mann, der einen Duft sucht, der Frische und Intensit\u00e4t vereint. Die Komposition von <strong>Stronger With You<\/strong> er\u00f6ffnet mit Zitrusnoten von <strong>Bergamotte<\/strong> und <strong>Grapefruit<\/strong> und bietet einen knackigen und frischen Start, der ein Gef\u00fchl von Energie und Vitalit\u00e4t erzeugt. Im Herzen des Duftes offenbart sich eine Verschmelzung von <strong>Lavendel<\/strong> und <strong>Kardamom<\/strong>, die eine aromatische und w\u00fcrzige Note verleihen, die perfekt mit der anf\u00e4nglichen Frische ausbalanciert ist. Die Basisnoten, die sich durch eine sinnliche Mischung aus <strong>Moschus<\/strong>, <strong>Zedernholz<\/strong> und <strong>Amber<\/strong> auszeichnen, verleihen eine umh\u00fcllende und anhaltende Spur, die einen unausl\u00f6schlichen Eindruck hinterl\u00e4sst. Die 100-ml-Flasche ist schlank und modern, mit einem minimalistischen Design, das die starke und raffinierte Pers\u00f6nlichkeit des Tr\u00e4gers widerspiegelt. Der Vaporizer erm\u00f6glicht eine pr\u00e4zise und komfortable Anwendung, ideal f\u00fcr diejenigen, die einen Duft lieben, der den ganzen Tag begleitet, ohne jemals aufdringlich zu sein. <strong>EA Stronger With You<\/strong> ist perfekt f\u00fcr den Mann, der ein vielseitiges und kraftvolles Parf\u00fcm sucht, das sowohl tags\u00fcber als auch abends getragen werden kann. Seine Frische, kombiniert mit einer sinnlichen und holzigen Basis, macht ihn ideal f\u00fcr jede Jahreszeit, besonders f\u00fcr Fr\u00fchling und Sommer. \u00a0Verfolgen Sie alle unsere Neuigkeiten!<\/p>\n<p><a href=\"https:\/\/www.instagram.com\/freeshopswiss\/\" target=\"_blank\" rel=\"noopener\">@freeshopswiss<\/a><\/p>\n","protected":false},"excerpt":{"rendered":"<div class=\"flex-shrink-0 flex flex-col relative items-end\">\n<div>\n<div class=\"pt-0\">\n<div class=\"gizmo-bot-avatar flex h-8 w-8 items-center justify-center overflow-hidden rounded-full\">\n<div class=\"relative p-1 rounded-sm flex items-center justify-center bg-token-main-surface-primary text-token-text-primary h-8 w-8\"><\/div>\n<\/div>\n<\/div>\n<\/div>\n<\/div>\n<div class=\"group\/conversation-turn relative flex w-full min-w-0 flex-col agent-turn\">\n<div class=\"flex-col gap-1 md:gap-3\">\n<div class=\"flex max-w-full flex-col flex-grow\">\n<div class=\"min-h-8 text-message flex w-full flex-col items-end gap-2 whitespace-normal break-words [.text-message+&amp;]:mt-5\" dir=\"auto\" data-message-author-role=\"assistant\" data-message-id=\"8f76d15a-2b17-46c6-9681-0c45f5a0b933\" data-message-model-slug=\"gpt-4o-mini\">\n<div class=\"flex w-full flex-col gap-1 empty:hidden first:pt-[3px]\">\n<div class=\"markdown prose w-full break-words dark:prose-invert light\">\n<p>EMPORIO ARMANI Stronger With You Eau de Toilette 100ml ist ein frischer und raffinierter Duft mit Noten von Bergamotte, Lavendel, Kardamom und Zedernholz. Perfekt f\u00fcr den modernen und dynamischen Mann, hinterl\u00e4sst es eine elegante und ausdauernde Spur.<\/p>\n<\/div>\n<\/div>\n<\/div>\n<\/div>\n<\/div>\n<\/div>\n","protected":false},"featured_media":7409,"comment_status":"open","ping_status":"closed","template":"","meta":[],"pwb-brand":[256,263],"product_brand":[],"product_cat":[84,86,98],"product_tag":[952,147,953,1642],"class_list":{"0":"post-7415","1":"product","2":"type-product","3":"status-publish","4":"has-post-thumbnail","6":"pwb-brand-emporio-armani","7":"pwb-brand-giorgio-armani","8":"product_cat-duefte","9":"product_cat-fur-ihn-de","10":"product_cat-hohepunkte","11":"product_tag-profumi-de","12":"product_tag-eau-de-toilette-de","13":"product_tag-uomo-de","14":"product_tag-mens-fragrances-de","16":"first","17":"instock","18":"sale","19":"taxable","20":"shipping-taxable","21":"purchasable","22":"product-type-variable","23":"has-default-attributes"},"brands":[{"id":256,"name":"Emporio Armani","slug":"emporio-armani"},{"id":263,"name":"Giorgio Armani","slug":"giorgio-armani"}],"_links":{"self":[{"href":"https:\/\/www.freeshopfrontiera.ch\/de\/wp-json\/wp\/v2\/product\/7415","targetHints":{"allow":["GET"]}}],"collection":[{"href":"https:\/\/www.freeshopfrontiera.ch\/de\/wp-json\/wp\/v2\/product"}],"about":[{"href":"https:\/\/www.freeshopfrontiera.ch\/de\/wp-json\/wp\/v2\/types\/product"}],"replies":[{"embeddable":true,"href":"https:\/\/www.freeshopfrontiera.ch\/de\/wp-json\/wp\/v2\/comments?post=7415"}],"version-history":[{"count":2,"href":"https:\/\/www.freeshopfrontiera.ch\/de\/wp-json\/wp\/v2\/product\/7415\/revisions"}],"predecessor-version":[{"id":30493,"href":"https:\/\/www.freeshopfrontiera.ch\/de\/wp-json\/wp\/v2\/product\/7415\/revisions\/30493"}],"wp:featuredmedia":[{"embeddable":true,"href":"https:\/\/www.freeshopfrontiera.ch\/de\/wp-json\/wp\/v2\/media\/7409"}],"wp:attachment":[{"href":"https:\/\/www.freeshopfrontiera.ch\/de\/wp-json\/wp\/v2\/media?parent=7415"}],"wp:term":[{"taxonomy":"pwb-brand","embeddable":true,"href":"https:\/\/www.freeshopfrontiera.ch\/de\/wp-json\/wp\/v2\/pwb-brand?post=7415"},{"taxonomy":"product_brand","embeddable":true,"href":"https:\/\/www.freeshopfrontiera.ch\/de\/wp-json\/wp\/v2\/product_brand?post=7415"},{"taxonomy":"product_cat","embeddable":true,"href":"https:\/\/www.freeshopfrontiera.ch\/de\/wp-json\/wp\/v2\/product_cat?post=7415"},{"taxonomy":"product_tag","embeddable":true,"href":"https:\/\/www.freeshopfrontiera.ch\/de\/wp-json\/wp\/v2\/product_tag?post=7415"}],"curies":[{"name":"wp","href":"https:\/\/api.w.org\/{rel}","templated":true}]}}