{"id":7531,"date":"2024-11-12T08:49:04","date_gmt":"2024-11-12T08:49:04","guid":{"rendered":"https:\/\/freeshopswiss.alesca.org\/shop\/burberry-london-men\/"},"modified":"2025-05-30T16:28:37","modified_gmt":"2025-05-30T16:28:37","slug":"burberry-london-men","status":"publish","type":"product","link":"https:\/\/www.freeshopfrontiera.ch\/de\/shop\/burberry-london-men\/","title":{"rendered":"BURBERRY London Men"},"content":{"rendered":"<p><strong>BURBERRY London Men Eau de Toilette 50ml: Die Essenz maskuliner Raffinesse<\/strong><\/p>\n<p><strong>BURBERRY London Men<\/strong> ist der ideale Duft f\u00fcr den anspruchsvollen, eleganten und dynamischen Mann. Dieses Parf\u00fcm, das vom ber\u00fchmten Modehaus Burberry kreiert wurde, f\u00e4ngt die Essenz Londons ein, einer Stadt, die Tradition und Moderne verbindet, und verwandelt sie in einen umh\u00fcllenden Duft voller Charakter. Dieses Parf\u00fcm ist perfekt f\u00fcr jeden Anlass und dr\u00fcckt den Charme eines Mannes aus, der es liebt, sich mit Diskretion und Klasse abzuheben. Die olfaktorische Komposition des <strong>BURBERRY London Men Eau de Toilette<\/strong> ist eine wahre Sinnesreise, die dank der Kombination von <strong>Zitrone<\/strong>, <strong>Lavendel<\/strong> und <strong>Zimt<\/strong> mit einer lebendigen und w\u00fcrzigen Frische beginnt. Diese Kopfnoten offenbaren eine energische und durchsetzungsf\u00e4hige Pers\u00f6nlichkeit, die sich mit einem reichen und tiefen Herzen aus <strong>Geranie<\/strong>, <strong>Jasmin<\/strong> und <strong>Tabak<\/strong> vermischt, die dem Duft eine warme und umh\u00fcllende Dimension verleihen. Die Basis des Parf\u00fcms zeichnet sich durch eine Mischung aus <strong>Moschus<\/strong>, <strong>Guajakholz<\/strong> und <strong>Tonkabohne<\/strong> aus, was dem Duft eine hervorragende Haltbarkeit und eine sinnliche, aber nicht aufdringliche Spur verleiht. Diese holzigen und weichen Akkorde machen <strong>BURBERRY London Men<\/strong> zu einem perfekten Duft f\u00fcr Herbst und Winter, eignen sich aber auch f\u00fcr k\u00fchlere Fr\u00fchlingsabende und vermitteln ein Gef\u00fchl von zeitloser Eleganz. Die <strong>50ml<\/strong> Flasche mit Vaporizer ist praktisch und raffiniert, ideal zum Mitnehmen unterwegs oder f\u00fcr den t\u00e4glichen Gebrauch. Der Duft eignet sich perfekt f\u00fcr den Mann, der ein klassisches, aber modernes Parf\u00fcm sucht, das in der Lage ist, eine unvergessliche Spur zu hinterlassen, ohne jemals zu aufdringlich zu sein. <strong>BURBERRY London Men Eau de Toilette 50ml<\/strong> ist das perfekte Parfum f\u00fcr alle, die eine raffinierte und raffinierte Interpretation von M\u00e4nnlichkeit suchen. Kaufen Sie jetzt ein und holen Sie sich einen Hauch von Burberry-Klasse und Frische. Verfolgen Sie alle unsere Neuigkeiten!<\/p>\n<p><a href=\"https:\/\/www.instagram.com\/freeshopswiss\/\" target=\"_blank\" rel=\"noopener\">@freeshopswiss<\/a><\/p>\n","protected":false},"excerpt":{"rendered":"<div class=\"flex max-w-full flex-col flex-grow\">\n<div class=\"min-h-8 text-message flex w-full flex-col items-end gap-2 whitespace-normal break-words [.text-message+&amp;]:mt-5\" dir=\"auto\" data-message-author-role=\"assistant\" data-message-id=\"d84dcdf6-6d13-4c7d-b57b-c05511ba9354\" data-message-model-slug=\"gpt-4o-mini\">\n<div class=\"flex w-full flex-col gap-1 empty:hidden first:pt-[3px]\">\n<div class=\"markdown prose w-full break-words dark:prose-invert light\">\n<p><strong>BURBERRY London Men Eau de Toilette 50ml<\/strong> ist ein raffinierter und umh\u00fcllender Duft mit frischen Noten von Zitrone und Lavendel, einem Herz aus Geranie und Tabak und einer holzigen Basis aus Moschus und Guajak. Perfekt f\u00fcr den eleganten und dynamischen Mann.<\/p>\n<\/div>\n<\/div>\n<\/div>\n<\/div>\n","protected":false},"featured_media":7523,"comment_status":"open","ping_status":"closed","template":"","meta":[],"pwb-brand":[261],"product_brand":[],"product_cat":[144,84,86,4196],"product_tag":[148,952,147,953,1642],"class_list":{"0":"post-7531","1":"product","2":"type-product","3":"status-publish","4":"has-post-thumbnail","6":"pwb-brand-burberry","7":"product_cat-bietet","8":"product_cat-duefte","9":"product_cat-fur-ihn-de","10":"product_cat-dufte-aktion","11":"product_tag-angebot","12":"product_tag-profumi-de","13":"product_tag-eau-de-toilette-de","14":"product_tag-uomo-de","15":"product_tag-mens-fragrances-de","17":"first","18":"instock","19":"sale","20":"taxable","21":"shipping-taxable","22":"purchasable","23":"product-type-variable","24":"has-default-attributes"},"brands":[{"id":261,"name":"Burberry","slug":"burberry"}],"_links":{"self":[{"href":"https:\/\/www.freeshopfrontiera.ch\/de\/wp-json\/wp\/v2\/product\/7531","targetHints":{"allow":["GET"]}}],"collection":[{"href":"https:\/\/www.freeshopfrontiera.ch\/de\/wp-json\/wp\/v2\/product"}],"about":[{"href":"https:\/\/www.freeshopfrontiera.ch\/de\/wp-json\/wp\/v2\/types\/product"}],"replies":[{"embeddable":true,"href":"https:\/\/www.freeshopfrontiera.ch\/de\/wp-json\/wp\/v2\/comments?post=7531"}],"version-history":[{"count":2,"href":"https:\/\/www.freeshopfrontiera.ch\/de\/wp-json\/wp\/v2\/product\/7531\/revisions"}],"predecessor-version":[{"id":30462,"href":"https:\/\/www.freeshopfrontiera.ch\/de\/wp-json\/wp\/v2\/product\/7531\/revisions\/30462"}],"wp:featuredmedia":[{"embeddable":true,"href":"https:\/\/www.freeshopfrontiera.ch\/de\/wp-json\/wp\/v2\/media\/7523"}],"wp:attachment":[{"href":"https:\/\/www.freeshopfrontiera.ch\/de\/wp-json\/wp\/v2\/media?parent=7531"}],"wp:term":[{"taxonomy":"pwb-brand","embeddable":true,"href":"https:\/\/www.freeshopfrontiera.ch\/de\/wp-json\/wp\/v2\/pwb-brand?post=7531"},{"taxonomy":"product_brand","embeddable":true,"href":"https:\/\/www.freeshopfrontiera.ch\/de\/wp-json\/wp\/v2\/product_brand?post=7531"},{"taxonomy":"product_cat","embeddable":true,"href":"https:\/\/www.freeshopfrontiera.ch\/de\/wp-json\/wp\/v2\/product_cat?post=7531"},{"taxonomy":"product_tag","embeddable":true,"href":"https:\/\/www.freeshopfrontiera.ch\/de\/wp-json\/wp\/v2\/product_tag?post=7531"}],"curies":[{"name":"wp","href":"https:\/\/api.w.org\/{rel}","templated":true}]}}