{"id":7585,"date":"2024-11-13T08:30:33","date_gmt":"2024-11-13T08:30:33","guid":{"rendered":"https:\/\/freeshopswiss.alesca.org\/shop\/acqua-di-gio-homme\/"},"modified":"2025-05-16T11:01:23","modified_gmt":"2025-05-16T11:01:23","slug":"acqua-di-gio-homme","status":"publish","type":"product","link":"https:\/\/www.freeshopfrontiera.ch\/de\/shop\/acqua-di-gio-homme\/","title":{"rendered":"Acqua di Gi\u00f2 Homme"},"content":{"rendered":"<p><strong>Acqua di Gi\u00f2 Homme: eine elegante und frische Essenz<\/strong><\/p>\n<p><strong>Giorgio Armani Acqua di Gi\u00f2 Homme Eau de Toilette 200ml<\/strong> ist ein ikonisches Parf\u00fcm, ein Symbol f\u00fcr zeitlose Eleganz und Frische. Dieses 1996 auf den Markt gebrachte Eau de Toilette repr\u00e4sentiert die Essenz maskuliner Perfektion, eine Begegnung zwischen der Intensit\u00e4t der Natur und urbaner Raffinesse. Mit seinem 200-ml-Flakon ist Acqua di Gi\u00f2 Homme perfekt f\u00fcr alle, die einen Duft suchen, der jeden Moment des Tages, von morgens bis abends, begleitet. Der Duft er\u00f6ffnet mit einer frischen Kombination von Zitrusnoten, darunter Zitrone und Bergamotte, die Energie und Vitalit\u00e4t verleihen. Das Herz der Komposition wird durch eine Mischung aus maritimen und blumigen Noten bereichert, wobei Jasmin und Rosmarin an die Meeresbrise und die Frische der Luft erinnern. Die Basisnoten mit Zedernholz, Moschus und Patchouli verleihen dem Acqua di Gi\u00f2 Uomo schlie\u00dflich eine sinnliche und anhaltende Tiefe, die Acqua di Gi\u00f2 Uomo ideal f\u00fcr jede Jahreszeit macht. Sein ausgewogener und umh\u00fcllender Duft ist nie aufdringlich, sondern f\u00fchlt sich stundenlang sanft an und hinterl\u00e4sst eine unwiderstehliche Spur. <strong>Acqua di Gi\u00f2 Homme<\/strong> ist die perfekte Wahl f\u00fcr den Mann, der es liebt, sich ohne \u00dcberma\u00df, aber mit einem Hauch von Klasse und Eleganz abzuheben. Dank seiner leichten und dennoch raffinierten Komposition passt sich dieses Parf\u00fcm jeder Art von Pers\u00f6nlichkeit an, egal ob Sie ein allt\u00e4gliches Parf\u00fcm oder eine Essenz f\u00fcr besondere Anl\u00e4sse suchen. Die lang anhaltende und diskrete, aber pr\u00e4sente Sillage machen dieses Parf\u00fcm zu einem Must-Have f\u00fcr den modernen Mann, der einen vielseitigen und raffinierten Duft sucht. Der elegante, schlichte und raffinierte Flakon spiegelt die Philosophie der Marke Giorgio Armani wider, in der Klasse und Qualit\u00e4t aufeinandertreffen. Acqua di Gi\u00f2 ist ein Synonym f\u00fcr Stil und Frische, aber auch f\u00fcr Nat\u00fcrlichkeit, eine Hommage an die Sch\u00f6nheit und Reinheit des Meeres. Perfekt f\u00fcr jeden Anlass, von einem Gesch\u00e4ftstreffen bis zu einem eleganten Abend, <strong>ist Acqua di Gi\u00f2 Homme Eau de Toilette 200ml<\/strong> ein Symbol f\u00fcr Stil und Frische, das mit seinem einzigartigen und unverwechselbaren Duft jeden erobern kann. Entdecken Sie den zeitlosen Charme dieses Herrenparf\u00fcmerie-Klassikers und machen Sie mit Giorgio Armani jeden Tag zu etwas Besonderem. Ob f\u00fcr Sie oder als Geschenk, Acqua di Gi\u00f2 ist immer eine gute Wahl. Verfolgen Sie alle unsere Neuigkeiten!<\/p>\n<p><a href=\"https:\/\/www.instagram.com\/freeshopswiss\/\" target=\"_blank\" rel=\"noopener\">@freeshopswiss<\/a><\/p>\n","protected":false},"excerpt":{"rendered":"<div class=\"flex max-w-full flex-col flex-grow\">\n<div class=\"min-h-8 text-message flex w-full flex-col items-end gap-2 whitespace-normal break-words [.text-message+&amp;]:mt-5\" dir=\"auto\" data-message-author-role=\"assistant\" data-message-id=\"16cc96e5-a954-485f-a451-31d3a6cf9ab0\" data-message-model-slug=\"gpt-4o-mini\">\n<div class=\"flex w-full flex-col gap-1 empty:hidden first:pt-[3px]\">\n<div class=\"markdown prose w-full break-words dark:prose-invert light\">\n<p>Acqua di Gi\u00f2 Homme Eau de Toilette 200ml ist ein frischer und raffinierter Duft, der Zitrus-, Meeres- und Holznoten zu einem eleganten und umh\u00fcllenden Duft kombiniert. Perfekt f\u00fcr den modernen Mann, passt es sich jedem Anlass an, mit einer langen Lebensdauer und einer diskreten Spur.<\/p>\n<\/div>\n<\/div>\n<\/div>\n<\/div>\n","protected":false},"featured_media":7577,"comment_status":"open","ping_status":"closed","template":"","meta":[],"pwb-brand":[263],"product_brand":[],"product_cat":[84,86],"product_tag":[952,147,4368,953,1642],"class_list":{"0":"post-7585","1":"product","2":"type-product","3":"status-publish","4":"has-post-thumbnail","6":"pwb-brand-giorgio-armani","7":"product_cat-duefte","8":"product_cat-fur-ihn-de","9":"product_tag-profumi-de","10":"product_tag-eau-de-toilette-de","11":"product_tag-fruehlingsspecial","12":"product_tag-uomo-de","13":"product_tag-mens-fragrances-de","15":"first","16":"instock","17":"sale","18":"taxable","19":"shipping-taxable","20":"purchasable","21":"product-type-variable"},"brands":[{"id":263,"name":"Giorgio Armani","slug":"giorgio-armani"}],"_links":{"self":[{"href":"https:\/\/www.freeshopfrontiera.ch\/de\/wp-json\/wp\/v2\/product\/7585","targetHints":{"allow":["GET"]}}],"collection":[{"href":"https:\/\/www.freeshopfrontiera.ch\/de\/wp-json\/wp\/v2\/product"}],"about":[{"href":"https:\/\/www.freeshopfrontiera.ch\/de\/wp-json\/wp\/v2\/types\/product"}],"replies":[{"embeddable":true,"href":"https:\/\/www.freeshopfrontiera.ch\/de\/wp-json\/wp\/v2\/comments?post=7585"}],"version-history":[{"count":1,"href":"https:\/\/www.freeshopfrontiera.ch\/de\/wp-json\/wp\/v2\/product\/7585\/revisions"}],"predecessor-version":[{"id":30449,"href":"https:\/\/www.freeshopfrontiera.ch\/de\/wp-json\/wp\/v2\/product\/7585\/revisions\/30449"}],"wp:featuredmedia":[{"embeddable":true,"href":"https:\/\/www.freeshopfrontiera.ch\/de\/wp-json\/wp\/v2\/media\/7577"}],"wp:attachment":[{"href":"https:\/\/www.freeshopfrontiera.ch\/de\/wp-json\/wp\/v2\/media?parent=7585"}],"wp:term":[{"taxonomy":"pwb-brand","embeddable":true,"href":"https:\/\/www.freeshopfrontiera.ch\/de\/wp-json\/wp\/v2\/pwb-brand?post=7585"},{"taxonomy":"product_brand","embeddable":true,"href":"https:\/\/www.freeshopfrontiera.ch\/de\/wp-json\/wp\/v2\/product_brand?post=7585"},{"taxonomy":"product_cat","embeddable":true,"href":"https:\/\/www.freeshopfrontiera.ch\/de\/wp-json\/wp\/v2\/product_cat?post=7585"},{"taxonomy":"product_tag","embeddable":true,"href":"https:\/\/www.freeshopfrontiera.ch\/de\/wp-json\/wp\/v2\/product_tag?post=7585"}],"curies":[{"name":"wp","href":"https:\/\/api.w.org\/{rel}","templated":true}]}}