{"id":7699,"date":"2024-11-13T11:05:01","date_gmt":"2024-11-13T11:05:01","guid":{"rendered":"https:\/\/freeshopswiss.alesca.org\/shop\/calvin-klein-obsession\/"},"modified":"2025-04-25T08:56:05","modified_gmt":"2025-04-25T08:56:05","slug":"calvin-klein-obsession","status":"publish","type":"product","link":"https:\/\/www.freeshopfrontiera.ch\/de\/shop\/calvin-klein-obsession\/","title":{"rendered":"CALVIN KLEIN Obsession"},"content":{"rendered":"<p><strong>CALVIN KLEIN Obsession for Men Eau de Toilette 125ml: ein intensiver und magnetischer Duft<\/strong><\/p>\n<p><strong>CALVIN KLEIN Obsession <\/strong>ist ein maskuliner Duft, der in jeder Note Begierde, Leidenschaft und Sinnlichkeit verk\u00f6rpert. <strong>Obsession for Men<\/strong> wurde 1986 auf den Markt gebracht und ist dank seiner einzigartigen Komposition und seines umh\u00fcllenden Charakters zu einer Ikone in der Welt der Herrenparf\u00fcmerie geworden. Mit dem 125-ml-Flakon ist dieses Eau de Toilette perfekt f\u00fcr den Mann, der einen anhaltenden Duft sucht, ideal f\u00fcr jeden Anlass, der eine unvergessliche Spur hinterl\u00e4sst. Die olfaktorische <strong>Komposition von Obsession for Men<\/strong> ist warm und sinnlich und zeichnet sich durch einen intensiven und w\u00fcrzigen Auftakt aus. Zu den Kopfnoten geh\u00f6ren Mandarine, Lavendel und Bergamotte, die eine frische und zitrusartige Einleitung bieten, gefolgt von einem w\u00fcrzigen Gef\u00fchl von Muskatnuss, Zimt und Pfeffer. Diese aromatischen Noten bilden eine faszinierende und raffinierte Basis, die sofort ins Auge f\u00e4llt. Im Herzen des Duftes entwickeln sich Noten exotischer Blumen wie Jasmin und Flor del Tiar\u00e9, die eine umh\u00fcllende Weichheit und raffinierte Eleganz verleihen. Ihre Zartheit harmoniert perfekt mit den Basisnoten, die reichhaltig und warm sind: Amber, Moschus, Vanille und Sandelholz, die eine anhaltende und sinnliche Spur auf der Haut hinterlassen und jede Begegnung unvergesslich machen. <strong>CALVIN KLEIN Obsession<\/strong> ist das perfekte Parfum f\u00fcr den Mann, der seine Leidenschaft, Entschlossenheit und seinen Charme auf einzigartige Weise ausdr\u00fccken m\u00f6chte. Seine Intensit\u00e4t macht ihn ideal f\u00fcr besondere Abende, aber auch f\u00fcr den t\u00e4glichen Gebrauch, wenn Sie ein Statement von Stil und St\u00e4rke abgeben m\u00f6chten. Der Duft schafft es, Frische, W\u00e4rme und Sinnlichkeit perfekt auszubalancieren und ist damit ein perfekter Verb\u00fcndeter f\u00fcr jeden Anlass. Der elegante und minimalistische Flakon von <strong>CALVIN KLEIN <\/strong> <strong>Obsession<\/strong> spiegelt die raffinierte und zeitlose Essenz des Duftes wider. Das schlichte, aber edle Design macht es zu einem perfekten Accessoire f\u00fcr den modernen Mann. Die robuste Form und die intensive Farbe des Flakons erinnern an die St\u00e4rke und den Charakter des Parf\u00fcms im Inneren. Kaufen Sie <strong>Obsession for Men <\/strong> und tauchen Sie ein in einen umh\u00fcllenden und magnetischen Duft, der die Aufmerksamkeit auf sich zieht und Spuren hinterl\u00e4sst. Perfekt f\u00fcr alle, die ein Parf\u00fcm suchen, das Leidenschaft und Intensit\u00e4t ausdr\u00fcckt, bleibt <strong>Obsession for Men<\/strong> nicht unbemerkt und hinterl\u00e4sst eine Spur, die im Ged\u00e4chtnis bleibt. Dieses Parfum repr\u00e4sentiert die St\u00e4rke, Entschlossenheit und Verf\u00fchrung eines Mannes, der keine Angst hat, sich als das zu zeigen, was er ist. Wenn Sie auf der Suche nach einem Duft sind, der Ihre k\u00fchne und charmante Pers\u00f6nlichkeit widerspiegelt, ist <strong>Obsession for Men<\/strong> die ideale Wahl. Verfolgen Sie alle unsere Neuigkeiten!<\/p>\n<p><a href=\"https:\/\/www.instagram.com\/freeshopswiss\/\" target=\"_blank\" rel=\"noopener\">@freeshopswiss<\/a><\/p>\n","protected":false},"excerpt":{"rendered":"<p><strong>CALVIN KLEIN Obsession for Men Eau de Toilette 125ml<\/strong> ist ein intensiver und sinnlicher Duft mit Noten von Mandarine, Lavendel, Muskatnuss, Amber und Sandelholz. Ideal f\u00fcr den selbstbewussten und charmanten Mann, hinterl\u00e4sst es eine umh\u00fcllende und lang anhaltende Spur.<\/p>\n","protected":false},"featured_media":7691,"comment_status":"open","ping_status":"closed","template":"","meta":[],"pwb-brand":[181],"product_brand":[],"product_cat":[84,86,98],"product_tag":[952,147,953,1642],"class_list":{"0":"post-7699","1":"product","2":"type-product","3":"status-publish","4":"has-post-thumbnail","6":"pwb-brand-calvin-klein","7":"product_cat-duefte","8":"product_cat-fur-ihn-de","9":"product_cat-hohepunkte","10":"product_tag-profumi-de","11":"product_tag-eau-de-toilette-de","12":"product_tag-uomo-de","13":"product_tag-mens-fragrances-de","15":"first","16":"outofstock","17":"sale","18":"taxable","19":"shipping-taxable","20":"purchasable","21":"product-type-simple"},"brands":[{"id":181,"name":"Calvin Klein","slug":"calvin-klein"}],"_links":{"self":[{"href":"https:\/\/www.freeshopfrontiera.ch\/de\/wp-json\/wp\/v2\/product\/7699","targetHints":{"allow":["GET"]}}],"collection":[{"href":"https:\/\/www.freeshopfrontiera.ch\/de\/wp-json\/wp\/v2\/product"}],"about":[{"href":"https:\/\/www.freeshopfrontiera.ch\/de\/wp-json\/wp\/v2\/types\/product"}],"replies":[{"embeddable":true,"href":"https:\/\/www.freeshopfrontiera.ch\/de\/wp-json\/wp\/v2\/comments?post=7699"}],"version-history":[{"count":1,"href":"https:\/\/www.freeshopfrontiera.ch\/de\/wp-json\/wp\/v2\/product\/7699\/revisions"}],"predecessor-version":[{"id":28212,"href":"https:\/\/www.freeshopfrontiera.ch\/de\/wp-json\/wp\/v2\/product\/7699\/revisions\/28212"}],"wp:featuredmedia":[{"embeddable":true,"href":"https:\/\/www.freeshopfrontiera.ch\/de\/wp-json\/wp\/v2\/media\/7691"}],"wp:attachment":[{"href":"https:\/\/www.freeshopfrontiera.ch\/de\/wp-json\/wp\/v2\/media?parent=7699"}],"wp:term":[{"taxonomy":"pwb-brand","embeddable":true,"href":"https:\/\/www.freeshopfrontiera.ch\/de\/wp-json\/wp\/v2\/pwb-brand?post=7699"},{"taxonomy":"product_brand","embeddable":true,"href":"https:\/\/www.freeshopfrontiera.ch\/de\/wp-json\/wp\/v2\/product_brand?post=7699"},{"taxonomy":"product_cat","embeddable":true,"href":"https:\/\/www.freeshopfrontiera.ch\/de\/wp-json\/wp\/v2\/product_cat?post=7699"},{"taxonomy":"product_tag","embeddable":true,"href":"https:\/\/www.freeshopfrontiera.ch\/de\/wp-json\/wp\/v2\/product_tag?post=7699"}],"curies":[{"name":"wp","href":"https:\/\/api.w.org\/{rel}","templated":true}]}}