{"id":7712,"date":"2024-11-13T11:51:36","date_gmt":"2024-11-13T11:51:36","guid":{"rendered":"https:\/\/freeshopswiss.alesca.org\/shop\/jil-sander-sun-men\/"},"modified":"2025-10-09T11:56:46","modified_gmt":"2025-10-09T11:56:46","slug":"jil-sander-sun-men","status":"publish","type":"product","link":"https:\/\/www.freeshopfrontiera.ch\/de\/shop\/jil-sander-sun-men\/","title":{"rendered":"JIL SANDER Sun Men"},"content":{"rendered":"<p><strong>JIL SANDER Sun Men Eau de Parfum 75ml: Ein frischer und sonniger Duft f\u00fcr den modernen Mann<\/strong><\/p>\n<p><strong>JIL SANDER Sun Men<\/strong> ist der ideale Duft f\u00fcr den Mann, der Sonne, Frische und Energie liebt. Sun Men wurde 1989 auf den Markt gebracht und ist eine der beliebtesten Kreationen des ber\u00fchmten deutschen Modehauses Jil <strong>Sander<\/strong> , das es verstanden hat, die Essenz eines perfekten Sommertages in diesem Eau de Parfum einzufangen. Mit dem 75-ml-Flakon ist dieser Duft ideal f\u00fcr alle, die einen frischen und dynamischen Duft suchen, perfekt f\u00fcr den Alltag, aber auch f\u00fcr Abende, an denen Sie einen eleganten und raffinierten Abdruck hinterlassen m\u00f6chten. Die olfaktorische <strong>Komposition von Sun Men<\/strong> zeichnet sich durch eine einzigartige Mischung aus Frische und W\u00e4rme aus. Die Kopfnote er\u00f6ffnet mit einer Explosion von Zitrusfr\u00fcchten dank Mandarine, Grapefruit und Minze, die sofortige Frische und Vitalit\u00e4t verleihen. Diese fruchtigen Noten werden durch ein w\u00fcrziges Herz aus Koriander, Lavendel und Zimt ausgeglichen, die einen Hauch von Intensit\u00e4t verleihen, ohne jemals aufdringlich zu sein. Die Basisnoten, zu denen Sandelholz, Amber und Moschus geh\u00f6ren, bilden eine warme und umh\u00fcllende Basis, die dem Duft eine anhaltende und sinnliche Spur verleiht. <strong>Sun Men Eau de Parfum 75ml<\/strong> ist perfekt f\u00fcr den Mann, der seine dynamische und sonnige Pers\u00f6nlichkeit zum Ausdruck bringen m\u00f6chte. Seine anf\u00e4ngliche Frische verschmilzt harmonisch mit der Tiefe der holzigen und w\u00fcrzigen Noten und schafft einen ausgewogenen Duft, der sich perfekt an jeden Anlass anpasst, sowohl Tag als auch Nacht. Dank seiner vielseitigen Zusammensetzung ist <strong>Sun Men<\/strong> ideal f\u00fcr Fr\u00fchling und Sommer, aber auch f\u00fcr den t\u00e4glichen Gebrauch das ganze Jahr \u00fcber geeignet. Perfekt f\u00fcr alle, die ein Parf\u00fcm suchen, das Leichtigkeit und Charakter vereint und somit zu jeder Tageszeit geeignet ist. Dieser Duft mit seiner zarten und dennoch anhaltenden Intensit\u00e4t ist auch ideal f\u00fcr diejenigen, die D\u00fcfte lieben, die ein Gef\u00fchl von Freiheit und Vitalit\u00e4t hervorrufen. Mit <strong>Jil Sander Sun Men<\/strong> wird jeder Tag zu einer Gelegenheit, sich energiegeladen und bereit zu f\u00fchlen, sich neuen Herausforderungen zu stellen, mit einer Spur der Frische, die Ihren Schritt begleitet. Die elegante und schlichte Flasche <strong>Jil Sander Sun Men<\/strong> spiegelt den minimalistischen Stil wider, der die Marke auszeichnet, mit klaren Linien und einem Design, das Frische und Modernit\u00e4t vermittelt. Die essentielle Form und das transparente Glas der Flasche erinnern an die Reinheit und Energie eines sonnigen Tages. Kaufen Sie<strong> Sun Men<\/strong>und lassen Sie sich von seiner sonnigen Eleganz erobern, perfekt f\u00fcr den Mann, der ein Parf\u00fcm sucht, das die Energie der Sonne und die Vitalit\u00e4t der Natur heraufbeschw\u00f6rt. Perfekt f\u00fcr alle, die einen Duft suchen, der nicht nur ihren Stil erg\u00e4nzt, sondern auch ein Gef\u00fchl von Positivit\u00e4t und Vitalit\u00e4t ausdr\u00fcckt, ist <strong>Sun Men<\/strong> eine ideale Wahl f\u00fcr jede Jahreszeit, egal ob es sich um einen Arbeitstag, einen Spaziergang im Park oder einen l\u00e4ssigen Abend handelt. Ein frisches, energiegeladenes und raffiniertes Parf\u00fcm, das zu einem wahren Symbol f\u00fcr Dynamik und Selbstvertrauen wird. Verfolgen Sie alle unsere Neuigkeiten!<\/p>\n<p><a href=\"https:\/\/www.instagram.com\/freeshopswiss\/\" target=\"_blank\" rel=\"noopener\">@freeshopswiss<\/a><\/p>\n","protected":false},"excerpt":{"rendered":"<p><strong>JIL SANDER Sun Men Eau de Parfum 75ml<\/strong> ist ein frischer und sonniger Duft mit Noten von Zitrusfr\u00fcchten, Lavendel und Sandelholz. Perfekt f\u00fcr den dynamischen Mann, ruft es zu jeder Tageszeit Energie und Vitalit\u00e4t hervor.<\/p>\n","protected":false},"featured_media":7704,"comment_status":"open","ping_status":"closed","template":"","meta":[],"pwb-brand":[267],"product_brand":[],"product_cat":[144,84,86],"product_tag":[952,254,953,1642],"class_list":{"0":"post-7712","1":"product","2":"type-product","3":"status-publish","4":"has-post-thumbnail","6":"pwb-brand-jil-sander","7":"product_cat-bietet","8":"product_cat-duefte","9":"product_cat-fur-ihn-de","10":"product_tag-profumi-de","11":"product_tag-eau-de-parfum-de","12":"product_tag-uomo-de","13":"product_tag-mens-fragrances-de","15":"first","16":"instock","17":"sale","18":"taxable","19":"shipping-taxable","20":"purchasable","21":"product-type-simple"},"brands":[{"id":267,"name":"Jil Sander","slug":"jil-sander"}],"_links":{"self":[{"href":"https:\/\/www.freeshopfrontiera.ch\/de\/wp-json\/wp\/v2\/product\/7712","targetHints":{"allow":["GET"]}}],"collection":[{"href":"https:\/\/www.freeshopfrontiera.ch\/de\/wp-json\/wp\/v2\/product"}],"about":[{"href":"https:\/\/www.freeshopfrontiera.ch\/de\/wp-json\/wp\/v2\/types\/product"}],"replies":[{"embeddable":true,"href":"https:\/\/www.freeshopfrontiera.ch\/de\/wp-json\/wp\/v2\/comments?post=7712"}],"version-history":[{"count":1,"href":"https:\/\/www.freeshopfrontiera.ch\/de\/wp-json\/wp\/v2\/product\/7712\/revisions"}],"predecessor-version":[{"id":28210,"href":"https:\/\/www.freeshopfrontiera.ch\/de\/wp-json\/wp\/v2\/product\/7712\/revisions\/28210"}],"wp:featuredmedia":[{"embeddable":true,"href":"https:\/\/www.freeshopfrontiera.ch\/de\/wp-json\/wp\/v2\/media\/7704"}],"wp:attachment":[{"href":"https:\/\/www.freeshopfrontiera.ch\/de\/wp-json\/wp\/v2\/media?parent=7712"}],"wp:term":[{"taxonomy":"pwb-brand","embeddable":true,"href":"https:\/\/www.freeshopfrontiera.ch\/de\/wp-json\/wp\/v2\/pwb-brand?post=7712"},{"taxonomy":"product_brand","embeddable":true,"href":"https:\/\/www.freeshopfrontiera.ch\/de\/wp-json\/wp\/v2\/product_brand?post=7712"},{"taxonomy":"product_cat","embeddable":true,"href":"https:\/\/www.freeshopfrontiera.ch\/de\/wp-json\/wp\/v2\/product_cat?post=7712"},{"taxonomy":"product_tag","embeddable":true,"href":"https:\/\/www.freeshopfrontiera.ch\/de\/wp-json\/wp\/v2\/product_tag?post=7712"}],"curies":[{"name":"wp","href":"https:\/\/api.w.org\/{rel}","templated":true}]}}