{"id":7729,"date":"2024-11-13T13:04:15","date_gmt":"2024-11-13T13:04:15","guid":{"rendered":"https:\/\/freeshopswiss.alesca.org\/shop\/jil-sander-sun-woman\/"},"modified":"2025-04-25T08:53:16","modified_gmt":"2025-04-25T08:53:16","slug":"jil-sander-sun-woman","status":"publish","type":"product","link":"https:\/\/www.freeshopfrontiera.ch\/de\/shop\/jil-sander-sun-woman\/","title":{"rendered":"JIL SANDER Sun Woman"},"content":{"rendered":"<p><strong>JIL SANDER Sun Woman Eau de Parfum 75ml: Der frische und sonnige Duft f\u00fcr die elegante Frau<\/strong><\/p>\n<p><strong>JIL SANDER Sun Woman <\/strong>ist ein raffinierter und sonniger Duft, der die Essenz von sommerlicher Frische und raffinierter Weiblichkeit verk\u00f6rpert. Sun Woman wurde 1989 auf den Markt gebracht und ist eine der ikonischen Kreationen von Jil <strong>Sander<\/strong> , die f\u00fcr eine elegante Frau entworfen wurde, aber gleichzeitig dynamisch und voller Energie ist. Der 75-ml-Flakon ist perfekt f\u00fcr alle, die einen vielseitigen Duft f\u00fcr jeden Tag suchen, der aber gleichzeitig bei jedem Anlass elegant und raffiniert bleibt. Seine Frische und Helligkeit machen ihn zum idealen Begleiter f\u00fcr die w\u00e4rmeren Jahreszeiten, aber seine olfaktorische Struktur macht ihn auch f\u00fcr k\u00fchle Fr\u00fchlings- und Herbstabende geeignet. Die olfaktorische <strong>Komposition von JIL SANDER Sun Woman<\/strong> ist eine Symphonie aus Frische und W\u00e4rme mit einem funkelnden Auftakt von Zitrusfr\u00fcchten. Die Kopfnoten werden von Zitrone, Mandel und Bergamotte dominiert, die ein sofortiges Gef\u00fchl von Frische und Ausstrahlung vermitteln, wie ein Sonnenstrahl, der die Haut erhellt. Im Mittelpunkt des Duftes bilden Tiar\u00e9-Bl\u00fcten, Jasmin und Tuberose eine zarte und doch umh\u00fcllende florale Kombination, die der Komposition eine sinnliche und feminine Dimension verleiht. Die Basisnoten mit wei\u00dfem Moschus, Amber und Sandelholz verleihen eine warme und umh\u00fcllende Basis, die lange auf der Haut verbleibt und eine weiche und anhaltende Spur hinterl\u00e4sst. <strong>JIL SANDER Sun Woman Eau de Parfum 75ml<\/strong> ist perfekt f\u00fcr die Frau, die es liebt, sich frisch, elegant und selbstbewusst zu f\u00fchlen. Seine anf\u00e4ngliche Frische, kombiniert mit der Sinnlichkeit der blumigen Noten und der warmen holzigen Basis, macht ihn ideal f\u00fcr Fr\u00fchling und Sommer, aber auch f\u00fcr jeden Anlass, der einen Hauch von Klasse und Raffinesse erfordert. Der Duft passt sich sowohl tags\u00fcber als auch abends leicht an und verleiht ein Gef\u00fchl der Ausstrahlung, das den ganzen Tag anh\u00e4lt. Jeder Spr\u00fchsto\u00df <strong>von Sun Woman<\/strong> ist wie eine Umarmung der Sonne, die die Haut sanft umh\u00fcllt und ein sofortiges Gef\u00fchl des Wohlbefindens vermittelt. Dieser Duft ist perfekt f\u00fcr alle, die einen Duft suchen, der Weiblichkeit ausdr\u00fcckt, ohne zu s\u00fc\u00df oder schwer zu sein. <strong>Jil Sander Sun Woman<\/strong> zeichnet sich durch seine Leichtigkeit und gleichzeitig durch seine F\u00e4higkeit aus, lange auf der Haut zu halten und eine Spur nat\u00fcrlicher Eleganz zu hinterlassen. Seine Vielseitigkeit macht ihn zu einer gro\u00dfartigen Wahl f\u00fcr die Arbeit, ein ungezwungenes Treffen mit Freunden oder einen besonderen Abend. Mit seiner Aura zeitloser Raffinesse eignet sich dieser Duft f\u00fcr jeden Frauentyp, von der romantischen bis zur dynamischsten. Die elegante und schlichte Flasche mit ihrem minimalistischen Design ist das perfekte Spiegelbild des klaren und raffinierten Stils der Marke Jil Sander. Das transparente Glas und die sonnige Farbe des Parf\u00fcms erinnern an die Essenz der Sommerfrische, w\u00e4hrend die kompakte Form es praktisch macht, es \u00fcberall hin mitzunehmen. Kaufen Sie <strong>Sun Woman Eau de Parfum<\/strong> und lassen Sie sich von einem Duft umh\u00fcllen, der in jedem Tropfen Sch\u00f6nheit, Weiblichkeit und Sonnenenergie zelebriert. Perfekt f\u00fcr alle, die einen leichten, aber unverwechselbaren Duft suchen, der beeindruckt, ohne jemals \u00fcbertrieben zu sein, ist <strong>Sun Woman der ideale Verb\u00fcndete<\/strong> f\u00fcr die moderne Frau, die es liebt, sich zu jeder Tageszeit selbstbewusst und strahlend zu f\u00fchlen. Verfolgen Sie alle unsere Neuigkeiten!<\/p>\n<p><a href=\"https:\/\/www.instagram.com\/freeshopswiss\/\" target=\"_blank\" rel=\"noopener\">@freeshopswiss<\/a><\/p>\n","protected":false},"excerpt":{"rendered":"<div class=\"flex-shrink-0 flex flex-col relative items-end\">\n<div>\n<div class=\"pt-0\">\n<div class=\"gizmo-bot-avatar flex h-8 w-8 items-center justify-center overflow-hidden rounded-full\">\n<div class=\"relative p-1 rounded-sm flex items-center justify-center bg-token-main-surface-primary text-token-text-primary h-8 w-8\"><\/div>\n<\/div>\n<\/div>\n<\/div>\n<\/div>\n<div class=\"group\/conversation-turn relative flex w-full min-w-0 flex-col agent-turn\">\n<div class=\"flex-col gap-1 md:gap-3\">\n<div class=\"flex max-w-full flex-col flex-grow\">\n<div class=\"min-h-8 text-message flex w-full flex-col items-end gap-2 whitespace-normal break-words [.text-message+&amp;]:mt-5\" dir=\"auto\" data-message-author-role=\"assistant\" data-message-id=\"05acb368-292b-46ee-8c1f-a1a10c36328e\" data-message-model-slug=\"gpt-4o-mini\">\n<div class=\"flex w-full flex-col gap-1 empty:hidden first:pt-[3px]\">\n<div class=\"markdown prose w-full break-words dark:prose-invert light\">\n<p><strong>JIL SANDER Sun Woman Eau de Parfum 75ml<\/strong> ist ein frischer und sonniger Duft mit Noten von Zitrusfr\u00fcchten, Tiares-Bl\u00fcten, Amber und Sandelholz. Ideal f\u00fcr die elegante und dynamische Frau, ergibt es einen raffinierten und lang anhaltenden Trail.<\/p>\n<\/div>\n<\/div>\n<\/div>\n<\/div>\n<\/div>\n<\/div>\n","protected":false},"featured_media":7721,"comment_status":"open","ping_status":"closed","template":"","meta":[],"pwb-brand":[267],"product_brand":[],"product_cat":[144,84,111],"product_tag":[790,952,254,293],"class_list":{"0":"post-7729","1":"product","2":"type-product","3":"status-publish","4":"has-post-thumbnail","6":"pwb-brand-jil-sander","7":"product_cat-bietet","8":"product_cat-duefte","9":"product_cat-fur-sie-de","10":"product_tag-womens-fragrances-de","11":"product_tag-profumi-de","12":"product_tag-eau-de-parfum-de","13":"product_tag-frau","15":"first","16":"instock","17":"sale","18":"taxable","19":"shipping-taxable","20":"purchasable","21":"product-type-simple"},"brands":[{"id":267,"name":"Jil Sander","slug":"jil-sander"}],"_links":{"self":[{"href":"https:\/\/www.freeshopfrontiera.ch\/de\/wp-json\/wp\/v2\/product\/7729","targetHints":{"allow":["GET"]}}],"collection":[{"href":"https:\/\/www.freeshopfrontiera.ch\/de\/wp-json\/wp\/v2\/product"}],"about":[{"href":"https:\/\/www.freeshopfrontiera.ch\/de\/wp-json\/wp\/v2\/types\/product"}],"replies":[{"embeddable":true,"href":"https:\/\/www.freeshopfrontiera.ch\/de\/wp-json\/wp\/v2\/comments?post=7729"}],"version-history":[{"count":1,"href":"https:\/\/www.freeshopfrontiera.ch\/de\/wp-json\/wp\/v2\/product\/7729\/revisions"}],"predecessor-version":[{"id":28207,"href":"https:\/\/www.freeshopfrontiera.ch\/de\/wp-json\/wp\/v2\/product\/7729\/revisions\/28207"}],"wp:featuredmedia":[{"embeddable":true,"href":"https:\/\/www.freeshopfrontiera.ch\/de\/wp-json\/wp\/v2\/media\/7721"}],"wp:attachment":[{"href":"https:\/\/www.freeshopfrontiera.ch\/de\/wp-json\/wp\/v2\/media?parent=7729"}],"wp:term":[{"taxonomy":"pwb-brand","embeddable":true,"href":"https:\/\/www.freeshopfrontiera.ch\/de\/wp-json\/wp\/v2\/pwb-brand?post=7729"},{"taxonomy":"product_brand","embeddable":true,"href":"https:\/\/www.freeshopfrontiera.ch\/de\/wp-json\/wp\/v2\/product_brand?post=7729"},{"taxonomy":"product_cat","embeddable":true,"href":"https:\/\/www.freeshopfrontiera.ch\/de\/wp-json\/wp\/v2\/product_cat?post=7729"},{"taxonomy":"product_tag","embeddable":true,"href":"https:\/\/www.freeshopfrontiera.ch\/de\/wp-json\/wp\/v2\/product_tag?post=7729"}],"curies":[{"name":"wp","href":"https:\/\/api.w.org\/{rel}","templated":true}]}}