{"id":7743,"date":"2024-11-13T14:18:10","date_gmt":"2024-11-13T14:18:10","guid":{"rendered":"https:\/\/freeshopswiss.alesca.org\/shop\/liu-jo-lovers-u\/"},"modified":"2025-05-19T07:18:33","modified_gmt":"2025-05-19T07:18:33","slug":"liu-jo-lovers-u","status":"publish","type":"product","link":"https:\/\/www.freeshopfrontiera.ch\/de\/shop\/liu-jo-lovers-u\/","title":{"rendered":"LIU JO Lovers U"},"content":{"rendered":"<p><strong>LIU JO Lovers For Him U Man Eau de Toilette Vapo 100ml: ein eleganter und umh\u00fcllender Duft f\u00fcr den modernen Mann<\/strong><\/p>\n<p><strong>LIU JO Lovers For Him U <\/strong> ist ein maskuliner Duft, der Raffinesse und Eleganz perfekt verk\u00f6rpert. Dieses Parf\u00fcm aus dem ber\u00fchmten Hause Liu Jo wurde f\u00fcr den dynamischen und selbstbewussten Mann entwickelt und bietet eine Kombination aus Frische und Sinnlichkeit, was es zum idealen Verb\u00fcndeten f\u00fcr jeden Anlass macht. Der 100-ml-Flakon ist perfekt f\u00fcr alle, die einen dauerhaften und vielseitigen Duft suchen, der sie den ganzen Tag \u00fcber begleitet, ohne aufdringlich zu sein, aber immer pr\u00e4sent. Die olfaktorische Komposition von <strong>Liu Jo Lovers For Him U Man<\/strong> zeichnet sich durch ihre zeitlose Eleganz aus. Die Kopfnoten bieten einen frischen Zitrusauftakt, dank Mandarine, Bergamotte und Grapefruit, die Energie und Vitalit\u00e4t verleihen. Diese prickelnden und frischen Noten rufen sofort ein Gef\u00fchl von Frische und Helligkeit hervor, ideal, um den Tag mit Energie zu beginnen. Im Herzen des Duftes vermischt sich das w\u00fcrzige Herz der Muskatnuss mit Lavendel und Geranie und schafft eine perfekte Balance zwischen Frische und W\u00e4rme. Der Kontrast zwischen blumig und w\u00fcrzig verleiht dem Duft eine einzigartige Tiefe, die ihn elegant und raffiniert macht. Die Basisnoten aus Sandelholz, Moschus und Amber schlie\u00dflich verleihen eine umh\u00fcllende und sinnliche Spur, die sich zart auf der Haut entwickelt und einen anhaltenden und raffinierten Eindruck hinterl\u00e4sst. Die holzige und warme Basis verleiht dem Parf\u00fcm eine Langlebigkeit, die es ideal f\u00fcr den ganzen Tag und perfekt f\u00fcr die speziellsten Abende macht, an denen Sie einen bleibenden Eindruck hinterlassen m\u00f6chten. <strong>LIU JO Lovers For Him U Man Eau de Toilette Vapo 100ml<\/strong> ist die perfekte Wahl f\u00fcr den Mann, der ein Parf\u00fcm sucht, das Raffinesse, Leidenschaft und Modernit\u00e4t ausdr\u00fcckt. Der Duft ist ideal sowohl f\u00fcr den t\u00e4glichen Gebrauch als auch f\u00fcr besondere Abende, da er sich an jede Tageszeit anpassen kann, ohne jemals aufdringlich zu sein. Es ist die perfekte Wahl f\u00fcr alle, die einen vielseitigen und raffinierten Duft suchen, der ihre starke und elegante Pers\u00f6nlichkeit widerspiegelt. Die schlanke und moderne Flasche mit klaren Linien und einem raffinierten Design spiegelt den unverwechselbaren Stil von Liu Jo perfekt wider. Die Originalit\u00e4t und Klasse des Designs der Flasche machen sie zu einem Sammlerst\u00fcck, das sich auch perfekt f\u00fcr das Badezimmer oder in einem Regal eignet. <strong>Lovers For Him U Man<\/strong> ist ein Parfum, das den Charme, die Energie und die Klasse eines Mannes verk\u00f6rpert, der wei\u00df, was er will. Mit seinem durchsetzungsf\u00e4higen Charakter und seiner Vielseitigkeit ist dieses Eau de Toilette ein Muss f\u00fcr jeden Mann, der eine unvergessliche Spur hinterlassen und gleichzeitig Eleganz und Entschlossenheit ausdr\u00fccken m\u00f6chte. Verfolgen Sie alle unsere Neuigkeiten!<\/p>\n<p><a href=\"https:\/\/www.instagram.com\/freeshopswiss\/\" target=\"_blank\" rel=\"noopener\">@freeshopswiss<\/a><\/p>\n","protected":false},"excerpt":{"rendered":"<p><strong>LIU JO Lovers For Him U Man Eau de Toilette 100ml<\/strong> ist ein eleganter und sinnlicher Duft mit Noten von Zitrusfr\u00fcchten, Lavendel, Muskatnuss und Sandelholz. Perfekt f\u00fcr den dynamischen und kultivierten Mann.<\/p>\n","protected":false},"featured_media":7734,"comment_status":"open","ping_status":"closed","template":"","meta":[],"pwb-brand":[266],"product_brand":[],"product_cat":[84,86],"product_tag":[952,147,953,1642],"class_list":{"0":"post-7743","1":"product","2":"type-product","3":"status-publish","4":"has-post-thumbnail","6":"pwb-brand-liu-jo","7":"product_cat-duefte","8":"product_cat-fur-ihn-de","9":"product_tag-profumi-de","10":"product_tag-eau-de-toilette-de","11":"product_tag-uomo-de","12":"product_tag-mens-fragrances-de","14":"first","15":"instock","16":"sale","17":"taxable","18":"shipping-taxable","19":"purchasable","20":"product-type-simple"},"brands":[{"id":266,"name":"Liu Jo","slug":"liu-jo"}],"_links":{"self":[{"href":"https:\/\/www.freeshopfrontiera.ch\/de\/wp-json\/wp\/v2\/product\/7743","targetHints":{"allow":["GET"]}}],"collection":[{"href":"https:\/\/www.freeshopfrontiera.ch\/de\/wp-json\/wp\/v2\/product"}],"about":[{"href":"https:\/\/www.freeshopfrontiera.ch\/de\/wp-json\/wp\/v2\/types\/product"}],"replies":[{"embeddable":true,"href":"https:\/\/www.freeshopfrontiera.ch\/de\/wp-json\/wp\/v2\/comments?post=7743"}],"version-history":[{"count":1,"href":"https:\/\/www.freeshopfrontiera.ch\/de\/wp-json\/wp\/v2\/product\/7743\/revisions"}],"predecessor-version":[{"id":30604,"href":"https:\/\/www.freeshopfrontiera.ch\/de\/wp-json\/wp\/v2\/product\/7743\/revisions\/30604"}],"wp:featuredmedia":[{"embeddable":true,"href":"https:\/\/www.freeshopfrontiera.ch\/de\/wp-json\/wp\/v2\/media\/7734"}],"wp:attachment":[{"href":"https:\/\/www.freeshopfrontiera.ch\/de\/wp-json\/wp\/v2\/media?parent=7743"}],"wp:term":[{"taxonomy":"pwb-brand","embeddable":true,"href":"https:\/\/www.freeshopfrontiera.ch\/de\/wp-json\/wp\/v2\/pwb-brand?post=7743"},{"taxonomy":"product_brand","embeddable":true,"href":"https:\/\/www.freeshopfrontiera.ch\/de\/wp-json\/wp\/v2\/product_brand?post=7743"},{"taxonomy":"product_cat","embeddable":true,"href":"https:\/\/www.freeshopfrontiera.ch\/de\/wp-json\/wp\/v2\/product_cat?post=7743"},{"taxonomy":"product_tag","embeddable":true,"href":"https:\/\/www.freeshopfrontiera.ch\/de\/wp-json\/wp\/v2\/product_tag?post=7743"}],"curies":[{"name":"wp","href":"https:\/\/api.w.org\/{rel}","templated":true}]}}